{"id":68787,"date":"2024-07-24T07:13:31","date_gmt":"2024-07-24T07:13:31","guid":{"rendered":"https:\/\/skinstudio.ee\/?post_type=product&#038;p=68787"},"modified":"2026-01-22T15:03:24","modified_gmt":"2026-01-22T15:03:24","slug":"ultra-a-perfecting-intense-booster","status":"publish","type":"product","link":"https:\/\/skinstudio.ee\/lv\/catalog\/ultraceuticals\/ultra-a-perfecting-intense-booster\/","title":{"rendered":"Ultra A Perfecting Intense Booster"},"content":{"rendered":"<p data-start=\"454\" data-end=\"741\">Ultra A Perfecting Intense Booster ir paredz\u0113ts tiem, kuri jau lieto retinolu un v\u0113las p\u0101riet uz sp\u0113c\u012bg\u0101ku koncentr\u0101ciju, lai ieg\u016btu intens\u012bv\u0101kus rezult\u0101tus. 0.6% retinola koncentr\u0101cija pal\u012bdz samazin\u0101t pigment\u0101ciju, izl\u012bdzin\u0101t \u0101das toni, mazin\u0101t nel\u012bdzenumus un uzlabot \u0101das elast\u012bbu.<\/p>\n<p data-start=\"743\" data-end=\"956\">Serums uzlabo \u0101das tekst\u016bru, normaliz\u0113 sebuma izdal\u012b\u0161anos, mazina iekaisuma elementus un nodro\u0161ina sp\u0113c\u012bgu aizsardz\u012bbu pret br\u012bvajiem radik\u0101\u013ciem. Regul\u0101ri lietojot, \u0101da k\u013c\u016bst t\u012br\u0101ka, glud\u0101ka un vizu\u0101li vesel\u012bg\u0101ka.<\/p>\n<p data-start=\"958\" data-end=\"1111\"><strong data-start=\"958\" data-end=\"976\">Kam piem\u0113rots:<\/strong> piem\u0113rots visiem \u0101das tipiem, \u012bpa\u0161i taukainai un kombin\u0113tai \u0101dai ar noslieci uz izsitumiem, nevienm\u0113r\u012bgu toni un pastiprin\u0101tu sp\u012bdumu.<\/p>\n<p data-start=\"1113\" data-end=\"1298\"><strong data-start=\"1113\" data-end=\"1137\">Akt\u012bv\u0101s sast\u0101vda\u013cas:<\/strong> retinols 0.6% \u2013 izl\u012bdzina un atjauno; provitam\u012bns C \u2013 pie\u0161\u0137ir mirdzumu; palmitoilt-tripept\u012bds-5 \u2013 uzlabo tvirtumu; bromela\u012bns \u2013 maigi eksfoli\u0113 un nomierina \u0101du.<\/p>\n<p data-start=\"1300\" data-end=\"1318\"><strong data-start=\"1300\" data-end=\"1318\">Tilpums: 30 ml<\/strong><\/p>\n","protected":false},"excerpt":{"rendered":"<p data-start=\"1752\" data-end=\"2110\"><span style=\"color: #ff0000;\"><strong data-start=\"1752\" data-end=\"1759\">NB!<\/strong> This product contains a high percentage of active ingredients. We recommend consulting our specialist before use. We are available for your calls at +372 58500171 from Monday to Friday 10:00\u201319:00, and on Saturday and Sunday 11:00\u201315:00. You can also leave your phone number at <a class=\"decorated-link cursor-pointer\" style=\"color: #ff0000;\" href=\"mailto:info@skinstudio.ee\" rel=\"noopener\" data-start=\"2038\" data-end=\"2056\">info@skinstudio.ee<\/a>, and our specialist will contact you within 24 hours.<\/span><\/p>\n<p data-start=\"2112\" data-end=\"2130\">A vitam\u012bna booster<\/p>\n<h2 data-start=\"2132\" data-end=\"2405\"><strong data-start=\"2132\" data-end=\"2196\">\u012apa\u0161\u012bbas ULTRACEUTICALS &#8211; Ultra A Perfecting Intense Booster<\/strong><\/h2>\n<p data-start=\"2132\" data-end=\"2405\">\u2714\ufe0f Izl\u012bdzina \u0101das tekst\u016bru un toni<br data-start=\"2233\" data-end=\"2236\" \/>\u2714\ufe0f Samazina pigment\u0101ciju un postaknes p\u0113das<br data-start=\"2279\" data-end=\"2282\" \/>\u2714\ufe0f Regul\u0113 sebuma izdal\u012b\u0161anos<br data-start=\"2310\" data-end=\"2313\" \/>\u2714\ufe0f Aizsarg\u0101 \u0101du no br\u012bvajiem radik\u0101\u013ciem<br data-start=\"2352\" data-end=\"2355\" \/>\u2714\ufe0f Mazina noveco\u0161an\u0101s paz\u012bmes un uzlabo elast\u012bbu<\/p>\n","protected":false},"featured_media":68789,"template":"","meta":[],"pwb-brand":[785],"product_brand":[],"product_cat":[727,723,747],"product_tag":[],"giftcard-category":[],"class_list":{"0":"post-68787","1":"product","2":"type-product","3":"status-publish","4":"has-post-thumbnail","6":"pwb-brand-ultraceuticals","7":"product_cat-a-vitamins-retinols","8":"product_cat-serumi","9":"product_cat-taukainai-adai","11":"first","12":"outofstock","13":"taxable","14":"shipping-taxable","15":"purchasable","16":"product-type-simple"},"acf":[],"brands":[{"id":785,"name":"Ultraceuticals","slug":"ultraceuticals"}],"_links":{"self":[{"href":"https:\/\/skinstudio.ee\/lv\/wp-json\/wp\/v2\/product\/68787","targetHints":{"allow":["GET"]}}],"collection":[{"href":"https:\/\/skinstudio.ee\/lv\/wp-json\/wp\/v2\/product"}],"about":[{"href":"https:\/\/skinstudio.ee\/lv\/wp-json\/wp\/v2\/types\/product"}],"version-history":[{"count":0,"href":"https:\/\/skinstudio.ee\/lv\/wp-json\/wp\/v2\/product\/68787\/revisions"}],"wp:featuredmedia":[{"embeddable":true,"href":"https:\/\/skinstudio.ee\/lv\/wp-json\/wp\/v2\/media\/68789"}],"wp:attachment":[{"href":"https:\/\/skinstudio.ee\/lv\/wp-json\/wp\/v2\/media?parent=68787"}],"wp:term":[{"taxonomy":"pwb-brand","embeddable":true,"href":"https:\/\/skinstudio.ee\/lv\/wp-json\/wp\/v2\/pwb-brand?post=68787"},{"taxonomy":"product_brand","embeddable":true,"href":"https:\/\/skinstudio.ee\/lv\/wp-json\/wp\/v2\/product_brand?post=68787"},{"taxonomy":"product_cat","embeddable":true,"href":"https:\/\/skinstudio.ee\/lv\/wp-json\/wp\/v2\/product_cat?post=68787"},{"taxonomy":"product_tag","embeddable":true,"href":"https:\/\/skinstudio.ee\/lv\/wp-json\/wp\/v2\/product_tag?post=68787"},{"taxonomy":"giftcard-category","embeddable":true,"href":"https:\/\/skinstudio.ee\/lv\/wp-json\/wp\/v2\/giftcard-category?post=68787"}],"curies":[{"name":"wp","href":"https:\/\/api.w.org\/{rel}","templated":true}]}}