{"id":68799,"date":"2024-07-23T11:26:15","date_gmt":"2024-07-23T11:26:15","guid":{"rendered":"https:\/\/skinstudio.ee\/?post_type=product&#038;p=68799"},"modified":"2026-01-22T15:03:24","modified_gmt":"2026-01-22T15:03:24","slug":"ultra-a-perfecting-serum","status":"publish","type":"product","link":"https:\/\/skinstudio.ee\/lv\/catalog\/ultraceuticals\/ultra-a-perfecting-serum\/","title":{"rendered":"Ultra A Perfecting Serum"},"content":{"rendered":"<p data-start=\"222\" data-end=\"557\">Ultra A Perfecting Serum ir uzlabota 0,4% retinola formula tiem, kuri jau pabeigu\u0161i pirmo A vitam\u012bna posmu Ultraceuticals kolekcij\u0101 un v\u0113las p\u0101riet uz augst\u0101ku efektivit\u0101tes l\u012bmeni. Serums darbojas dzi\u013ci, bet saudz\u012bgi \u2013 tas uzlabo \u0101das tekst\u016bru, samazina nepiln\u012bbas, veicina \u0161\u016bnu atjauno\u0161anos un padara \u0101du vizu\u0101li glud\u0101ku un svaig\u0101ku.<\/p>\n<p data-start=\"559\" data-end=\"765\">Formula apvieno retinolu ar nomierino\u0161\u0101m un aizsarg\u0101jo\u0161\u0101m sast\u0101vda\u013c\u0101m, pal\u012bdzot izl\u012bdzin\u0101t toni, uzlabot poru st\u0101vokli un stiprin\u0101t \u0101das elast\u012bbu. Regul\u0101ri lietojot, \u0101da k\u013c\u016bst t\u012br\u0101ka, vienm\u0113r\u012bg\u0101ka un kopta.<\/p>\n<p data-start=\"767\" data-end=\"1228\"><strong data-start=\"767\" data-end=\"785\">Kam piem\u0113rots:<\/strong> visiem \u0101das tipiem, tai skait\u0101 jut\u012bgai \u0101dai. Ide\u0101li piem\u0113rots tekst\u016bras uzlabo\u0161anai, nepiln\u012bbu mazin\u0101\u0161anai un pirmaj\u0101m noveco\u0161an\u0101s paz\u012bm\u0113m.<br data-start=\"925\" data-end=\"928\" \/><strong data-start=\"928\" data-end=\"952\">Akt\u012bv\u0101s sast\u0101vda\u013cas:<\/strong><br data-start=\"952\" data-end=\"955\" \/>\u2022 Retinols 0.4% \u2013 veicina \u0161\u016bnu atjauno\u0161anos un tekst\u016bras izl\u012bdzin\u0101\u0161anu.<br data-start=\"1026\" data-end=\"1029\" \/>\u2022 Bisabolols \u2013 nomierina un samazina jut\u012bbu.<br data-start=\"1073\" data-end=\"1076\" \/>\u2022 Glicer\u012bns \u2013 mitrina un stiprina \u0101das barjeru.<br data-start=\"1123\" data-end=\"1126\" \/>\u2022 Jojojbas e\u013c\u013ca \u2013 m\u012bkstina un uztur komfortu.<br data-start=\"1171\" data-end=\"1174\" \/>\u2022 Alfa-tokoferols \u2013 aizsarg\u0101 pret oksidat\u012bvo stresu.<\/p>\n<p data-start=\"1230\" data-end=\"1248\"><strong data-start=\"1230\" data-end=\"1242\">Tilpums:<\/strong> 30 ml<\/p>\n","protected":false},"excerpt":{"rendered":"<p data-start=\"1628\" data-end=\"1941\"><span style=\"color: #ff0000;\"><strong data-start=\"1628\" data-end=\"1635\">NB!<\/strong> \u0160is produkts satur augstu akt\u012bvo sast\u0101vda\u013cu koncentr\u0101ciju. Pirms lieto\u0161anas iesak\u0101m konsult\u0113ties ar m\u016bsu speci\u0101listu. Zvaniet mums +372 58500171 darba dien\u0101s 10:00\u201319:00 un br\u012bvdien\u0101s 11:00\u201315:00. Varat ar\u012b nos\u016bt\u012bt savu t\u0101lru\u0146a numuru uz <a class=\"decorated-link cursor-pointer\" style=\"color: #ff0000;\" href=\"mailto:info@skinstudio.ee\" rel=\"noopener\" data-start=\"1874\" data-end=\"1892\">info@skinstudio.ee<\/a>, un m\u016bsu speci\u0101lists sazin\u0101sies 24 stundu laik\u0101.<\/span><\/p>\n<p data-start=\"1943\" data-end=\"1960\">A vitam\u012bna serums<\/p>\n<h2 data-start=\"1962\" data-end=\"2217\"><strong data-start=\"1962\" data-end=\"2016\">\u012apa\u0161\u012bbas Ultraceuticals &#8211; Ultra A Perfecting Serum<\/strong><\/h2>\n<p data-start=\"1962\" data-end=\"2217\">\u2714\ufe0f Nodro\u0161ina sp\u0113c\u012bgu korekt\u012bvo efektu<br data-start=\"2056\" data-end=\"2059\" \/>\u2714\ufe0f Samazina pirm\u0101s noveco\u0161an\u0101s paz\u012bmes<br data-start=\"2097\" data-end=\"2100\" \/>\u2714\ufe0f Mazina nepiln\u012bbas un pigment\u0101ciju<br data-start=\"2136\" data-end=\"2139\" \/>\u2714\ufe0f Aizsarg\u0101 pret oksidat\u012bvo stresu<br data-start=\"2173\" data-end=\"2176\" \/>\u2714\ufe0f Veicina kolag\u0113na un elast\u012bna sint\u0113zi<\/p>\n","protected":false},"featured_media":65854,"template":"","meta":[],"pwb-brand":[785],"product_brand":[],"product_cat":[727,723],"product_tag":[],"giftcard-category":[],"class_list":{"0":"post-68799","1":"product","2":"type-product","3":"status-publish","4":"has-post-thumbnail","6":"pwb-brand-ultraceuticals","7":"product_cat-a-vitamins-retinols","8":"product_cat-serumi","10":"first","11":"instock","12":"taxable","13":"shipping-taxable","14":"purchasable","15":"product-type-simple"},"acf":[],"brands":[{"id":785,"name":"Ultraceuticals","slug":"ultraceuticals"}],"_links":{"self":[{"href":"https:\/\/skinstudio.ee\/lv\/wp-json\/wp\/v2\/product\/68799","targetHints":{"allow":["GET"]}}],"collection":[{"href":"https:\/\/skinstudio.ee\/lv\/wp-json\/wp\/v2\/product"}],"about":[{"href":"https:\/\/skinstudio.ee\/lv\/wp-json\/wp\/v2\/types\/product"}],"version-history":[{"count":0,"href":"https:\/\/skinstudio.ee\/lv\/wp-json\/wp\/v2\/product\/68799\/revisions"}],"wp:featuredmedia":[{"embeddable":true,"href":"https:\/\/skinstudio.ee\/lv\/wp-json\/wp\/v2\/media\/65854"}],"wp:attachment":[{"href":"https:\/\/skinstudio.ee\/lv\/wp-json\/wp\/v2\/media?parent=68799"}],"wp:term":[{"taxonomy":"pwb-brand","embeddable":true,"href":"https:\/\/skinstudio.ee\/lv\/wp-json\/wp\/v2\/pwb-brand?post=68799"},{"taxonomy":"product_brand","embeddable":true,"href":"https:\/\/skinstudio.ee\/lv\/wp-json\/wp\/v2\/product_brand?post=68799"},{"taxonomy":"product_cat","embeddable":true,"href":"https:\/\/skinstudio.ee\/lv\/wp-json\/wp\/v2\/product_cat?post=68799"},{"taxonomy":"product_tag","embeddable":true,"href":"https:\/\/skinstudio.ee\/lv\/wp-json\/wp\/v2\/product_tag?post=68799"},{"taxonomy":"giftcard-category","embeddable":true,"href":"https:\/\/skinstudio.ee\/lv\/wp-json\/wp\/v2\/giftcard-category?post=68799"}],"curies":[{"name":"wp","href":"https:\/\/api.w.org\/{rel}","templated":true}]}}