{"id":68809,"date":"2024-07-23T10:26:04","date_gmt":"2024-07-23T10:26:04","guid":{"rendered":"https:\/\/skinstudio.ee\/?post_type=product&#038;p=68809"},"modified":"2026-01-22T15:03:24","modified_gmt":"2026-01-22T15:03:24","slug":"ultra-a-perfecting-eye-cream","status":"publish","type":"product","link":"https:\/\/skinstudio.ee\/lv\/catalog\/ultraceuticals\/ultra-a-perfecting-eye-cream\/","title":{"rendered":"Ultra A Perfecting Eye Cream"},"content":{"rendered":"<p data-start=\"230\" data-end=\"506\">Ultra A Perfecting Eye Cream ir saudz\u012bgs, bet efekt\u012bvs acu kr\u0113ms ar nelielu retinola daudzumu, kas ir dro\u0161s jut\u012bgajai acu zonai un piem\u0113rots pat jut\u012bgai \u0101dai. Tas intens\u012bvi baro, mitrina un stiprina pl\u0101no \u0101du ap ac\u012bm, pal\u012bdzot atjaunot t\u0101s gludumu, elast\u012bbu un svaigu izskatu.<\/p>\n<p data-start=\"508\" data-end=\"699\">Kr\u0113ms ir lieliska izv\u0113le tiem, kuri s\u0101k paman\u012bt pirm\u0101s noveco\u0161an\u0101s paz\u012bmes. Tas izl\u012bdzina \u0101das toni, m\u012bkstina smalk\u0101s l\u012bnijas, atjauno \u0101das tekst\u016bru un pie\u0161\u0137ir skatienam mirdzumu un svaigumu.<\/p>\n<p data-start=\"701\" data-end=\"1062\"><strong data-start=\"701\" data-end=\"719\">Kam piem\u0113rots:<\/strong> visiem \u0101das tipiem, tai skait\u0101 jut\u012bgai \u0101dai.<br data-start=\"764\" data-end=\"767\" \/><strong data-start=\"767\" data-end=\"791\">Akt\u012bv\u0101s sast\u0101vda\u013cas:<\/strong><br data-start=\"791\" data-end=\"794\" \/>\u2022 Retinols \u2013 veicina \u0161\u016bnu atjauno\u0161anos un uzlabo tekst\u016bru.<br data-start=\"852\" data-end=\"855\" \/>\u2022 Heksapept\u012bds-8 \u2013 pal\u012bdz mazin\u0101t m\u012bmikas l\u012bnijas.<br data-start=\"905\" data-end=\"908\" \/>\u2022 Kofe\u012bns \u2013 mazina piet\u016bkumu un atsvaidzina zonu ap ac\u012bm.<br data-start=\"965\" data-end=\"968\" \/>\u2022 Bisabolols \u2013 nomierina un mazina jut\u012bbu.<br data-start=\"1010\" data-end=\"1013\" \/>\u2022 Tokoferols \u2013 aizsarg\u0101 pret oksidat\u012bvo stresu.<\/p>\n<p data-start=\"1064\" data-end=\"1082\"><strong data-start=\"1064\" data-end=\"1076\">Tilpums:<\/strong> 15 ml<\/p>\n","protected":false},"excerpt":{"rendered":"<p data-start=\"1502\" data-end=\"1799\"><span style=\"color: #ff0000;\"><strong data-start=\"1502\" data-end=\"1509\">NB!<\/strong> \u0160is produkts satur augstu akt\u012bvo sast\u0101vda\u013cu koncentr\u0101ciju. Pirms lieto\u0161anas iesak\u0101m konsult\u0113ties ar m\u016bsu speci\u0101listu. Zvaniet +372 58500171 darba dien\u0101s 10:00\u201319:00, br\u012bvdien\u0101s 11:00\u201315:00. Varat nos\u016bt\u012bt savu t\u0101lru\u0146a numuru uz <a class=\"decorated-link cursor-pointer\" style=\"color: #ff0000;\" href=\"mailto:info@skinstudio.ee\" rel=\"noopener\" data-start=\"1737\" data-end=\"1755\">info@skinstudio.ee<\/a>, un speci\u0101lists sazin\u0101sies 24 stundu laik\u0101.<\/span><\/p>\n<p data-start=\"1801\" data-end=\"1822\">Acu kr\u0113ms ar retinolu<\/p>\n<h2 data-start=\"1824\" data-end=\"2099\"><strong data-start=\"1824\" data-end=\"1882\">\u012apa\u0161\u012bbas Ultraceuticals &#8211; Ultra A Perfecting Eye Cream<\/strong><\/h2>\n<p data-start=\"1824\" data-end=\"2099\">\u2714\ufe0f Samazina ar vecumu saist\u012btas izmai\u0146as<br data-start=\"1925\" data-end=\"1928\" \/>\u2714\ufe0f Izgaismo un izl\u012bdzina toni zem ac\u012bm<br data-start=\"1966\" data-end=\"1969\" \/>\u2714\ufe0f Intens\u012bvi mitrina un atjauno \u0101du<br data-start=\"2004\" data-end=\"2007\" \/>\u2714\ufe0f Padara acu zonu stingr\u0101ku un iztur\u012bg\u0101ku<br data-start=\"2049\" data-end=\"2052\" \/>\u2714\ufe0f Veicina \u0161\u016bnu atjauno\u0161anos svaigam izskatam<\/p>\n","protected":false},"featured_media":65865,"template":"","meta":[],"pwb-brand":[785],"product_brand":[],"product_cat":[727,733,749],"product_tag":[],"giftcard-category":[],"class_list":{"0":"post-68809","1":"product","2":"type-product","3":"status-publish","4":"has-post-thumbnail","6":"pwb-brand-ultraceuticals","7":"product_cat-a-vitamins-retinols","8":"product_cat-ada-ap-acim","9":"product_cat-novecojosa-ada","11":"first","12":"instock","13":"taxable","14":"shipping-taxable","15":"purchasable","16":"product-type-simple"},"acf":[],"brands":[{"id":785,"name":"Ultraceuticals","slug":"ultraceuticals"}],"_links":{"self":[{"href":"https:\/\/skinstudio.ee\/lv\/wp-json\/wp\/v2\/product\/68809","targetHints":{"allow":["GET"]}}],"collection":[{"href":"https:\/\/skinstudio.ee\/lv\/wp-json\/wp\/v2\/product"}],"about":[{"href":"https:\/\/skinstudio.ee\/lv\/wp-json\/wp\/v2\/types\/product"}],"version-history":[{"count":0,"href":"https:\/\/skinstudio.ee\/lv\/wp-json\/wp\/v2\/product\/68809\/revisions"}],"wp:featuredmedia":[{"embeddable":true,"href":"https:\/\/skinstudio.ee\/lv\/wp-json\/wp\/v2\/media\/65865"}],"wp:attachment":[{"href":"https:\/\/skinstudio.ee\/lv\/wp-json\/wp\/v2\/media?parent=68809"}],"wp:term":[{"taxonomy":"pwb-brand","embeddable":true,"href":"https:\/\/skinstudio.ee\/lv\/wp-json\/wp\/v2\/pwb-brand?post=68809"},{"taxonomy":"product_brand","embeddable":true,"href":"https:\/\/skinstudio.ee\/lv\/wp-json\/wp\/v2\/product_brand?post=68809"},{"taxonomy":"product_cat","embeddable":true,"href":"https:\/\/skinstudio.ee\/lv\/wp-json\/wp\/v2\/product_cat?post=68809"},{"taxonomy":"product_tag","embeddable":true,"href":"https:\/\/skinstudio.ee\/lv\/wp-json\/wp\/v2\/product_tag?post=68809"},{"taxonomy":"giftcard-category","embeddable":true,"href":"https:\/\/skinstudio.ee\/lv\/wp-json\/wp\/v2\/giftcard-category?post=68809"}],"curies":[{"name":"wp","href":"https:\/\/api.w.org\/{rel}","templated":true}]}}