{"id":68822,"date":"2024-07-23T10:53:41","date_gmt":"2024-07-23T10:53:41","guid":{"rendered":"https:\/\/skinstudio.ee\/?post_type=product&#038;p=68822"},"modified":"2026-01-22T15:03:25","modified_gmt":"2026-01-22T15:03:25","slug":"ultra-dna3-complex-recovery-night-cream","status":"publish","type":"product","link":"https:\/\/skinstudio.ee\/lv\/catalog\/ultraceuticals\/ultra-dna3-complex-recovery-night-cream\/","title":{"rendered":"Ultra DNA3 Complex Recovery Night Cream"},"content":{"rendered":"<p data-start=\"446\" data-end=\"735\">Ultra DNA3 Complex Recovery Night Cream ir atjaunojo\u0161s nakts kr\u0113ms ar tr\u012bsk\u0101r\u0161o enz\u012bmu kompleksu DNA3, kas darbojas sinhroni ar dabisko \u0101das nakts atjauno\u0161an\u0101s ciklu. Tas uzlabo re\u0123ener\u0101ciju, paaugstina mitruma l\u012bmeni, padara \u0101du elast\u012bg\u0101ku un samazina smalk\u0101s l\u012bnijas un noguruma paz\u012bmes.<\/p>\n<p data-start=\"737\" data-end=\"943\">Bag\u0101t\u012bg\u0101, kr\u0113m\u012bg\u0101 tekst\u016bra izk\u016bst uz \u0101das un p\u0101rv\u0113r\u0161as seruma vieglum\u0101, \u0101tri uzs\u016bcoties un nodro\u0161inot ilgsto\u0161u komfortu. Regul\u0101ra lieto\u0161ana padara \u0101du glud\u0101ku, tvirt\u0101ku, mirdzo\u0161\u0101ku un vizu\u0101li atsvaidzin\u0101tu.<\/p>\n<p data-start=\"945\" data-end=\"1334\"><strong data-start=\"945\" data-end=\"963\">Kam piem\u0113rots:<\/strong> piem\u0113rots visiem \u0101das tipiem, ar\u012b jut\u012bgai \u0101dai.<br data-start=\"1011\" data-end=\"1014\" \/><strong data-start=\"1014\" data-end=\"1038\">Akt\u012bv\u0101s sast\u0101vda\u013cas:<\/strong><br data-start=\"1038\" data-end=\"1041\" \/>\u2022 Folijsk\u0101be &#8211; veicina \u0161\u016bnu atjauno\u0161anos un uzlabo \u0101das elast\u012bbu.<br data-start=\"1106\" data-end=\"1109\" \/>\u2022 Skval\u0101ns &#8211; atjauno lip\u012bdu barjeru un m\u012bkstina \u0101du.<br data-start=\"1161\" data-end=\"1164\" \/>\u2022 Avokado e\u013c\u013ca &#8211; baro un stiprina \u0101das aizsargfunkcijas.<br data-start=\"1220\" data-end=\"1223\" \/>\u2022 Glicer\u012bns &#8211; dzi\u013ci mitrina un pal\u012bdz saglab\u0101t mitrumu.<br data-start=\"1278\" data-end=\"1281\" \/>\u2022 Pantenols &#8211; nomierina \u0101du un atbalsta atjauno\u0161anos.<\/p>\n<p data-start=\"1336\" data-end=\"1354\"><strong data-start=\"1336\" data-end=\"1348\">Tilpums:<\/strong> 60 ml<\/p>\n","protected":false},"excerpt":{"rendered":"<p data-start=\"1480\" data-end=\"1782\"><span style=\"color: #ff0000;\"><strong data-start=\"1480\" data-end=\"1487\">NB!<\/strong> \u0160is produkts satur augstu akt\u012bvo sast\u0101vda\u013cu koncentr\u0101ciju. Pirms lieto\u0161anas iesak\u0101m konsult\u0113ties ar m\u016bsu speci\u0101listu. Zvaniet +372 58500171 darba dien\u0101s 10:00-19:00, br\u012bvdien\u0101s 11:00-15:00. Varat nos\u016bt\u012bt savu t\u0101lru\u0146a numuru uz <a class=\"decorated-link cursor-pointer\" style=\"color: #ff0000;\" href=\"mailto:info@skinstudio.ee\" rel=\"noopener\" data-start=\"1715\" data-end=\"1733\">info@skinstudio.ee<\/a>, un m\u016bsu speci\u0101lists sazin\u0101sies 24 stundu laik\u0101.<\/span><\/p>\n<p data-start=\"1784\" data-end=\"1807\">Atjaunojo\u0161s nakts kr\u0113ms<\/p>\n<h2 data-start=\"1809\" data-end=\"2094\"><strong data-start=\"1809\" data-end=\"1878\">\u012apa\u0161\u012bbas Ultraceuticals &#8211; Ultra DNA3 Complex Recovery Night Cream<\/strong><\/h2>\n<p data-start=\"1809\" data-end=\"2094\">\u2714\ufe0f Uzlabo \u0101das tekst\u016bru un tvirtumu<br data-start=\"1916\" data-end=\"1919\" \/>\u2714\ufe0f Samazina smalk\u0101s l\u012bnijas un grumbi\u0146as<br data-start=\"1959\" data-end=\"1962\" \/>\u2714\ufe0f Nodro\u0161ina dzi\u013cu mitrin\u0101\u0161anu un baro\u0161anu<br data-start=\"2004\" data-end=\"2007\" \/>\u2714\ufe0f Aizsarg\u0101 \u0101du no apk\u0101rt\u0113j\u0101s vides stresa<br data-start=\"2049\" data-end=\"2052\" \/>\u2714\ufe0f Veicina \u0101das atjauno\u0161anos nakts laik\u0101<\/p>\n","protected":false},"featured_media":68823,"template":"","meta":[],"pwb-brand":[785],"product_brand":[],"product_cat":[737,749],"product_tag":[],"giftcard-category":[],"class_list":{"0":"post-68822","1":"product","2":"type-product","3":"status-publish","4":"has-post-thumbnail","6":"pwb-brand-ultraceuticals","7":"product_cat-mitrinasana","8":"product_cat-novecojosa-ada","10":"first","11":"outofstock","12":"taxable","13":"shipping-taxable","14":"purchasable","15":"product-type-simple"},"acf":[],"brands":[{"id":785,"name":"Ultraceuticals","slug":"ultraceuticals"}],"_links":{"self":[{"href":"https:\/\/skinstudio.ee\/lv\/wp-json\/wp\/v2\/product\/68822","targetHints":{"allow":["GET"]}}],"collection":[{"href":"https:\/\/skinstudio.ee\/lv\/wp-json\/wp\/v2\/product"}],"about":[{"href":"https:\/\/skinstudio.ee\/lv\/wp-json\/wp\/v2\/types\/product"}],"version-history":[{"count":0,"href":"https:\/\/skinstudio.ee\/lv\/wp-json\/wp\/v2\/product\/68822\/revisions"}],"wp:featuredmedia":[{"embeddable":true,"href":"https:\/\/skinstudio.ee\/lv\/wp-json\/wp\/v2\/media\/68823"}],"wp:attachment":[{"href":"https:\/\/skinstudio.ee\/lv\/wp-json\/wp\/v2\/media?parent=68822"}],"wp:term":[{"taxonomy":"pwb-brand","embeddable":true,"href":"https:\/\/skinstudio.ee\/lv\/wp-json\/wp\/v2\/pwb-brand?post=68822"},{"taxonomy":"product_brand","embeddable":true,"href":"https:\/\/skinstudio.ee\/lv\/wp-json\/wp\/v2\/product_brand?post=68822"},{"taxonomy":"product_cat","embeddable":true,"href":"https:\/\/skinstudio.ee\/lv\/wp-json\/wp\/v2\/product_cat?post=68822"},{"taxonomy":"product_tag","embeddable":true,"href":"https:\/\/skinstudio.ee\/lv\/wp-json\/wp\/v2\/product_tag?post=68822"},{"taxonomy":"giftcard-category","embeddable":true,"href":"https:\/\/skinstudio.ee\/lv\/wp-json\/wp\/v2\/giftcard-category?post=68822"}],"curies":[{"name":"wp","href":"https:\/\/api.w.org\/{rel}","templated":true}]}}