{"id":68848,"date":"2024-07-23T10:37:05","date_gmt":"2024-07-23T10:37:05","guid":{"rendered":"https:\/\/skinstudio.ee\/?post_type=product&#038;p=68848"},"modified":"2026-01-22T15:03:24","modified_gmt":"2026-01-22T15:03:24","slug":"ultra-c-firming-eye-cream","status":"publish","type":"product","link":"https:\/\/skinstudio.ee\/lv\/catalog\/ultraceuticals\/ultra-c-firming-eye-cream\/","title":{"rendered":"Ultra C Firming Eye Cream"},"content":{"rendered":"<p data-start=\"350\" data-end=\"643\">Ultra C Firming Eye Cream ir nostiprino\u0161s acu kr\u0113ms, kas darbojas divos virzienos: tas stiprina kapil\u0101ru sienas un pal\u012bdz samazin\u0101t tum\u0161os lokus un piet\u016bkumu zem ac\u012bm. Kr\u0113ms uzlabo \u0101das elast\u012bbu, gludumu un svaigumu, pie\u0161\u0137irot skatienam gai\u0161\u0101ku un atp\u016btu\u0161os izskatu jau p\u0113c ned\u0113\u013cas lieto\u0161anas.<\/p>\n<p data-start=\"645\" data-end=\"836\">Akt\u012bvo sast\u0101vda\u013cu komplekss uzlabo mikrocirkul\u0101ciju, stiprina \u0101das strukt\u016bru, aizsarg\u0101 pret oksidat\u012bvo stresu un nodro\u0161ina ilgsto\u0161u mitrin\u0101\u0161anu, lai acu zona izskat\u012btos vesel\u012bga un starojo\u0161a.<\/p>\n<p data-start=\"838\" data-end=\"1259\"><strong data-start=\"838\" data-end=\"852\">Piem\u0113rots:<\/strong> visiem \u0101das tipiem.<br data-start=\"872\" data-end=\"875\" \/><strong data-start=\"875\" data-end=\"899\">Akt\u012bv\u0101s sast\u0101vda\u013cas:<\/strong><br data-start=\"899\" data-end=\"902\" \/>\u2022 L-askorb\u012bnsk\u0101be &#8211; izgaismo \u0101du, nodro\u0161ina antioksidantu aizsardz\u012bbu un stiprina kapil\u0101rus.<br data-start=\"994\" data-end=\"997\" \/>\u2022 MicroElastin &#8211; uzlabo \u0101das elast\u012bbu un bl\u012bvumu.<br data-start=\"1046\" data-end=\"1049\" \/>\u2022 Hialuronsk\u0101bes mikrosf\u0113ras &#8211; mitrina dzi\u013ci un izl\u012bdzina \u0101das virsmu.<br data-start=\"1119\" data-end=\"1122\" \/>\u2022 Salic\u012bns &#8211; maigi nomierina un izl\u012bdzina \u0101das toni.<br data-start=\"1174\" data-end=\"1177\" \/>\u2022 Mellenes ekstrakts &#8211; uzlabo mikrocirkul\u0101ciju un pal\u012bdz samazin\u0101t tumsos lokus.<\/p>\n<p data-start=\"1261\" data-end=\"1279\"><strong data-start=\"1261\" data-end=\"1273\">Tilpums:<\/strong> 15 ml<\/p>\n","protected":false},"excerpt":{"rendered":"<p data-start=\"1371\" data-end=\"1673\"><span style=\"color: #ff0000;\"><strong data-start=\"1371\" data-end=\"1378\">NB!<\/strong> \u0160is produkts satur augstu akt\u012bvo sast\u0101vda\u013cu koncentr\u0101ciju. Pirms lieto\u0161anas iesak\u0101m konsult\u0113ties ar m\u016bsu speci\u0101listu. Zvaniet +372 58500171 darba dien\u0101s 10:00-19:00, br\u012bvdien\u0101s 11:00-15:00. Varat nos\u016bt\u012bt savu t\u0101lru\u0146a numuru uz <a class=\"decorated-link cursor-pointer\" style=\"color: #ff0000;\" href=\"mailto:info@skinstudio.ee\" rel=\"noopener\" data-start=\"1606\" data-end=\"1624\">info@skinstudio.ee<\/a>, un m\u016bsu speci\u0101lists sazin\u0101sies 24 stundu laik\u0101.<\/span><\/p>\n<p data-start=\"1675\" data-end=\"1708\">Nostiprino\u0161s C vitam\u012bna acu kr\u0113ms<\/p>\n<h2 data-start=\"1710\" data-end=\"2012\"><strong data-start=\"1710\" data-end=\"1765\">\u012apa\u0161\u012bbas Ultraceuticals &#8211; Ultra C Firming Eye Cream<\/strong><\/h2>\n<p data-start=\"1710\" data-end=\"2012\">\u2714\ufe0f Samazina tum\u0161os lokus un noguruma paz\u012bmes<br data-start=\"1812\" data-end=\"1815\" \/>\u2714\ufe0f Nostiprina un padara tvirt\u0101ku acu zonas \u0101du<br data-start=\"1861\" data-end=\"1864\" \/>\u2714\ufe0f Mazina piet\u016bkumu un atsvaidzina skatienu<br data-start=\"1907\" data-end=\"1910\" \/>\u2714\ufe0f Dzi\u013ci mitrina un m\u012bkstina \u0101du<br data-start=\"1942\" data-end=\"1945\" \/>\u2714\ufe0f Aizsarg\u0101 pret oksidat\u012bvo stresu un veicina kolag\u0113na veido\u0161anos<\/p>\n","protected":false},"featured_media":65859,"template":"","meta":[],"pwb-brand":[785],"product_brand":[],"product_cat":[733,729],"product_tag":[],"giftcard-category":[],"class_list":{"0":"post-68848","1":"product","2":"type-product","3":"status-publish","4":"has-post-thumbnail","6":"pwb-brand-ultraceuticals","7":"product_cat-ada-ap-acim","8":"product_cat-c-vitamins","10":"first","11":"instock","12":"taxable","13":"shipping-taxable","14":"purchasable","15":"product-type-simple"},"acf":[],"brands":[{"id":785,"name":"Ultraceuticals","slug":"ultraceuticals"}],"_links":{"self":[{"href":"https:\/\/skinstudio.ee\/lv\/wp-json\/wp\/v2\/product\/68848","targetHints":{"allow":["GET"]}}],"collection":[{"href":"https:\/\/skinstudio.ee\/lv\/wp-json\/wp\/v2\/product"}],"about":[{"href":"https:\/\/skinstudio.ee\/lv\/wp-json\/wp\/v2\/types\/product"}],"version-history":[{"count":0,"href":"https:\/\/skinstudio.ee\/lv\/wp-json\/wp\/v2\/product\/68848\/revisions"}],"wp:featuredmedia":[{"embeddable":true,"href":"https:\/\/skinstudio.ee\/lv\/wp-json\/wp\/v2\/media\/65859"}],"wp:attachment":[{"href":"https:\/\/skinstudio.ee\/lv\/wp-json\/wp\/v2\/media?parent=68848"}],"wp:term":[{"taxonomy":"pwb-brand","embeddable":true,"href":"https:\/\/skinstudio.ee\/lv\/wp-json\/wp\/v2\/pwb-brand?post=68848"},{"taxonomy":"product_brand","embeddable":true,"href":"https:\/\/skinstudio.ee\/lv\/wp-json\/wp\/v2\/product_brand?post=68848"},{"taxonomy":"product_cat","embeddable":true,"href":"https:\/\/skinstudio.ee\/lv\/wp-json\/wp\/v2\/product_cat?post=68848"},{"taxonomy":"product_tag","embeddable":true,"href":"https:\/\/skinstudio.ee\/lv\/wp-json\/wp\/v2\/product_tag?post=68848"},{"taxonomy":"giftcard-category","embeddable":true,"href":"https:\/\/skinstudio.ee\/lv\/wp-json\/wp\/v2\/giftcard-category?post=68848"}],"curies":[{"name":"wp","href":"https:\/\/api.w.org\/{rel}","templated":true}]}}