{"id":68858,"date":"2024-07-23T08:57:29","date_gmt":"2024-07-23T08:57:29","guid":{"rendered":"https:\/\/skinstudio.ee\/?post_type=product&#038;p=68858"},"modified":"2026-01-22T15:03:26","modified_gmt":"2026-01-22T15:03:26","slug":"ultra-uv-protective-daily-moisturiser-spf30-mattifying","status":"publish","type":"product","link":"https:\/\/skinstudio.ee\/lv\/catalog\/ultraceuticals\/ultra-uv-protective-daily-moisturiser-spf30-mattifying\/","title":{"rendered":"Ultra UV Protective Daily Moisturiser SPF30 Mattifying"},"content":{"rendered":"<p data-start=\"408\" data-end=\"814\">Ultra UV Protective Daily Moisturiser SPF30 Mattifying ir ikdienas saules aizsargkr\u0113ms un mitrin\u0101t\u0101js, kas \u012bpa\u0161i izstr\u0101d\u0101ts taukainai un kombin\u0113tai \u0101dai. T\u0101 viegl\u0101, netaukain\u0101 tekst\u016bra \u0101tri ies\u016bcas, neveido pl\u0113vi un neaizsprosto poras, nodro\u0161inot mat\u0113tu, svaigu un komfortablu saj\u016btu visas dienas garum\u0101. Tas lieliski kalpo ar\u012b k\u0101 dekorat\u012bv\u0101s kosm\u0113tikas b\u0101ze, paildzinot grima notur\u012bbu un nov\u0113r\u0161ot sp\u012bdumu.<\/p>\n<p data-start=\"816\" data-end=\"1094\">Formula apvieno modernus \u0137\u012bmiskos UV filtrus, kas nodro\u0161ina dro\u0161u UVA un UVB aizsardz\u012bbu, savuk\u0101rt mitrino\u0161\u0101s un sebuma izdal\u012b\u0161anos regul\u0113jo\u0161\u0101s sast\u0101vda\u013cas pal\u012bdz l\u012bdzsvarot \u0101du. Kr\u0113ms saglab\u0101 optim\u0101lu mitruma l\u012bmeni, izl\u012bdzina \u0101das tekst\u016bru un nodro\u0161ina ilgsto\u0161i mat\u0113tu efektu.<\/p>\n<p data-start=\"1096\" data-end=\"1524\"><strong data-start=\"1096\" data-end=\"1110\">Piem\u0113rots:<\/strong> visiem \u0101das tipiem, \u012bpa\u0161i taukainai un kombin\u0113tai \u0101dai.<br data-start=\"1166\" data-end=\"1169\" \/><strong data-start=\"1169\" data-end=\"1193\">Akt\u012bv\u0101s sast\u0101vda\u013cas:<\/strong><br data-start=\"1193\" data-end=\"1196\" \/>\u2022 \u0160\u012b sviests &#8211; m\u012bkstina \u0101du un stiprina t\u0101s aizsargbarjeru.<br data-start=\"1255\" data-end=\"1258\" \/>\u2022 Pantenols &#8211; nomierina, atjauno un pal\u012bdz saglab\u0101t mitrumu.<br data-start=\"1318\" data-end=\"1321\" \/>\u2022 Niacinam\u012bds &#8211; regul\u0113 sebuma izdal\u012b\u0161anos, samazina poras un uzlabo \u0101das toni.<br data-start=\"1399\" data-end=\"1402\" \/>\u2022 Hialuronsk\u0101be &#8211; dzi\u013ci mitrina un saglab\u0101 \u0101das elast\u012bbu.<br data-start=\"1459\" data-end=\"1462\" \/>\u2022 Sil\u012bcijs &#8211; nodro\u0161ina mat\u0113jo\u0161u efektu un gludu \u0101das virsmu.<\/p>\n<p data-start=\"1526\" data-end=\"1545\"><strong data-start=\"1526\" data-end=\"1538\">Tilpums:<\/strong> 100 ml<\/p>\n","protected":false},"excerpt":{"rendered":"<p data-start=\"1746\" data-end=\"2050\"><span style=\"color: #ff0000;\"><strong data-start=\"1746\" data-end=\"1753\">NB!<\/strong> \u0160is produkts satur augstu akt\u012bvo sast\u0101vda\u013cu koncentr\u0101ciju. Pirms lieto\u0161anas iesak\u0101m konsult\u0113ties ar m\u016bsu speci\u0101listu. Zvaniet +372 58500171 darba dien\u0101s 10:00-19:00 un br\u012bvdien\u0101s 11:00-15:00. Varat nos\u016bt\u012bt savu t\u0101lru\u0146a numuru uz <a class=\"decorated-link cursor-pointer\" style=\"color: #ff0000;\" href=\"mailto:info@skinstudio.ee\" rel=\"noopener\" data-start=\"1983\" data-end=\"2001\">info@skinstudio.ee<\/a>, un m\u016bsu speci\u0101lists sazin\u0101sies 24 stundu laik\u0101.<\/span><\/p>\n<p data-start=\"2052\" data-end=\"2082\">Mat\u0113jo\u0161s mitrino\u0161s SPF30 kr\u0113ms<\/p>\n<h2 data-start=\"2084\" data-end=\"2402\"><strong data-start=\"2084\" data-end=\"2168\">\u012apa\u0161\u012bbas Ultraceuticals &#8211; Ultra UV Protective Daily Moisturiser SPF30 Mattifying<\/strong><\/h2>\n<p data-start=\"2084\" data-end=\"2402\">\u2714\ufe0f Nodro\u0161ina dro\u0161u UVA un UVB aizsardz\u012bbu<br data-start=\"2212\" data-end=\"2215\" \/>\u2714\ufe0f Mitrina \u0101du, neatst\u0101jot sp\u012bdumu<br data-start=\"2249\" data-end=\"2252\" \/>\u2714\ufe0f Mat\u0113 un pal\u012bdz kontrol\u0113t sebuma izdal\u012b\u0161anos<br data-start=\"2298\" data-end=\"2301\" \/>\u2714\ufe0f Aizsarg\u0101 \u0101du no br\u012bvo radik\u0101\u013cu iedarb\u012bbas<br data-start=\"2345\" data-end=\"2348\" \/>\u2714\ufe0f Pal\u012bdz nov\u0113rst priek\u0161laic\u012bgas noveco\u0161an\u0101s paz\u012bmes<\/p>\n","protected":false},"featured_media":65877,"template":"","meta":[],"pwb-brand":[785],"product_brand":[],"product_cat":[731,747],"product_tag":[],"giftcard-category":[],"class_list":{"0":"post-68858","1":"product","2":"type-product","3":"status-publish","4":"has-post-thumbnail","6":"pwb-brand-ultraceuticals","7":"product_cat-spf-aizsardziba","8":"product_cat-taukainai-adai","10":"first","11":"instock","12":"taxable","13":"shipping-taxable","14":"purchasable","15":"product-type-simple"},"acf":[],"brands":[{"id":785,"name":"Ultraceuticals","slug":"ultraceuticals"}],"_links":{"self":[{"href":"https:\/\/skinstudio.ee\/lv\/wp-json\/wp\/v2\/product\/68858","targetHints":{"allow":["GET"]}}],"collection":[{"href":"https:\/\/skinstudio.ee\/lv\/wp-json\/wp\/v2\/product"}],"about":[{"href":"https:\/\/skinstudio.ee\/lv\/wp-json\/wp\/v2\/types\/product"}],"version-history":[{"count":0,"href":"https:\/\/skinstudio.ee\/lv\/wp-json\/wp\/v2\/product\/68858\/revisions"}],"wp:featuredmedia":[{"embeddable":true,"href":"https:\/\/skinstudio.ee\/lv\/wp-json\/wp\/v2\/media\/65877"}],"wp:attachment":[{"href":"https:\/\/skinstudio.ee\/lv\/wp-json\/wp\/v2\/media?parent=68858"}],"wp:term":[{"taxonomy":"pwb-brand","embeddable":true,"href":"https:\/\/skinstudio.ee\/lv\/wp-json\/wp\/v2\/pwb-brand?post=68858"},{"taxonomy":"product_brand","embeddable":true,"href":"https:\/\/skinstudio.ee\/lv\/wp-json\/wp\/v2\/product_brand?post=68858"},{"taxonomy":"product_cat","embeddable":true,"href":"https:\/\/skinstudio.ee\/lv\/wp-json\/wp\/v2\/product_cat?post=68858"},{"taxonomy":"product_tag","embeddable":true,"href":"https:\/\/skinstudio.ee\/lv\/wp-json\/wp\/v2\/product_tag?post=68858"},{"taxonomy":"giftcard-category","embeddable":true,"href":"https:\/\/skinstudio.ee\/lv\/wp-json\/wp\/v2\/giftcard-category?post=68858"}],"curies":[{"name":"wp","href":"https:\/\/api.w.org\/{rel}","templated":true}]}}