{"id":68872,"date":"2024-07-23T08:47:24","date_gmt":"2024-07-23T08:47:24","guid":{"rendered":"https:\/\/skinstudio.ee\/?post_type=product&#038;p=68872"},"modified":"2026-01-22T15:03:26","modified_gmt":"2026-01-22T15:03:26","slug":"ultra-uv-protective-daily-moisturiser-spf-30-sheer-tint","status":"publish","type":"product","link":"https:\/\/skinstudio.ee\/lv\/catalog\/ultraceuticals\/ultra-uv-protective-daily-moisturiser-spf-30-sheer-tint\/","title":{"rendered":"Ultra UV Protective Daily Moisturiser SPF 30 Sheer Tint"},"content":{"rendered":"<p data-start=\"351\" data-end=\"674\">Ultra UV Protective Daily Moisturiser SPF30 Sheer Tint ir aizsarg\u0101jo\u0161s un mitrino\u0161s ton\u0113ts SPF kr\u0113ms, kas izl\u012bdzina \u0101das toni un pie\u0161\u0137ir vieglu mat\u0113jo\u0161u efektu, \u012bpa\u0161i piem\u0113rots taukainai un kombin\u0113tai \u0101dai. Viegl\u0101 tekst\u016bra \u0101tri ies\u016bcas, neveido pl\u0113vi, neaizsprosto poras un lieliski darbojas k\u0101 dekorat\u012bv\u0101s kosm\u0113tikas b\u0101ze.<\/p>\n<p data-start=\"676\" data-end=\"944\">Formula apvieno modernus \u0137\u012bmiskos UV filtrus, kas nodro\u0161ina uzticamu UVA un UVB aizsardz\u012bbu, savuk\u0101rt kopjo\u0161\u0101s sast\u0101vda\u013cas mitrina \u0101du, izl\u012bdzina t\u0101s tekst\u016bru un pie\u0161\u0137ir dabisku, vesel\u012bgu toni. \u0100da k\u013c\u016bst vienm\u0113r\u012bga, svaiga un komfortabli mitrin\u0101ta visas dienas garum\u0101.<\/p>\n<p data-start=\"946\" data-end=\"1336\"><strong data-start=\"946\" data-end=\"960\">Piem\u0113rots:<\/strong> visiem \u0101das tipiem, \u012bpa\u0161i taukainai un kombin\u0113tai \u0101dai.<br data-start=\"1016\" data-end=\"1019\" \/><strong data-start=\"1019\" data-end=\"1031\">Svar\u012bgi:<\/strong> nav piem\u0113rots \u013coti gai\u0161am \u0101das tonim.<br data-start=\"1069\" data-end=\"1072\" \/><strong data-start=\"1072\" data-end=\"1096\">Akt\u012bv\u0101s sast\u0101vda\u013cas:<\/strong><br data-start=\"1096\" data-end=\"1099\" \/>\u2022 \u0160\u012b sviests &#8211; m\u012bkstina \u0101du un stiprina aizsargbarjeru.<br data-start=\"1154\" data-end=\"1157\" \/>\u2022 Pantenols &#8211; nomierina, atjauno un saglab\u0101 mitrumu.<br data-start=\"1209\" data-end=\"1212\" \/>\u2022 B vitam\u012bnu komplekss &#8211; uzlabo \u0101das aizsargsp\u0113jas un izl\u012bdzina toni.<br data-start=\"1281\" data-end=\"1284\" \/>\u2022 Pept\u012bdi &#8211; nostiprina \u0101du un uzlabo t\u0101s elast\u012bbu.<\/p>\n<p data-start=\"1338\" data-end=\"1357\"><strong data-start=\"1338\" data-end=\"1350\">Tilpums:<\/strong> 100 ml<\/p>\n","protected":false},"excerpt":{"rendered":"<p data-start=\"1556\" data-end=\"1860\"><span style=\"color: #ff0000;\"><strong data-start=\"1556\" data-end=\"1563\">NB!<\/strong> \u0160is produkts satur augstu akt\u012bvo sast\u0101vda\u013cu koncentr\u0101ciju. Pirms lieto\u0161anas iesak\u0101m konsult\u0113ties ar m\u016bsu speci\u0101listu. Zvaniet +372 58500171 darba dien\u0101s 10:00-19:00 un br\u012bvdien\u0101s 11:00-15:00. Varat nos\u016bt\u012bt savu t\u0101lru\u0146a numuru uz <a class=\"decorated-link cursor-pointer\" style=\"color: #ff0000;\" href=\"mailto:info@skinstudio.ee\" rel=\"noopener\" data-start=\"1793\" data-end=\"1811\">info@skinstudio.ee<\/a>, un m\u016bsu speci\u0101lists sazin\u0101sies 24 stundu laik\u0101.<\/span><\/p>\n<p data-start=\"1862\" data-end=\"1890\">Ton\u0113ts mitrino\u0161s SPF30 kr\u0113ms<\/p>\n<h2 data-start=\"1892\" data-end=\"2187\"><strong data-start=\"1892\" data-end=\"1976\">\u012apa\u0161\u012bbas Ultraceuticals &#8211; Ultra UV Protective Daily Moisturiser SPF30 Sheer Tint<\/strong><\/h2>\n<p data-start=\"1892\" data-end=\"2187\">\u2714\ufe0f Nodro\u0161ina dro\u0161u UVA un UVB aizsardz\u012bbu<br data-start=\"2020\" data-end=\"2023\" \/>\u2714\ufe0f Mitrina un m\u012bkstina \u0101du<br data-start=\"2049\" data-end=\"2052\" \/>\u2714\ufe0f Pie\u0161\u0137ir dabisku, vienm\u0113r\u012bgu \u0101das toni<br data-start=\"2092\" data-end=\"2095\" \/>\u2714\ufe0f Aizsarg\u0101 no br\u012bvajiem radik\u0101\u013ciem<br data-start=\"2130\" data-end=\"2133\" \/>\u2714\ufe0f Pal\u012bdz nov\u0113rst priek\u0161laic\u012bgas noveco\u0161an\u0101s paz\u012bmes<\/p>\n","protected":false},"featured_media":68873,"template":"","meta":[],"pwb-brand":[785],"product_brand":[],"product_cat":[731,747],"product_tag":[],"giftcard-category":[],"class_list":{"0":"post-68872","1":"product","2":"type-product","3":"status-publish","4":"has-post-thumbnail","6":"pwb-brand-ultraceuticals","7":"product_cat-spf-aizsardziba","8":"product_cat-taukainai-adai","10":"first","11":"instock","12":"taxable","13":"shipping-taxable","14":"purchasable","15":"product-type-simple"},"acf":[],"brands":[{"id":785,"name":"Ultraceuticals","slug":"ultraceuticals"}],"_links":{"self":[{"href":"https:\/\/skinstudio.ee\/lv\/wp-json\/wp\/v2\/product\/68872","targetHints":{"allow":["GET"]}}],"collection":[{"href":"https:\/\/skinstudio.ee\/lv\/wp-json\/wp\/v2\/product"}],"about":[{"href":"https:\/\/skinstudio.ee\/lv\/wp-json\/wp\/v2\/types\/product"}],"version-history":[{"count":0,"href":"https:\/\/skinstudio.ee\/lv\/wp-json\/wp\/v2\/product\/68872\/revisions"}],"wp:featuredmedia":[{"embeddable":true,"href":"https:\/\/skinstudio.ee\/lv\/wp-json\/wp\/v2\/media\/68873"}],"wp:attachment":[{"href":"https:\/\/skinstudio.ee\/lv\/wp-json\/wp\/v2\/media?parent=68872"}],"wp:term":[{"taxonomy":"pwb-brand","embeddable":true,"href":"https:\/\/skinstudio.ee\/lv\/wp-json\/wp\/v2\/pwb-brand?post=68872"},{"taxonomy":"product_brand","embeddable":true,"href":"https:\/\/skinstudio.ee\/lv\/wp-json\/wp\/v2\/product_brand?post=68872"},{"taxonomy":"product_cat","embeddable":true,"href":"https:\/\/skinstudio.ee\/lv\/wp-json\/wp\/v2\/product_cat?post=68872"},{"taxonomy":"product_tag","embeddable":true,"href":"https:\/\/skinstudio.ee\/lv\/wp-json\/wp\/v2\/product_tag?post=68872"},{"taxonomy":"giftcard-category","embeddable":true,"href":"https:\/\/skinstudio.ee\/lv\/wp-json\/wp\/v2\/giftcard-category?post=68872"}],"curies":[{"name":"wp","href":"https:\/\/api.w.org\/{rel}","templated":true}]}}