{"id":68883,"date":"2024-07-23T08:11:44","date_gmt":"2024-07-23T08:11:44","guid":{"rendered":"https:\/\/skinstudio.ee\/?post_type=product&#038;p=68883"},"modified":"2026-01-22T15:03:26","modified_gmt":"2026-01-22T15:03:26","slug":"ultra-uv-protective-daily-moisturiser-spf-50-hydrating","status":"publish","type":"product","link":"https:\/\/skinstudio.ee\/lv\/catalog\/ultraceuticals\/ultra-uv-protective-daily-moisturiser-spf-50-hydrating\/","title":{"rendered":"Ultra UV Protective Daily Moisturiser SPF 50 Hydrating"},"content":{"rendered":"<p data-start=\"395\" data-end=\"793\">Ultra UV Protective Daily Moisturiser SPF 50 Hydrating ir intens\u012bvi mitrino\u0161s saules aizsargkr\u0113ms, kas nodro\u0161ina maksim\u0101lu un komfortablu aizsardz\u012bbu pret kait\u012bgo starojumu. Regul\u0101ri lietojot, tas pal\u012bdz nov\u0113rst fotonoveco\u0161anos, grumbu veido\u0161anos un \u0101das priek\u0161laic\u012bgu noveco\u0161anu. Viegl\u0101, nelip\u012bg\u0101 formula \u0101tri ies\u016bcas, neatst\u0101j baltus nospiedumus vai pl\u0113ves saj\u016btu un ir piem\u0113rota ar\u012b jut\u012bgai \u0101dai.<\/p>\n<p data-start=\"795\" data-end=\"1010\">Formula apvieno m\u016bsdien\u012bgus \u0137\u012bmiskos UV filtrus ar barojo\u0161\u0101m un mitrino\u0161\u0101m sast\u0101vda\u013c\u0101m, kas atjauno, stiprina un m\u012bkstina \u0101du. Produkts ir piem\u0113rots sejai un \u0137ermenim, lieliski iek\u013caujas ikr\u012bta \u0101das kop\u0161anas rut\u012bn\u0101.<\/p>\n<p data-start=\"1012\" data-end=\"1449\"><strong data-start=\"1012\" data-end=\"1026\">Piem\u0113rots:<\/strong> visiem \u0101das tipiem, tostarp jut\u012bgai \u0101dai.<br data-start=\"1068\" data-end=\"1071\" \/><strong data-start=\"1071\" data-end=\"1095\">Akt\u012bv\u0101s sast\u0101vda\u013cas:<\/strong><br data-start=\"1095\" data-end=\"1098\" \/>\u2022 Niacinam\u012bds (B3 vitam\u012bns) \u2013 stiprina \u0101das barjeru, uzlabo toni un mazina jut\u012bbu.<br data-start=\"1180\" data-end=\"1183\" \/>\u2022 \u0160\u012b sviests \u2013 baro, m\u012bkstina un stiprina aizsargsl\u0101ni.<br data-start=\"1238\" data-end=\"1241\" \/>\u2022 Provitam\u012bns B5 \u2013 nomierina, atjauno un pal\u012bdz saglab\u0101t mitrumu.<br data-start=\"1306\" data-end=\"1309\" \/>\u2022 Glicer\u012bns \u2013 veicina mitruma notur\u0113\u0161anu un uzlabo \u0101das elast\u012bbu.<br data-start=\"1374\" data-end=\"1377\" \/>\u2022 Modernie \u0137\u012bmiskie UV filtri \u2013 nodro\u0161ina stabilu UVA\/UVB aizsardz\u012bbu.<\/p>\n<p data-start=\"1451\" data-end=\"1470\"><strong data-start=\"1451\" data-end=\"1463\">Tilpums:<\/strong> 100 ml<\/p>\n","protected":false},"excerpt":{"rendered":"<p data-start=\"1762\" data-end=\"2066\"><span style=\"color: #ff0000;\"><strong data-start=\"1762\" data-end=\"1769\">NB!<\/strong> \u0160is produkts satur augstu akt\u012bvo sast\u0101vda\u013cu koncentr\u0101ciju. Pirms lieto\u0161anas iesak\u0101m konsult\u0113ties ar m\u016bsu speci\u0101listu. Zvaniet +372 58500171 darba dien\u0101s 10:00-19:00 un br\u012bvdien\u0101s 11:00-15:00. Varat nos\u016bt\u012bt savu t\u0101lru\u0146a numuru uz <a class=\"decorated-link cursor-pointer\" style=\"color: #ff0000;\" href=\"mailto:info@skinstudio.ee\" rel=\"noopener\" data-start=\"1999\" data-end=\"2017\">info@skinstudio.ee<\/a>, un m\u016bsu speci\u0101lists sazin\u0101sies 24 stundu laik\u0101.<\/span><\/p>\n<p data-start=\"2068\" data-end=\"2096\">Mitrino\u0161s SPF50 aizsargkr\u0113ms<\/p>\n<h2 data-start=\"2098\" data-end=\"2411\"><strong data-start=\"2098\" data-end=\"2181\">\u012apa\u0161\u012bbas Ultraceuticals &#8211; Ultra UV Protective Daily Moisturiser SPF 50 Hydrating<\/strong><\/h2>\n<p data-start=\"2098\" data-end=\"2411\">\u2714\ufe0f Nodro\u0161ina augsta l\u012bme\u0146a UVA\/UVB aizsardz\u012bbu<br data-start=\"2230\" data-end=\"2233\" \/>\u2714\ufe0f Nov\u0113r\u0161 fotonoveco\u0161anos un pigment\u0101ciju<br data-start=\"2274\" data-end=\"2277\" \/>\u2714\ufe0f Samazina grumbu un smalko l\u012bniju veido\u0161anos<br data-start=\"2323\" data-end=\"2326\" \/>\u2714\ufe0f Atjauno un stiprina \u0101das aizsargbarjeru<br data-start=\"2368\" data-end=\"2371\" \/>\u2714\ufe0f Dzi\u013ci mitrina un padara \u0101du maig\u0101ku<\/p>\n","protected":false},"featured_media":65887,"template":"","meta":[],"pwb-brand":[785],"product_brand":[],"product_cat":[745,737,731],"product_tag":[],"giftcard-category":[],"class_list":{"0":"post-68883","1":"product","2":"type-product","3":"status-publish","4":"has-post-thumbnail","6":"pwb-brand-ultraceuticals","7":"product_cat-jutigai-adai","8":"product_cat-mitrinasana","9":"product_cat-spf-aizsardziba","11":"first","12":"instock","13":"taxable","14":"shipping-taxable","15":"purchasable","16":"product-type-simple"},"acf":[],"brands":[{"id":785,"name":"Ultraceuticals","slug":"ultraceuticals"}],"_links":{"self":[{"href":"https:\/\/skinstudio.ee\/lv\/wp-json\/wp\/v2\/product\/68883","targetHints":{"allow":["GET"]}}],"collection":[{"href":"https:\/\/skinstudio.ee\/lv\/wp-json\/wp\/v2\/product"}],"about":[{"href":"https:\/\/skinstudio.ee\/lv\/wp-json\/wp\/v2\/types\/product"}],"version-history":[{"count":0,"href":"https:\/\/skinstudio.ee\/lv\/wp-json\/wp\/v2\/product\/68883\/revisions"}],"wp:featuredmedia":[{"embeddable":true,"href":"https:\/\/skinstudio.ee\/lv\/wp-json\/wp\/v2\/media\/65887"}],"wp:attachment":[{"href":"https:\/\/skinstudio.ee\/lv\/wp-json\/wp\/v2\/media?parent=68883"}],"wp:term":[{"taxonomy":"pwb-brand","embeddable":true,"href":"https:\/\/skinstudio.ee\/lv\/wp-json\/wp\/v2\/pwb-brand?post=68883"},{"taxonomy":"product_brand","embeddable":true,"href":"https:\/\/skinstudio.ee\/lv\/wp-json\/wp\/v2\/product_brand?post=68883"},{"taxonomy":"product_cat","embeddable":true,"href":"https:\/\/skinstudio.ee\/lv\/wp-json\/wp\/v2\/product_cat?post=68883"},{"taxonomy":"product_tag","embeddable":true,"href":"https:\/\/skinstudio.ee\/lv\/wp-json\/wp\/v2\/product_tag?post=68883"},{"taxonomy":"giftcard-category","embeddable":true,"href":"https:\/\/skinstudio.ee\/lv\/wp-json\/wp\/v2\/giftcard-category?post=68883"}],"curies":[{"name":"wp","href":"https:\/\/api.w.org\/{rel}","templated":true}]}}