{"id":68897,"date":"2024-07-23T07:56:38","date_gmt":"2024-07-23T07:56:38","guid":{"rendered":"https:\/\/skinstudio.ee\/?post_type=product&#038;p=68897"},"modified":"2026-01-22T15:03:26","modified_gmt":"2026-01-22T15:03:26","slug":"ultra-moisturiser-cream","status":"publish","type":"product","link":"https:\/\/skinstudio.ee\/lv\/catalog\/ultraceuticals\/ultra-moisturiser-cream\/","title":{"rendered":"Ultra Moisturiser Cream"},"content":{"rendered":"<p data-start=\"352\" data-end=\"754\">Ultra Moisturiser Cream ir univers\u0101ls mitrino\u0161s kr\u0113ms, kas pal\u012bdz saglab\u0101t optim\u0101lu \u0101das mitruma l\u012bmeni un atbalsta t\u0101s aizsargbarjeru. Viegl\u0101, \u0101tri ies\u016bco\u0161\u0101 tekst\u016bra mazina sausumu un velko\u0161u saj\u016btu, padarot \u0101du maigu, gludu un intens\u012bvi mitrin\u0101tu. Formula apvieno keram\u012bdus, holester\u012bnu un n\u0101trija hialuron\u0101tu \u2014 sast\u0101vda\u013cas, kas atjauno lip\u012bdu sl\u0101ni un pal\u012bdz saglab\u0101t mitrumu \u0101das dzi\u013c\u0101kajos sl\u0101\u0146os.<\/p>\n<p data-start=\"756\" data-end=\"1031\">Papildin\u0101ts ar antioksidantu E vitam\u012bnu, kr\u0113ms aizsarg\u0101 \u0101du no br\u012bvo radik\u0101\u013cu iedarb\u012bbas un palielina t\u0101s iztur\u012bbu pret \u0101r\u0113j\u0101s vides faktoriem. Produkts ir bez parab\u0113niem, dermatolo\u0123iski test\u0113ts un neizraisa komedonu veido\u0161anos, t\u0101d\u0113\u013c ir ide\u0101li piem\u0113rots ikdienas lieto\u0161anai.<\/p>\n<p data-start=\"1033\" data-end=\"1429\"><strong data-start=\"1033\" data-end=\"1047\">Piem\u0113rots:<\/strong> sausai un kombin\u0113tai \u0101dai, kas m\u0113dz k\u013c\u016bt sausa.<br data-start=\"1095\" data-end=\"1098\" \/><strong data-start=\"1098\" data-end=\"1122\">Akt\u012bv\u0101s sast\u0101vda\u013cas:<\/strong><br data-start=\"1122\" data-end=\"1125\" \/>\u2022 Glicer\u012bns \u2013 nodro\u0161ina dzi\u013cu mitrin\u0101\u0161anu un pal\u012bdz saglab\u0101t mitrumu.<br data-start=\"1194\" data-end=\"1197\" \/>\u2022 Ur\u012bnviela \u2013 m\u012bkstina \u0101du un uzlabo t\u0101s tekst\u016bru.<br data-start=\"1247\" data-end=\"1250\" \/>\u2022 Holester\u012bns \u2013 stiprina barjeru un palielina elast\u012bbu.<br data-start=\"1305\" data-end=\"1308\" \/>\u2022 Keram\u012bdi \u2013 atjauno un nostiprina \u0101das aizsargk\u0101rtu.<br data-start=\"1361\" data-end=\"1364\" \/>\u2022 Piensk\u0101be \u2013 maigi izl\u012bdzina \u0101das virsmu un padara to glud\u0101ku.<\/p>\n<p data-start=\"1431\" data-end=\"1449\"><strong data-start=\"1431\" data-end=\"1443\">Tilpums:<\/strong> 75 ml<\/p>\n","protected":false},"excerpt":{"rendered":"<p data-start=\"1643\" data-end=\"1947\"><span style=\"color: #ff0000;\"><strong data-start=\"1643\" data-end=\"1650\">NB!<\/strong> \u0160is produkts satur augstu akt\u012bvo sast\u0101vda\u013cu koncentr\u0101ciju. Pirms lieto\u0161anas iesak\u0101m konsult\u0113ties ar m\u016bsu speci\u0101listu. Zvaniet +372 58500171 darba dien\u0101s 10:00\u201319:00 un br\u012bvdien\u0101s 11:00\u201315:00. Varat nos\u016bt\u012bt savu t\u0101lru\u0146a numuru uz <a class=\"decorated-link cursor-pointer\" style=\"color: #ff0000;\" href=\"mailto:info@skinstudio.ee\" rel=\"noopener\" data-start=\"1880\" data-end=\"1898\">info@skinstudio.ee<\/a>, un m\u016bsu speci\u0101lists sazin\u0101sies 24 stundu laik\u0101.<\/span><\/p>\n<p data-start=\"1949\" data-end=\"1975\">Univers\u0101ls mitrino\u0161s kr\u0113ms<\/p>\n<h2 data-start=\"1977\" data-end=\"2248\"><strong data-start=\"1977\" data-end=\"2030\">\u012apa\u0161\u012bbas Ultraceuticals &#8211; Ultra Moisturiser Cream<\/strong><\/h2>\n<p data-start=\"1977\" data-end=\"2248\">\u2714\ufe0f Nodro\u0161ina dzi\u013cu un ilgsto\u0161u mitrin\u0101\u0161anu<br data-start=\"2075\" data-end=\"2078\" \/>\u2714\ufe0f Atjauno un stiprina \u0101das aizsargbarjeru<br data-start=\"2120\" data-end=\"2123\" \/>\u2714\ufe0f Padara \u0101du m\u012bkstu, gludu un komfortablu<br data-start=\"2165\" data-end=\"2168\" \/>\u2714\ufe0f Samazina jut\u012bgumu un kairin\u0101jumu<br data-start=\"2203\" data-end=\"2206\" \/>\u2714\ufe0f Aizsarg\u0101 no br\u012bvo radik\u0101\u013cu iedarb\u012bbas<\/p>\n","protected":false},"featured_media":65897,"template":"","meta":[],"pwb-brand":[785],"product_brand":[],"product_cat":[745,737,739],"product_tag":[],"giftcard-category":[],"class_list":{"0":"post-68897","1":"product","2":"type-product","3":"status-publish","4":"has-post-thumbnail","6":"pwb-brand-ultraceuticals","7":"product_cat-jutigai-adai","8":"product_cat-mitrinasana","9":"product_cat-sausai-adai","11":"first","12":"instock","13":"taxable","14":"shipping-taxable","15":"purchasable","16":"product-type-simple"},"acf":[],"brands":[{"id":785,"name":"Ultraceuticals","slug":"ultraceuticals"}],"_links":{"self":[{"href":"https:\/\/skinstudio.ee\/lv\/wp-json\/wp\/v2\/product\/68897","targetHints":{"allow":["GET"]}}],"collection":[{"href":"https:\/\/skinstudio.ee\/lv\/wp-json\/wp\/v2\/product"}],"about":[{"href":"https:\/\/skinstudio.ee\/lv\/wp-json\/wp\/v2\/types\/product"}],"version-history":[{"count":0,"href":"https:\/\/skinstudio.ee\/lv\/wp-json\/wp\/v2\/product\/68897\/revisions"}],"wp:featuredmedia":[{"embeddable":true,"href":"https:\/\/skinstudio.ee\/lv\/wp-json\/wp\/v2\/media\/65897"}],"wp:attachment":[{"href":"https:\/\/skinstudio.ee\/lv\/wp-json\/wp\/v2\/media?parent=68897"}],"wp:term":[{"taxonomy":"pwb-brand","embeddable":true,"href":"https:\/\/skinstudio.ee\/lv\/wp-json\/wp\/v2\/pwb-brand?post=68897"},{"taxonomy":"product_brand","embeddable":true,"href":"https:\/\/skinstudio.ee\/lv\/wp-json\/wp\/v2\/product_brand?post=68897"},{"taxonomy":"product_cat","embeddable":true,"href":"https:\/\/skinstudio.ee\/lv\/wp-json\/wp\/v2\/product_cat?post=68897"},{"taxonomy":"product_tag","embeddable":true,"href":"https:\/\/skinstudio.ee\/lv\/wp-json\/wp\/v2\/product_tag?post=68897"},{"taxonomy":"giftcard-category","embeddable":true,"href":"https:\/\/skinstudio.ee\/lv\/wp-json\/wp\/v2\/giftcard-category?post=68897"}],"curies":[{"name":"wp","href":"https:\/\/api.w.org\/{rel}","templated":true}]}}