{"id":68906,"date":"2024-07-21T08:51:27","date_gmt":"2024-07-21T08:51:27","guid":{"rendered":"https:\/\/skinstudio.ee\/?post_type=product&#038;p=68906"},"modified":"2026-01-22T15:03:26","modified_gmt":"2026-01-22T15:03:26","slug":"ultra-uv-protective-daily-moisturiser-spf50-mattifying","status":"publish","type":"product","link":"https:\/\/skinstudio.ee\/lv\/catalog\/ultraceuticals\/ultra-uv-protective-daily-moisturiser-spf50-mattifying\/","title":{"rendered":"Ultra UV Protective Daily Moisturiser SPF50 Mattifying"},"content":{"rendered":"<p data-start=\"375\" data-end=\"699\">Ultra UV Protective Daily Moisturiser SPF50 Mattifying ir intens\u012bvs mat\u0113jo\u0161s saules aizsargkr\u0113ms, kas \u012bpa\u0161i piem\u0113rots taukainai un aknei pak\u013cautai \u0101dai. Sil\u012bcija mikrosf\u0113ras moment\u0101ni absorb\u0113 lieko sebumu, izklied\u0113 gaismu, samazinot s\u012bko krunci\u0146u redzam\u012bbu, un pal\u012bdz izl\u012bdzin\u0101t \u0101das toni, nodro\u0161inot ilgsto\u0161i mat\u0113tu efektu.<\/p>\n<p data-start=\"701\" data-end=\"981\">M\u016bsdien\u012bgie \u0137\u012bmiskie UV filtri sniedz dro\u0161u UVA\/UVB aizsardz\u012bbu, savuk\u0101rt mitrino\u0161\u0101s un barjeru stiprino\u0161\u0101s sast\u0101vda\u013cas pal\u012bdz mazin\u0101t kairin\u0101jumu un uztur\u0113t vesel\u012bgu mitruma l\u012bmeni visas dienas garum\u0101. Viegl\u0101 tekst\u016bra neatst\u0101j lip\u012bgu saj\u016btu, baltus nospiedumus vai pl\u0113ves efektu.<\/p>\n<p data-start=\"983\" data-end=\"1384\"><strong data-start=\"983\" data-end=\"997\">Piem\u0113rots:<\/strong> taukainai un aknei pak\u013cautai \u0101dai.<br data-start=\"1032\" data-end=\"1035\" \/><strong data-start=\"1035\" data-end=\"1059\">Akt\u012bv\u0101s sast\u0101vda\u013cas:<\/strong><br data-start=\"1059\" data-end=\"1062\" \/>\u2022 Niacinam\u012bds (B3 vitam\u012bns) \u2013 regul\u0113 sebuma izdal\u012b\u0161anos, uzlabo toni un stiprina barjeru.<br data-start=\"1151\" data-end=\"1154\" \/>\u2022 \u0160\u012b sviests \u2013 m\u012bkstina, baro un atbalsta \u0101das aizsargsl\u0101ni.<br data-start=\"1214\" data-end=\"1217\" \/>\u2022 Provitam\u012bns B5 \u2013 nomierina un pal\u012bdz saglab\u0101t mitrumu.<br data-start=\"1273\" data-end=\"1276\" \/>\u2022 Glicer\u012bns \u2013 piesaista \u016bdeni un uztur \u0101du mitrin\u0101tu.<br data-start=\"1329\" data-end=\"1332\" \/>\u2022 Sil\u012bcijs \u2013 mat\u0113 \u0101du un absorb\u0113 lieko taukainumu.<\/p>\n<p data-start=\"1386\" data-end=\"1405\"><strong data-start=\"1386\" data-end=\"1398\">Tilpums:<\/strong> 100 ml<\/p>\n","protected":false},"excerpt":{"rendered":"<p data-start=\"1687\" data-end=\"1991\"><span style=\"color: #ff0000;\"><strong data-start=\"1687\" data-end=\"1694\">NB!<\/strong> \u0160is produkts satur augstu akt\u012bvo sast\u0101vda\u013cu koncentr\u0101ciju. Pirms lieto\u0161anas iesak\u0101m konsult\u0113ties ar m\u016bsu speci\u0101listu. Zvaniet +372 58500171 darba dien\u0101s 10:00\u201319:00 un br\u012bvdien\u0101s 11:00\u201315:00. Varat nos\u016bt\u012bt savu t\u0101lru\u0146a numuru uz <a class=\"decorated-link cursor-pointer\" style=\"color: #ff0000;\" href=\"mailto:info@skinstudio.ee\" rel=\"noopener\" data-start=\"1924\" data-end=\"1942\">info@skinstudio.ee<\/a>, un m\u016bsu speci\u0101lists sazin\u0101sies 24 stundu laik\u0101.<\/span><\/p>\n<p data-start=\"1993\" data-end=\"2020\">Mat\u0113jo\u0161s SPF50 aizsargkr\u0113ms<\/p>\n<h2 data-start=\"2022\" data-end=\"2316\"><strong data-start=\"2022\" data-end=\"2106\">\u012apa\u0161\u012bbas Ultraceuticals &#8211; Ultra UV Protective Daily Moisturiser SPF50 Mattifying<\/strong><\/h2>\n<p data-start=\"2022\" data-end=\"2316\">\u2714\ufe0f Nodro\u0161ina stabilu UVA\/UVB aizsardz\u012bbu<br data-start=\"2149\" data-end=\"2152\" \/>\u2714\ufe0f Pal\u012bdz nov\u0113rst priek\u0161laic\u012bgu noveco\u0161anos<br data-start=\"2195\" data-end=\"2198\" \/>\u2714\ufe0f Mat\u0113 un samazina taukainu sp\u012bdumu<br data-start=\"2234\" data-end=\"2237\" \/>\u2714\ufe0f Uzlabo \u0101das toni un tekst\u016bru<br data-start=\"2268\" data-end=\"2271\" \/>\u2714\ufe0f Uztur mitruma l\u012bmeni bez smaguma saj\u016btas<\/p>\n","protected":false},"featured_media":65902,"template":"","meta":[],"pwb-brand":[785],"product_brand":[],"product_cat":[731,747],"product_tag":[],"giftcard-category":[],"class_list":{"0":"post-68906","1":"product","2":"type-product","3":"status-publish","4":"has-post-thumbnail","6":"pwb-brand-ultraceuticals","7":"product_cat-spf-aizsardziba","8":"product_cat-taukainai-adai","10":"first","11":"instock","12":"taxable","13":"shipping-taxable","14":"purchasable","15":"product-type-simple"},"acf":[],"brands":[{"id":785,"name":"Ultraceuticals","slug":"ultraceuticals"}],"_links":{"self":[{"href":"https:\/\/skinstudio.ee\/lv\/wp-json\/wp\/v2\/product\/68906","targetHints":{"allow":["GET"]}}],"collection":[{"href":"https:\/\/skinstudio.ee\/lv\/wp-json\/wp\/v2\/product"}],"about":[{"href":"https:\/\/skinstudio.ee\/lv\/wp-json\/wp\/v2\/types\/product"}],"version-history":[{"count":0,"href":"https:\/\/skinstudio.ee\/lv\/wp-json\/wp\/v2\/product\/68906\/revisions"}],"wp:featuredmedia":[{"embeddable":true,"href":"https:\/\/skinstudio.ee\/lv\/wp-json\/wp\/v2\/media\/65902"}],"wp:attachment":[{"href":"https:\/\/skinstudio.ee\/lv\/wp-json\/wp\/v2\/media?parent=68906"}],"wp:term":[{"taxonomy":"pwb-brand","embeddable":true,"href":"https:\/\/skinstudio.ee\/lv\/wp-json\/wp\/v2\/pwb-brand?post=68906"},{"taxonomy":"product_brand","embeddable":true,"href":"https:\/\/skinstudio.ee\/lv\/wp-json\/wp\/v2\/product_brand?post=68906"},{"taxonomy":"product_cat","embeddable":true,"href":"https:\/\/skinstudio.ee\/lv\/wp-json\/wp\/v2\/product_cat?post=68906"},{"taxonomy":"product_tag","embeddable":true,"href":"https:\/\/skinstudio.ee\/lv\/wp-json\/wp\/v2\/product_tag?post=68906"},{"taxonomy":"giftcard-category","embeddable":true,"href":"https:\/\/skinstudio.ee\/lv\/wp-json\/wp\/v2\/giftcard-category?post=68906"}],"curies":[{"name":"wp","href":"https:\/\/api.w.org\/{rel}","templated":true}]}}