{"id":68927,"date":"2024-07-20T10:00:27","date_gmt":"2024-07-20T10:00:27","guid":{"rendered":"https:\/\/skinstudio.ee\/?post_type=product&#038;p=68927"},"modified":"2026-01-22T15:03:26","modified_gmt":"2026-01-22T15:03:26","slug":"ultra-protective-antioxidant-complex","status":"publish","type":"product","link":"https:\/\/skinstudio.ee\/lv\/catalog\/ultraceuticals\/ultra-protective-antioxidant-complex\/","title":{"rendered":"Ultra Protective Antioxidant Complex"},"content":{"rendered":"<p data-start=\"359\" data-end=\"691\">Ultra Protective Antioxidant Complex ir jaud\u012bgs antioksidantu serums, kas nodro\u0161ina \u0101das aizsardz\u012bbu m\u016bsdienu pils\u0113tvides apst\u0101k\u013cos. Tas darbojas k\u0101 aizsargsl\u0101nis starp \u0101du un \u0101r\u0113jiem agres\u012bvajiem faktoriem \u2014 pies\u0101r\u0146ojumu, UV starojumu un oksidat\u012bvo stresu. Viegl\u0101 tekst\u016bra \u0101tri ies\u016bcas, padarot \u0101du svaig\u0101ku, glud\u0101ku un mirdzo\u0161\u0101ku.<\/p>\n<p data-start=\"693\" data-end=\"1040\">Provitam\u012bna C un E vitam\u012bna siner\u0123ija pal\u012bdz samazin\u0101t fotonoveco\u0161an\u0101s risku, aizsarg\u0101 \u0161\u016bnas un neitraliz\u0113 br\u012bvos radik\u0101\u013cus. Kofe\u012bns stimul\u0113 mikrocirkul\u0101ciju un mazina \u0101das nogurumu, bet m\u0101rdad\u017ea ekstrakts pastiprina \u0161\u016bnu aizsardz\u012bbu un uzlabo \u0101das sp\u0113ju pretoties apk\u0101rt\u0113j\u0101s vides ietekmei. Serums ar\u012b uzlabo turpm\u0101k\u0101s \u0101das kop\u0161anas efektivit\u0101ti.<\/p>\n<p data-start=\"1042\" data-end=\"1466\"><strong data-start=\"1042\" data-end=\"1056\">Piem\u0113rots:<\/strong> visiem \u0101das tipiem.<br data-start=\"1076\" data-end=\"1079\" \/><strong data-start=\"1079\" data-end=\"1091\">Svar\u012bgi:<\/strong> uzkl\u0101t <em data-start=\"1099\" data-end=\"1134\">uz mitrin\u0101t\u0101ja un citiem serumiem<\/em>, bet <em data-start=\"1140\" data-end=\"1149\">zem SPF<\/em>.<br data-start=\"1150\" data-end=\"1153\" \/><strong data-start=\"1153\" data-end=\"1177\">Akt\u012bv\u0101s sast\u0101vda\u013cas:<\/strong><br data-start=\"1177\" data-end=\"1180\" \/>\u2022 Provitam\u012bns C \u2013 pie\u0161\u0137ir mirdzumu, aizsarg\u0101 un toniz\u0113 \u0101du.<br data-start=\"1239\" data-end=\"1242\" \/>\u2022 E vitam\u012bns \u2013 sp\u0113c\u012bgs antioksidants, kas pal\u012bdz nov\u0113rst fotonoveco\u0161anos.<br data-start=\"1315\" data-end=\"1318\" \/>\u2022 Kofe\u012bns \u2013 uzlabo asinsriti un mazina t\u016bsku un noguruma paz\u012bmes.<br data-start=\"1383\" data-end=\"1386\" \/>\u2022 M\u0101rdad\u017ea ekstrakts \u2013 dabisks antioksidants, kas stiprina \u0101das aizsargsp\u0113jas.<\/p>\n<p data-start=\"1468\" data-end=\"1486\"><strong data-start=\"1468\" data-end=\"1480\">Tilpums:<\/strong> 30 ml<\/p>\n","protected":false},"excerpt":{"rendered":"<p data-start=\"1562\" data-end=\"1861\"><span style=\"color: #ff0000;\"><strong data-start=\"1562\" data-end=\"1569\">NB!<\/strong> \u0160is produkts satur augstu akt\u012bvo vielu koncentr\u0101ciju. Pirms lieto\u0161anas iesak\u0101m konsult\u0113ties ar m\u016bsu speci\u0101listu. Zvaniet +372 58500171 darba dien\u0101s 10:00\u201319:00 un br\u012bvdien\u0101s 11:00\u201315:00. Varat nos\u016bt\u012bt savu t\u0101lru\u0146a numuru uz <a class=\"decorated-link cursor-pointer\" style=\"color: #ff0000;\" href=\"mailto:info@skinstudio.ee\" rel=\"noopener\" data-start=\"1794\" data-end=\"1812\">info@skinstudio.ee<\/a>, un m\u016bsu speci\u0101lists sazin\u0101sies 24 stundu laik\u0101.<\/span><\/p>\n<p data-start=\"1863\" data-end=\"1896\">Aizsarg\u0101jo\u0161s antioksidantu serums<\/p>\n<h2 data-start=\"1898\" data-end=\"2215\"><strong data-start=\"1898\" data-end=\"1964\">\u012apa\u0161\u012bbas Ultraceuticals &#8211; Ultra Protective Antioxidant Complex<\/strong><\/h2>\n<p data-start=\"1898\" data-end=\"2215\">\u2714\ufe0f Stiprina \u0101das aizsargsp\u0113jas pret apk\u0101rt\u0113j\u0101s vides ietekmi<br data-start=\"2027\" data-end=\"2030\" \/>\u2714\ufe0f Nov\u0113r\u0161 fotonoveco\u0161anos un \u0161\u016bnu boj\u0101jumus<br data-start=\"2073\" data-end=\"2076\" \/>\u2714\ufe0f Izl\u012bdzina toni un atjauno \u0101das mirdzumu<br data-start=\"2118\" data-end=\"2121\" \/>\u2714\ufe0f Neitraliz\u0113 br\u012bvos radik\u0101\u013cus un mazina bl\u0101vumu<br data-start=\"2169\" data-end=\"2172\" \/>\u2714\ufe0f Pastiprina turpm\u0101ko produktu iedarb\u012bbu<\/p>\n","protected":false},"featured_media":68928,"template":"","meta":[],"pwb-brand":[785],"product_brand":[],"product_cat":[729,723],"product_tag":[],"giftcard-category":[],"class_list":{"0":"post-68927","1":"product","2":"type-product","3":"status-publish","4":"has-post-thumbnail","6":"pwb-brand-ultraceuticals","7":"product_cat-c-vitamins","8":"product_cat-serumi","10":"first","11":"instock","12":"taxable","13":"shipping-taxable","14":"purchasable","15":"product-type-simple"},"acf":[],"brands":[{"id":785,"name":"Ultraceuticals","slug":"ultraceuticals"}],"_links":{"self":[{"href":"https:\/\/skinstudio.ee\/lv\/wp-json\/wp\/v2\/product\/68927","targetHints":{"allow":["GET"]}}],"collection":[{"href":"https:\/\/skinstudio.ee\/lv\/wp-json\/wp\/v2\/product"}],"about":[{"href":"https:\/\/skinstudio.ee\/lv\/wp-json\/wp\/v2\/types\/product"}],"version-history":[{"count":0,"href":"https:\/\/skinstudio.ee\/lv\/wp-json\/wp\/v2\/product\/68927\/revisions"}],"wp:featuredmedia":[{"embeddable":true,"href":"https:\/\/skinstudio.ee\/lv\/wp-json\/wp\/v2\/media\/68928"}],"wp:attachment":[{"href":"https:\/\/skinstudio.ee\/lv\/wp-json\/wp\/v2\/media?parent=68927"}],"wp:term":[{"taxonomy":"pwb-brand","embeddable":true,"href":"https:\/\/skinstudio.ee\/lv\/wp-json\/wp\/v2\/pwb-brand?post=68927"},{"taxonomy":"product_brand","embeddable":true,"href":"https:\/\/skinstudio.ee\/lv\/wp-json\/wp\/v2\/product_brand?post=68927"},{"taxonomy":"product_cat","embeddable":true,"href":"https:\/\/skinstudio.ee\/lv\/wp-json\/wp\/v2\/product_cat?post=68927"},{"taxonomy":"product_tag","embeddable":true,"href":"https:\/\/skinstudio.ee\/lv\/wp-json\/wp\/v2\/product_tag?post=68927"},{"taxonomy":"giftcard-category","embeddable":true,"href":"https:\/\/skinstudio.ee\/lv\/wp-json\/wp\/v2\/giftcard-category?post=68927"}],"curies":[{"name":"wp","href":"https:\/\/api.w.org\/{rel}","templated":true}]}}