{"id":68938,"date":"2024-07-20T09:42:27","date_gmt":"2024-07-20T09:42:27","guid":{"rendered":"https:\/\/skinstudio.ee\/?post_type=product&#038;p=68938"},"modified":"2026-01-22T15:03:26","modified_gmt":"2026-01-22T15:03:26","slug":"ultra-uv-protective-daily-moisturizing-spf-30-mineral","status":"publish","type":"product","link":"https:\/\/skinstudio.ee\/lv\/catalog\/ultraceuticals\/ultra-uv-protective-daily-moisturizing-spf-30-mineral\/","title":{"rendered":"Ultra UV Protective Daily Moisturizing SPF 30 Mineral"},"content":{"rendered":"<p data-start=\"358\" data-end=\"638\">Ultra UV Protective Daily Moisturizing SPF 30 Mineral ir atjaunota miner\u0101lu formula ar uzlabotu tekst\u016bru un perfekti iestr\u0101d\u0101jamu toni, kas nodro\u0161ina dro\u0161u ikdienas aizsardz\u012bbu pils\u0113tvid\u0113. Fiziskie filtri efekt\u012bvi blo\u0137\u0113 UVA un UVB starus, veidojot stabilu barjeru ar\u012b jut\u012bgai \u0101dai.<\/p>\n<p data-start=\"640\" data-end=\"947\">Viegl\u0101, vienm\u0113r\u012bgi kl\u0101jo\u0161\u0101 tekst\u016bra neatst\u0101j baltu pl\u0113vi un dabiski piel\u0101gojas \u0101das tonim. Antioksidantu aizsardz\u012bba pal\u012bdz samazin\u0101t br\u012bvo radik\u0101\u013cu kait\u012bgo ietekmi, pasarg\u0101 \u0101du no apk\u0101rt\u0113j\u0101s vides faktoriem un pal\u012bdz nov\u0113rst fotonoveco\u0161an\u0101s paz\u012bmes. Ide\u0101li piem\u0113rots norm\u0101lai, kombin\u0113tai un taukainai \u0101dai.<\/p>\n<p data-start=\"949\" data-end=\"1331\"><strong data-start=\"949\" data-end=\"963\">Piem\u0113rots:<\/strong> norm\u0101lai, kombin\u0113tai un uz tauko\u0161anos tend\u0113tai \u0101dai.<br data-start=\"1016\" data-end=\"1019\" \/><strong data-start=\"1019\" data-end=\"1043\">Akt\u012bv\u0101s sast\u0101vda\u013cas:<\/strong><br data-start=\"1043\" data-end=\"1046\" \/>\u2022 Niacinam\u012bds (B3 vitam\u012bns) \u2013 regul\u0113 sebuma izdal\u012b\u0161anos, uzlabo toni un stiprina \u0101das barjeru.<br data-start=\"1140\" data-end=\"1143\" \/>\u2022 Bisabolols \u2013 nomierina, mazina aps\u0101rtumu un kairin\u0101jumu.<br data-start=\"1201\" data-end=\"1204\" \/>\u2022 Alanto\u012bns \u2013 m\u012bkstina, nomierina un veicina \u0101das atjauno\u0161anos.<br data-start=\"1267\" data-end=\"1270\" \/>\u2022 Kofe\u012bns \u2013 uzlabo mikrocirkul\u0101ciju un mazina \u0101das bl\u0101vumu.<\/p>\n<p data-start=\"1333\" data-end=\"1351\"><strong data-start=\"1333\" data-end=\"1345\">Tilpums:<\/strong> 75 ml<\/p>\n","protected":false},"excerpt":{"rendered":"<p data-start=\"1641\" data-end=\"1940\"><span style=\"color: #ff0000;\"><strong data-start=\"1641\" data-end=\"1648\">NB!<\/strong> \u0160is produkts satur augstu akt\u012bvo vielu koncentr\u0101ciju. Pirms lieto\u0161anas iesak\u0101m konsult\u0113ties ar m\u016bsu speci\u0101listu. Zvaniet +372 58500171 darba dien\u0101s 10:00\u201319:00 un br\u012bvdien\u0101s 11:00\u201315:00. Varat nos\u016bt\u012bt savu t\u0101lru\u0146a numuru uz <a class=\"decorated-link cursor-pointer\" style=\"color: #ff0000;\" href=\"mailto:info@skinstudio.ee\" rel=\"noopener\" data-start=\"1873\" data-end=\"1891\">info@skinstudio.ee<\/a>, un m\u016bsu speci\u0101lists sazin\u0101sies 24 stundu laik\u0101.<\/span><\/p>\n<p data-start=\"1942\" data-end=\"1985\">Miner\u0101lu aizsarg\u0101jo\u0161s mitrino\u0161s kr\u0113ms SPF30<\/p>\n<h2 data-start=\"1987\" data-end=\"2324\"><strong data-start=\"1987\" data-end=\"2069\">\u012apa\u0161\u012bbas Ultraceuticals &#8211; Ultra UV Protective Daily Moisturizing SPF 30 Mineral<\/strong><\/h2>\n<p data-start=\"1987\" data-end=\"2324\">\u2714\ufe0f Nodro\u0161ina efekt\u012bvu UVA\/UVB aizsardz\u012bbu<br data-start=\"2113\" data-end=\"2116\" \/>\u2714\ufe0f Aizsarg\u0101 no apk\u0101rt\u0113j\u0101s vides stresa un br\u012bvajiem radik\u0101\u013ciem<br data-start=\"2178\" data-end=\"2181\" \/>\u2714\ufe0f Neatst\u0101j baltu pl\u0113vi un kl\u0101jas vienm\u0113r\u012bgi<br data-start=\"2225\" data-end=\"2228\" \/>\u2714\ufe0f Piel\u0101gojas \u0101das tonim un uzlabo t\u0101 vienm\u0113r\u012bgumu<br data-start=\"2278\" data-end=\"2281\" \/>\u2714\ufe0f Pal\u012bdz nov\u0113rst fotonoveco\u0161an\u0101s paz\u012bmes<\/p>\n","protected":false},"featured_media":68939,"template":"","meta":[],"pwb-brand":[785],"product_brand":[],"product_cat":[731,747],"product_tag":[],"giftcard-category":[],"class_list":{"0":"post-68938","1":"product","2":"type-product","3":"status-publish","4":"has-post-thumbnail","6":"pwb-brand-ultraceuticals","7":"product_cat-spf-aizsardziba","8":"product_cat-taukainai-adai","10":"first","11":"outofstock","12":"taxable","13":"shipping-taxable","14":"purchasable","15":"product-type-simple"},"acf":[],"brands":[{"id":785,"name":"Ultraceuticals","slug":"ultraceuticals"}],"_links":{"self":[{"href":"https:\/\/skinstudio.ee\/lv\/wp-json\/wp\/v2\/product\/68938","targetHints":{"allow":["GET"]}}],"collection":[{"href":"https:\/\/skinstudio.ee\/lv\/wp-json\/wp\/v2\/product"}],"about":[{"href":"https:\/\/skinstudio.ee\/lv\/wp-json\/wp\/v2\/types\/product"}],"version-history":[{"count":0,"href":"https:\/\/skinstudio.ee\/lv\/wp-json\/wp\/v2\/product\/68938\/revisions"}],"wp:featuredmedia":[{"embeddable":true,"href":"https:\/\/skinstudio.ee\/lv\/wp-json\/wp\/v2\/media\/68939"}],"wp:attachment":[{"href":"https:\/\/skinstudio.ee\/lv\/wp-json\/wp\/v2\/media?parent=68938"}],"wp:term":[{"taxonomy":"pwb-brand","embeddable":true,"href":"https:\/\/skinstudio.ee\/lv\/wp-json\/wp\/v2\/pwb-brand?post=68938"},{"taxonomy":"product_brand","embeddable":true,"href":"https:\/\/skinstudio.ee\/lv\/wp-json\/wp\/v2\/product_brand?post=68938"},{"taxonomy":"product_cat","embeddable":true,"href":"https:\/\/skinstudio.ee\/lv\/wp-json\/wp\/v2\/product_cat?post=68938"},{"taxonomy":"product_tag","embeddable":true,"href":"https:\/\/skinstudio.ee\/lv\/wp-json\/wp\/v2\/product_tag?post=68938"},{"taxonomy":"giftcard-category","embeddable":true,"href":"https:\/\/skinstudio.ee\/lv\/wp-json\/wp\/v2\/giftcard-category?post=68938"}],"curies":[{"name":"wp","href":"https:\/\/api.w.org\/{rel}","templated":true}]}}