{"id":68976,"date":"2024-07-18T15:32:11","date_gmt":"2024-07-18T15:32:11","guid":{"rendered":"https:\/\/skinstudio.ee\/?post_type=product&#038;p=68976"},"modified":"2026-01-22T15:03:25","modified_gmt":"2026-01-22T15:03:25","slug":"ultra-clear-spot-complex","status":"publish","type":"product","link":"https:\/\/skinstudio.ee\/lv\/catalog\/ultraceuticals\/ultra-clear-spot-complex\/","title":{"rendered":"Ultra Clear Spot Complex"},"content":{"rendered":"<p data-start=\"350\" data-end=\"696\">Ultra Clear Spot Complex ir \u0101tras iedarb\u012bbas lok\u0101lais aknes korektors, kas pal\u012bdz samazin\u0101t iekaisuma per\u0113k\u013cus un nomierin\u0101t \u0101du jau da\u017eu stundu laik\u0101. Tas ir neaizst\u0101jams SOS l\u012bdzeklis kombin\u0113tai, taukainai un uz akni tend\u0113tai \u0101dai, nodro\u0161inot koncentr\u0113tu akt\u012bvo vielu kompleksu, kas mazina aps\u0101rtumu, att\u012bra poras un pa\u0101trina \u0101das atjauno\u0161anos.<\/p>\n<p data-start=\"698\" data-end=\"1041\">Mande\u013csk\u0101be un salicilsk\u0101be maigi noloba atmiru\u0161\u0101s \u0161\u016bnas un nov\u0113r\u0161 poru aizsprosto\u0161anos, bet E vitam\u012bna fosf\u0101ts un alanto\u012bns nomierina kairin\u0101jumu un veicina dz\u012b\u0161anu. Niacinam\u012bds regul\u0113 sebuma izdal\u012b\u0161anos un stiprina \u0101das barjeru, pal\u012bdzot nov\u0113rst jaunu iekaisumu ra\u0161anos. Produkts lok\u0101li iz\u017e\u0101v\u0113 izsitumus, vienlaikus nesausinot apk\u0101rt\u0113jo \u0101du.<\/p>\n<p data-start=\"1043\" data-end=\"1465\"><strong data-start=\"1043\" data-end=\"1057\">Piem\u0113rots:<\/strong> kombin\u0113tai, taukainai un aknes skartai \u0101dai.<br data-start=\"1102\" data-end=\"1105\" \/><strong data-start=\"1105\" data-end=\"1129\">Akt\u012bv\u0101s sast\u0101vda\u013cas:<\/strong><br data-start=\"1129\" data-end=\"1132\" \/>\u2022 Salicilsk\u0101be \u2013 att\u012bra poras, mazina iekaisumu un pa\u0101trina dz\u012b\u0161anu.<br data-start=\"1200\" data-end=\"1203\" \/>\u2022 Mande\u013csk\u0101be \u2013 maigi eksfoli\u0113 un uzlabo \u0101das tekst\u016bru.<br data-start=\"1258\" data-end=\"1261\" \/>\u2022 E vitam\u012bna fosf\u0101ts \u2013 samazina oksidat\u012bvo stresu un nomierina \u0101du.<br data-start=\"1328\" data-end=\"1331\" \/>\u2022 Alanto\u012bns \u2013 mazina kairin\u0101jumu un pa\u0101trina atjauno\u0161an\u0101s procesus.<br data-start=\"1398\" data-end=\"1401\" \/>\u2022 Niacinam\u012bds \u2013 regul\u0113 sebuma izdal\u012b\u0161anos un mazina aps\u0101rtumu.<\/p>\n<p data-start=\"1467\" data-end=\"1485\"><strong data-start=\"1467\" data-end=\"1479\">Tilpums:<\/strong> 10 ml<\/p>\n","protected":false},"excerpt":{"rendered":"<p data-start=\"1627\" data-end=\"1932\"><span style=\"color: #ff0000;\"><strong data-start=\"1627\" data-end=\"1634\">NB!<\/strong> \u0160is produkts satur augstu akt\u012bvo vielu koncentr\u0101ciju. Pirms lieto\u0161anas iesak\u0101m konsult\u0113ties ar m\u016bsu speci\u0101listu. Zvan\u012bt +372 58500171 darba dien\u0101s 10:00\u201319:00 un br\u012bvdien\u0101s 11:00\u201315:00. Varat atst\u0101t savu t\u0101lru\u0146a numuru uz <a class=\"decorated-link cursor-pointer\" style=\"color: #ff0000;\" href=\"mailto:info@skinstudio.ee\" rel=\"noopener\" data-start=\"1857\" data-end=\"1875\">info@skinstudio.ee<\/a>, un m\u016bsu speci\u0101lists sazin\u0101sies ar jums 24 stundu laik\u0101.<\/span><\/p>\n<p data-start=\"1934\" data-end=\"1956\">Lok\u0101ls aknes korektors<\/p>\n<h2 data-start=\"1958\" data-end=\"2240\"><strong data-start=\"1958\" data-end=\"2012\">\u012apa\u0161\u012bbas Ultraceuticals &#8211; Ultra Clear Spot Complex<\/strong><\/h2>\n<p data-start=\"1958\" data-end=\"2240\">\u2714\ufe0f Samazina iekaisuma per\u0113k\u013cu izm\u0113ru un redzam\u012bbu<br data-start=\"2064\" data-end=\"2067\" \/>\u2714\ufe0f Nodro\u0161ina maigu eksfoli\u0101ciju un poru att\u012br\u012b\u0161anu<br data-start=\"2117\" data-end=\"2120\" \/>\u2714\ufe0f Nomierina kairin\u0101jumu un aps\u0101rtumu<br data-start=\"2157\" data-end=\"2160\" \/>\u2714\ufe0f Regul\u0113 sebuma izdal\u012b\u0161anos<br data-start=\"2188\" data-end=\"2191\" \/>\u2714\ufe0f Mazina oksidat\u012bvo stresu un pa\u0101trina dz\u012b\u0161anu<\/p>\n","protected":false},"featured_media":68978,"template":"","meta":[],"pwb-brand":[785],"product_brand":[],"product_cat":[741,723,747],"product_tag":[],"giftcard-category":[],"class_list":{"0":"post-68976","1":"product","2":"type-product","3":"status-publish","4":"has-post-thumbnail","6":"pwb-brand-ultraceuticals","7":"product_cat-izsitumi","8":"product_cat-serumi","9":"product_cat-taukainai-adai","11":"first","12":"outofstock","13":"taxable","14":"shipping-taxable","15":"purchasable","16":"product-type-simple"},"acf":[],"brands":[{"id":785,"name":"Ultraceuticals","slug":"ultraceuticals"}],"_links":{"self":[{"href":"https:\/\/skinstudio.ee\/lv\/wp-json\/wp\/v2\/product\/68976","targetHints":{"allow":["GET"]}}],"collection":[{"href":"https:\/\/skinstudio.ee\/lv\/wp-json\/wp\/v2\/product"}],"about":[{"href":"https:\/\/skinstudio.ee\/lv\/wp-json\/wp\/v2\/types\/product"}],"version-history":[{"count":0,"href":"https:\/\/skinstudio.ee\/lv\/wp-json\/wp\/v2\/product\/68976\/revisions"}],"wp:featuredmedia":[{"embeddable":true,"href":"https:\/\/skinstudio.ee\/lv\/wp-json\/wp\/v2\/media\/68978"}],"wp:attachment":[{"href":"https:\/\/skinstudio.ee\/lv\/wp-json\/wp\/v2\/media?parent=68976"}],"wp:term":[{"taxonomy":"pwb-brand","embeddable":true,"href":"https:\/\/skinstudio.ee\/lv\/wp-json\/wp\/v2\/pwb-brand?post=68976"},{"taxonomy":"product_brand","embeddable":true,"href":"https:\/\/skinstudio.ee\/lv\/wp-json\/wp\/v2\/product_brand?post=68976"},{"taxonomy":"product_cat","embeddable":true,"href":"https:\/\/skinstudio.ee\/lv\/wp-json\/wp\/v2\/product_cat?post=68976"},{"taxonomy":"product_tag","embeddable":true,"href":"https:\/\/skinstudio.ee\/lv\/wp-json\/wp\/v2\/product_tag?post=68976"},{"taxonomy":"giftcard-category","embeddable":true,"href":"https:\/\/skinstudio.ee\/lv\/wp-json\/wp\/v2\/giftcard-category?post=68976"}],"curies":[{"name":"wp","href":"https:\/\/api.w.org\/{rel}","templated":true}]}}