{"id":68987,"date":"2024-07-18T15:11:25","date_gmt":"2024-07-18T15:11:25","guid":{"rendered":"https:\/\/skinstudio.ee\/?post_type=product&#038;p=68987"},"modified":"2026-01-22T15:03:26","modified_gmt":"2026-01-22T15:03:26","slug":"ultra-hydrating-skin-mist","status":"publish","type":"product","link":"https:\/\/skinstudio.ee\/lv\/catalog\/ultraceuticals\/ultra-hydrating-skin-mist\/","title":{"rendered":"Ultra Hydrating Skin Mist"},"content":{"rendered":"<div>\n<p data-start=\"315\" data-end=\"658\">Ultra Hydrating Skin Mist ir univers\u0101ls mitrino\u0161s sprejs, ko var izmantot gan k\u0101 vieglu patst\u0101v\u012bgu mitrin\u0101t\u0101ju, gan k\u0101 toniku, kas uzlabo turpm\u0101k\u0101s \u0101das kop\u0161anas efektivit\u0101ti. Formula nodro\u0161ina t\u016bl\u012bt\u0113ju mitrin\u0101\u0161anu, atsvaidzina \u0101du un pal\u012bdz saglab\u0101t komfortu visas dienas garum\u0101, padarot produktu \u012bpa\u0161i \u0113rtu lieto\u0161anai ce\u013c\u0101 un siltaj\u0101 sezon\u0101.<\/p>\n<p data-start=\"660\" data-end=\"923\">Viegl\u0101 tekst\u016bra \u0101tri ies\u016bcas, neatst\u0101j lip\u012bgumu vai smaguma saj\u016btu. Ide\u0101li piem\u0113rots tiem, kam ar kr\u0113mu nepietiek un kuri v\u0113las uztur\u0113t stabilu mitruma l\u012bmeni dienas laik\u0101. Sprejs pagarina \u0101das svaiguma saj\u016btu, atjauno t\u0101s elast\u012bbu un uzlabo kop\u0113jo \u0101das st\u0101vokli.<\/p>\n<p data-start=\"925\" data-end=\"1309\"><strong data-start=\"925\" data-end=\"939\">Piem\u0113rots:<\/strong> visiem \u0101das tipiem, tai skait\u0101 jut\u012bgai \u0101dai.<br data-start=\"984\" data-end=\"987\" \/><strong data-start=\"987\" data-end=\"1011\">Akt\u012bv\u0101s sast\u0101vda\u013cas:<\/strong><br data-start=\"1011\" data-end=\"1014\" \/>\u2022 Betains \u2013 pal\u012bdz uztur\u0113t mitrumu un elast\u012bbu.<br data-start=\"1061\" data-end=\"1064\" \/>\u2022 Glicer\u012bns \u2013 nodro\u0161ina dzi\u013cu mitrin\u0101\u0161anu un m\u012bkstumu.<br data-start=\"1118\" data-end=\"1121\" \/>\u2022 Pantenols (B5 vitam\u012bns) \u2013 nomierina, atjauno un stiprina \u0101das barjeru.<br data-start=\"1193\" data-end=\"1196\" \/>\u2022 Citronsk\u0101be \u2013 atsvaidzina un uzlabo \u0101das toni.<br data-start=\"1244\" data-end=\"1247\" \/>\u2022 Hialuronsk\u0101be \u2013 nodro\u0161ina t\u016bl\u012bt\u0113ju mitrin\u0101\u0161anu un gludumu.<\/p>\n<p data-start=\"1311\" data-end=\"1330\"><strong data-start=\"1311\" data-end=\"1323\">Tilpums:<\/strong> 150 ml<\/p>\n<\/div>\n<picture><source srcset=\"https:\/\/milfey-shop.ru\/image\/cache\/catalog\/content\/editors\/product\/edit\/hyd313150-w290_jpg.webp\" media=\"(max-width: 320px)\" \/><source srcset=\"https:\/\/milfey-shop.ru\/image\/cache\/catalog\/content\/editors\/product\/edit\/hyd313150-w450_jpg.webp\" media=\"(max-width: 480px)\" \/><source srcset=\"https:\/\/milfey-shop.ru\/image\/cache\/catalog\/content\/editors\/product\/edit\/hyd313150-w738_jpg.webp\" media=\"(max-width: 768px)\" \/><\/picture>\n","protected":false},"excerpt":{"rendered":"<p data-start=\"1531\" data-end=\"1836\"><span style=\"color: #ff0000;\"><strong data-start=\"1531\" data-end=\"1538\">NB!<\/strong> \u0160is produkts satur augstu akt\u012bvo vielu koncentr\u0101ciju. Pirms lieto\u0161anas iesak\u0101m konsult\u0113ties ar m\u016bsu speci\u0101listu. Zvan\u012bt +372 58500171 darba dien\u0101s 10:00\u201319:00 un br\u012bvdien\u0101s 11:00\u201315:00. Varat atst\u0101t savu t\u0101lru\u0146a numuru uz <a class=\"decorated-link cursor-pointer\" style=\"color: #ff0000;\" href=\"mailto:info@skinstudio.ee\" rel=\"noopener\" data-start=\"1761\" data-end=\"1779\">info@skinstudio.ee<\/a>, un m\u016bsu speci\u0101lists sazin\u0101sies ar jums 24 stundu laik\u0101.<\/span><\/p>\n<p data-start=\"1838\" data-end=\"1860\">Mitrino\u0161s sejas sprejs<\/p>\n<h2 data-start=\"1862\" data-end=\"2119\"><strong data-start=\"1862\" data-end=\"1917\">\u012apa\u0161\u012bbas Ultraceuticals &#8211; Ultra Hydrating Skin Mist<\/strong><\/h2>\n<p data-start=\"1862\" data-end=\"2119\">\u2714\ufe0f Mitrina un atsvaidzina \u0101du<br data-start=\"1949\" data-end=\"1952\" \/>\u2714\ufe0f Stiprina \u0101das barjeru un nodro\u0161ina komfortu<br data-start=\"1998\" data-end=\"2001\" \/>\u2714\ufe0f Nodro\u0161ina antioksidantu aizsardz\u012bbu<br data-start=\"2039\" data-end=\"2042\" \/>\u2714\ufe0f Saglab\u0101 \u0101du maigu un gludu ilg\u0101k<br data-start=\"2077\" data-end=\"2080\" \/>\u2714\ufe0f Uzlabo \u0101das toni un kop\u0113jo izskatu<\/p>\n","protected":false},"featured_media":65913,"template":"","meta":[],"pwb-brand":[785],"product_brand":[],"product_cat":[770,721],"product_tag":[],"giftcard-category":[],"class_list":{"0":"post-68987","1":"product","2":"type-product","3":"status-publish","4":"has-post-thumbnail","6":"pwb-brand-ultraceuticals","7":"product_cat-grims","8":"product_cat-toniki-lv","10":"first","11":"instock","12":"taxable","13":"shipping-taxable","14":"purchasable","15":"product-type-simple"},"acf":[],"brands":[{"id":785,"name":"Ultraceuticals","slug":"ultraceuticals"}],"_links":{"self":[{"href":"https:\/\/skinstudio.ee\/lv\/wp-json\/wp\/v2\/product\/68987","targetHints":{"allow":["GET"]}}],"collection":[{"href":"https:\/\/skinstudio.ee\/lv\/wp-json\/wp\/v2\/product"}],"about":[{"href":"https:\/\/skinstudio.ee\/lv\/wp-json\/wp\/v2\/types\/product"}],"version-history":[{"count":0,"href":"https:\/\/skinstudio.ee\/lv\/wp-json\/wp\/v2\/product\/68987\/revisions"}],"wp:featuredmedia":[{"embeddable":true,"href":"https:\/\/skinstudio.ee\/lv\/wp-json\/wp\/v2\/media\/65913"}],"wp:attachment":[{"href":"https:\/\/skinstudio.ee\/lv\/wp-json\/wp\/v2\/media?parent=68987"}],"wp:term":[{"taxonomy":"pwb-brand","embeddable":true,"href":"https:\/\/skinstudio.ee\/lv\/wp-json\/wp\/v2\/pwb-brand?post=68987"},{"taxonomy":"product_brand","embeddable":true,"href":"https:\/\/skinstudio.ee\/lv\/wp-json\/wp\/v2\/product_brand?post=68987"},{"taxonomy":"product_cat","embeddable":true,"href":"https:\/\/skinstudio.ee\/lv\/wp-json\/wp\/v2\/product_cat?post=68987"},{"taxonomy":"product_tag","embeddable":true,"href":"https:\/\/skinstudio.ee\/lv\/wp-json\/wp\/v2\/product_tag?post=68987"},{"taxonomy":"giftcard-category","embeddable":true,"href":"https:\/\/skinstudio.ee\/lv\/wp-json\/wp\/v2\/giftcard-category?post=68987"}],"curies":[{"name":"wp","href":"https:\/\/api.w.org\/{rel}","templated":true}]}}