{"id":68999,"date":"2024-07-17T11:32:59","date_gmt":"2024-07-17T11:32:59","guid":{"rendered":"https:\/\/skinstudio.ee\/?post_type=product&#038;p=68999"},"modified":"2026-01-22T15:03:25","modified_gmt":"2026-01-22T15:03:25","slug":"ultra-clear-foaming-cleanser","status":"publish","type":"product","link":"https:\/\/skinstudio.ee\/lv\/catalog\/ultraceuticals\/ultra-clear-foaming-cleanser\/","title":{"rendered":"Ultra Clear Foaming Cleanser"},"content":{"rendered":"<p data-start=\"328\" data-end=\"648\">Ultra Clear Foaming Cleanser ir akt\u012bvas iedarb\u012bbas putojo\u0161ais sejas t\u012br\u012bt\u0101js, kas dzi\u013ci att\u012bra poras, no\u0146em kosm\u0113tiku un samazina iekaisuma per\u0113k\u013cus. Formula ir izstr\u0101d\u0101ta \u012bpa\u0161i taukainai un uz akni tend\u0113tai \u0101dai: t\u0101 mazina komedonus, samazina aps\u0101rtumu, uzlabo \u0101das tekst\u016bru un pal\u012bdz nov\u0113rst jaunu izsitumu veido\u0161anos.<\/p>\n<p data-start=\"650\" data-end=\"843\">T\u012br\u012b\u0161anas l\u012bdzeklis ne tikai efekt\u012bvi att\u012bra, bet ar\u012b sagatavo \u0101du akt\u012bvo kop\u0161anas produktu lab\u0101kai uzs\u016bk\u0161anai. Viegl\u0101 putu tekst\u016bra atst\u0101j \u0101du svaigu, t\u012bru un l\u012bdzsvarotu bez velko\u0161as saj\u016btas.<\/p>\n<p data-start=\"845\" data-end=\"1037\"><strong data-start=\"845\" data-end=\"859\">Piem\u0113rots:<\/strong> iekais\u012bgas aknes gad\u012bjum\u0101 un \u013coti taukainai \u0101dai.<br data-start=\"909\" data-end=\"912\" \/><strong data-start=\"912\" data-end=\"923\">Padoms:<\/strong> kombin\u0113ta, uz taukain\u012bbu tend\u0113ta \u0101da var lietot \u0161o l\u012bdzekli 2\u20133 reizes ned\u0113\u013c\u0101, p\u0101rmai\u0146us ar maig\u0101kiem t\u012br\u012bt\u0101jiem.<\/p>\n<p data-start=\"1039\" data-end=\"1435\"><strong data-start=\"1039\" data-end=\"1063\">Akt\u012bv\u0101s sast\u0101vda\u013cas:<\/strong><br data-start=\"1063\" data-end=\"1066\" \/>\u2022 Niacinam\u012bds \u2013 normaliz\u0113 sebuma izdal\u012b\u0161anos, stiprina \u0101das barjeru un mazina aps\u0101rtumu.<br data-start=\"1154\" data-end=\"1157\" \/>\u2022 Salicilsk\u0101be \u2013 att\u012bra poras, pa\u0101trina atjauno\u0161anos un mazina komedonus.<br data-start=\"1230\" data-end=\"1233\" \/>\u2022 Sandalkoka e\u013c\u013ca \u2013 darbojas antiseptiski un mazina iekaisumu.<br data-start=\"1295\" data-end=\"1298\" \/>\u2022 Eikalipta lapu e\u013c\u013ca \u2013 att\u012bra, atsvaidzina un kav\u0113 bakt\u0113riju att\u012bst\u012bbu.<br data-start=\"1370\" data-end=\"1373\" \/>\u2022 Augu ekstrakti \u2013 pal\u012bdz nov\u0113rst jaunu izsitumu veido\u0161anos.<\/p>\n<p data-start=\"1437\" data-end=\"1456\"><strong data-start=\"1437\" data-end=\"1449\">Tilpums:<\/strong> 150 ml<\/p>\n","protected":false},"excerpt":{"rendered":"<p data-start=\"1662\" data-end=\"1967\"><span style=\"color: #ff0000;\"><strong data-start=\"1662\" data-end=\"1669\">NB!<\/strong> \u0160is produkts satur augstu akt\u012bvo vielu koncentr\u0101ciju. Pirms lieto\u0161anas iesak\u0101m konsult\u0113ties ar m\u016bsu speci\u0101listu. Zvan\u012bt +372 58500171 darba dien\u0101s 10:00\u201319:00 un br\u012bvdien\u0101s 11:00\u201315:00. Varat atst\u0101t savu t\u0101lru\u0146a numuru uz <a class=\"decorated-link cursor-pointer\" style=\"color: #ff0000;\" href=\"mailto:info@skinstudio.ee\" rel=\"noopener\" data-start=\"1892\" data-end=\"1910\">info@skinstudio.ee<\/a>, un m\u016bsu speci\u0101lists sazin\u0101sies ar jums 24 stundu laik\u0101.<\/span><\/p>\n<p data-start=\"1969\" data-end=\"1992\">Putas sejas att\u012br\u012b\u0161anai<\/p>\n<h2 data-start=\"1994\" data-end=\"2290\"><strong data-start=\"1994\" data-end=\"2052\">\u012apa\u0161\u012bbas Ultraceuticals &#8211; Ultra Clear Foaming Cleanser<\/strong><\/h2>\n<p data-start=\"1994\" data-end=\"2290\">\u2714\ufe0f Dzi\u013ci att\u012bra poras un no\u0146em kosm\u0113tiku<br data-start=\"2095\" data-end=\"2098\" \/>\u2714\ufe0f Samazina iekaisumu un izsitumus<br data-start=\"2132\" data-end=\"2135\" \/>\u2714\ufe0f Nodro\u0161ina antibakteri\u0101lu darb\u012bbu<br data-start=\"2170\" data-end=\"2173\" \/>\u2714\ufe0f Regul\u0113 sebuma izdal\u012b\u0161anos un nov\u0113r\u0161 poru aizs\u0113r\u0113\u0161anu<br data-start=\"2228\" data-end=\"2231\" \/>\u2714\ufe0f Uzlabo akt\u012bvo sast\u0101vda\u013cu uzs\u016bk\u0161anos turpm\u0101kaj\u0101 kop\u0161an\u0101<\/p>\n","protected":false},"featured_media":65918,"template":"","meta":[],"pwb-brand":[785],"product_brand":[],"product_cat":[715,741,747],"product_tag":[],"giftcard-category":[],"class_list":{"0":"post-68999","1":"product","2":"type-product","3":"status-publish","4":"has-post-thumbnail","6":"pwb-brand-ultraceuticals","7":"product_cat-attirisana","8":"product_cat-izsitumi","9":"product_cat-taukainai-adai","11":"first","12":"instock","13":"taxable","14":"shipping-taxable","15":"purchasable","16":"product-type-simple"},"acf":[],"brands":[{"id":785,"name":"Ultraceuticals","slug":"ultraceuticals"}],"_links":{"self":[{"href":"https:\/\/skinstudio.ee\/lv\/wp-json\/wp\/v2\/product\/68999","targetHints":{"allow":["GET"]}}],"collection":[{"href":"https:\/\/skinstudio.ee\/lv\/wp-json\/wp\/v2\/product"}],"about":[{"href":"https:\/\/skinstudio.ee\/lv\/wp-json\/wp\/v2\/types\/product"}],"version-history":[{"count":0,"href":"https:\/\/skinstudio.ee\/lv\/wp-json\/wp\/v2\/product\/68999\/revisions"}],"wp:featuredmedia":[{"embeddable":true,"href":"https:\/\/skinstudio.ee\/lv\/wp-json\/wp\/v2\/media\/65918"}],"wp:attachment":[{"href":"https:\/\/skinstudio.ee\/lv\/wp-json\/wp\/v2\/media?parent=68999"}],"wp:term":[{"taxonomy":"pwb-brand","embeddable":true,"href":"https:\/\/skinstudio.ee\/lv\/wp-json\/wp\/v2\/pwb-brand?post=68999"},{"taxonomy":"product_brand","embeddable":true,"href":"https:\/\/skinstudio.ee\/lv\/wp-json\/wp\/v2\/product_brand?post=68999"},{"taxonomy":"product_cat","embeddable":true,"href":"https:\/\/skinstudio.ee\/lv\/wp-json\/wp\/v2\/product_cat?post=68999"},{"taxonomy":"product_tag","embeddable":true,"href":"https:\/\/skinstudio.ee\/lv\/wp-json\/wp\/v2\/product_tag?post=68999"},{"taxonomy":"giftcard-category","embeddable":true,"href":"https:\/\/skinstudio.ee\/lv\/wp-json\/wp\/v2\/giftcard-category?post=68999"}],"curies":[{"name":"wp","href":"https:\/\/api.w.org\/{rel}","templated":true}]}}