{"id":69008,"date":"2024-07-17T11:32:05","date_gmt":"2024-07-17T11:32:05","guid":{"rendered":"https:\/\/skinstudio.ee\/?post_type=product&#038;p=69008"},"modified":"2026-01-22T15:03:25","modified_gmt":"2026-01-22T15:03:25","slug":"ultra-calming-cleanser","status":"publish","type":"product","link":"https:\/\/skinstudio.ee\/lv\/catalog\/ultraceuticals\/ultra-calming-cleanser\/","title":{"rendered":"Ultra Calming Cleanser"},"content":{"rendered":"<p data-start=\"359\" data-end=\"623\">Ultra Calming Cleanser ir \u012bpa\u0161i maigs sejas att\u012br\u012b\u0161anas l\u012bdzeklis, kas izstr\u0101d\u0101ts jut\u012bgai, rea\u0123\u0113jo\u0161ai un delik\u0101tai \u0101dai. Tas saudz\u012bgi no\u0146em virsmas net\u012brumus, lieko sebumu un kosm\u0113tiku, nesaboj\u0101jot \u0101das dabisko aizsargbarjeru un neizraisot kairin\u0101jumu vai sausumu.<\/p>\n<p data-start=\"625\" data-end=\"899\">L\u012bdzeklis ir ide\u0101li piem\u0113rots tiem, kuriem \u0101da k\u013c\u016bst jut\u012bga pret agres\u012bv\u0101m t\u012br\u012b\u0161anas formul\u0101m vai sp\u0113c\u012bgu berzi. Tas nodro\u0161ina t\u016bl\u012bt\u0113ju komfortu, mitrina un pal\u012bdz atjaunot \u0101das l\u012bdzsvaru. Piem\u0113rots ar\u012b acu zonas att\u012br\u012b\u0161anai, tostarp jut\u012bg\u0101m ac\u012bm un kontaktl\u0113cu lietot\u0101jiem.<\/p>\n<p data-start=\"901\" data-end=\"920\"><strong data-start=\"901\" data-end=\"913\">Tilpums:<\/strong> 200 ml<\/p>\n","protected":false},"excerpt":{"rendered":"<p data-start=\"1069\" data-end=\"1374\"><span style=\"color: #ff0000;\"><strong data-start=\"1069\" data-end=\"1076\">NB!<\/strong> \u0160is produkts satur augstu akt\u012bvo vielu koncentr\u0101ciju. Pirms lieto\u0161anas iesak\u0101m konsult\u0113ties ar m\u016bsu speci\u0101listu. Zvan\u012bt +372 58500171 darba dien\u0101s 10:00\u201319:00 un br\u012bvdien\u0101s 11:00\u201315:00. Varat atst\u0101t savu t\u0101lru\u0146a numuru uz <a class=\"decorated-link cursor-pointer\" style=\"color: #ff0000;\" href=\"mailto:info@skinstudio.ee\" rel=\"noopener\" data-start=\"1299\" data-end=\"1317\">info@skinstudio.ee<\/a>, un m\u016bsu speci\u0101lists sazin\u0101sies ar jums 24 stundu laik\u0101.<\/span><\/p>\n<p data-start=\"1376\" data-end=\"1403\">Nomierino\u0161s att\u012bro\u0161ais gels<\/p>\n<h2 data-start=\"1405\" data-end=\"1670\"><strong data-start=\"1405\" data-end=\"1457\">\u012apa\u0161\u012bbas Ultraceuticals &#8211; Ultra Calming Cleanser<\/strong><\/h2>\n<p data-start=\"1405\" data-end=\"1670\">\u2714\ufe0f Saudz\u012bgi no\u0146em net\u012brumus, lieko sebumu un kosm\u0113tiku<br data-start=\"1514\" data-end=\"1517\" \/>\u2714\ufe0f Mitrina un nomierina jut\u012bgu \u0101du<br data-start=\"1551\" data-end=\"1554\" \/>\u2714\ufe0f Saglab\u0101 dabisko aizsargbarjeru<br data-start=\"1587\" data-end=\"1590\" \/>\u2714\ufe0f Piem\u0113rots acu zonas att\u012br\u012b\u0161anai<br data-start=\"1624\" data-end=\"1627\" \/>\u2714\ufe0f Atst\u0101j \u0101du maigu, gludu un komfortablu<\/p>\n","protected":false},"featured_media":65923,"template":"","meta":[],"pwb-brand":[785],"product_brand":[],"product_cat":[715,745],"product_tag":[],"giftcard-category":[],"class_list":{"0":"post-69008","1":"product","2":"type-product","3":"status-publish","4":"has-post-thumbnail","6":"pwb-brand-ultraceuticals","7":"product_cat-attirisana","8":"product_cat-jutiga-ada","10":"first","11":"instock","12":"taxable","13":"shipping-taxable","14":"purchasable","15":"product-type-simple"},"acf":[],"brands":[{"id":785,"name":"Ultraceuticals","slug":"ultraceuticals"}],"_links":{"self":[{"href":"https:\/\/skinstudio.ee\/lv\/wp-json\/wp\/v2\/product\/69008","targetHints":{"allow":["GET"]}}],"collection":[{"href":"https:\/\/skinstudio.ee\/lv\/wp-json\/wp\/v2\/product"}],"about":[{"href":"https:\/\/skinstudio.ee\/lv\/wp-json\/wp\/v2\/types\/product"}],"version-history":[{"count":0,"href":"https:\/\/skinstudio.ee\/lv\/wp-json\/wp\/v2\/product\/69008\/revisions"}],"wp:featuredmedia":[{"embeddable":true,"href":"https:\/\/skinstudio.ee\/lv\/wp-json\/wp\/v2\/media\/65923"}],"wp:attachment":[{"href":"https:\/\/skinstudio.ee\/lv\/wp-json\/wp\/v2\/media?parent=69008"}],"wp:term":[{"taxonomy":"pwb-brand","embeddable":true,"href":"https:\/\/skinstudio.ee\/lv\/wp-json\/wp\/v2\/pwb-brand?post=69008"},{"taxonomy":"product_brand","embeddable":true,"href":"https:\/\/skinstudio.ee\/lv\/wp-json\/wp\/v2\/product_brand?post=69008"},{"taxonomy":"product_cat","embeddable":true,"href":"https:\/\/skinstudio.ee\/lv\/wp-json\/wp\/v2\/product_cat?post=69008"},{"taxonomy":"product_tag","embeddable":true,"href":"https:\/\/skinstudio.ee\/lv\/wp-json\/wp\/v2\/product_tag?post=69008"},{"taxonomy":"giftcard-category","embeddable":true,"href":"https:\/\/skinstudio.ee\/lv\/wp-json\/wp\/v2\/giftcard-category?post=69008"}],"curies":[{"name":"wp","href":"https:\/\/api.w.org\/{rel}","templated":true}]}}