{"id":69017,"date":"2024-07-17T11:29:22","date_gmt":"2024-07-17T11:29:22","guid":{"rendered":"https:\/\/skinstudio.ee\/?post_type=product&#038;p=69017"},"modified":"2026-01-22T15:03:26","modified_gmt":"2026-01-22T15:03:26","slug":"ultra-moisturiser-eye-cream","status":"publish","type":"product","link":"https:\/\/skinstudio.ee\/lv\/catalog\/ultraceuticals\/ultra-moisturiser-eye-cream\/","title":{"rendered":"Ultra Moisturiser Eye Cream"},"content":{"rendered":"<p data-start=\"390\" data-end=\"655\">Ultra Moisturiser Eye Cream ir vieglas tekst\u016bras mitrino\u0161s acu kr\u0113ms, kas pal\u012bdz stiprin\u0101t \u0101das lip\u012bdu barjeru un uztur\u0113t dabisko mitruma l\u012bmeni. Formula dzi\u013ci mitrina jut\u012bgo acu zonu, pal\u012bdz izl\u012bdzin\u0101t smalk\u0101s l\u012bnijas un uzlabo \u0101das komfortu bez kairin\u0101juma riska.<\/p>\n<p data-start=\"657\" data-end=\"1014\">Izstr\u0101d\u0101ts ar \u012bpa\u0161u uzman\u012bbu jut\u012bgumam, kr\u0113ms ir piem\u0113rots visiem \u0101das tipiem, tostarp rea\u0123\u0113jo\u0161ai vai viegli kairin\u0101mai \u0101dai. Hialuronsk\u0101be un ceram\u012bdi nodro\u0161ina ilgsto\u0161u mitrin\u0101\u0161anu, holesterols un tauksk\u0101bes stiprina barjeru, savuk\u0101rt kofe\u012bns samazina piet\u016bkumu un atsvaidzina acu zonu. Regul\u0101ri lietojot, acu kont\u016bra k\u013c\u016bst glud\u0101ka, gai\u0161\u0101ka un elast\u012bg\u0101ka.<\/p>\n<p data-start=\"1016\" data-end=\"1050\"><strong data-start=\"1016\" data-end=\"1030\">Piem\u0113rots:<\/strong> visiem \u0101das tipiem.<\/p>\n<p data-start=\"1052\" data-end=\"1303\"><strong data-start=\"1052\" data-end=\"1076\">Akt\u012bv\u0101s sast\u0101vda\u013cas:<\/strong><br data-start=\"1076\" data-end=\"1079\" \/>\u2022 Hialuronsk\u0101be \u2013 mitrina un uzlabo \u0101das elast\u012bbu.<br data-start=\"1129\" data-end=\"1132\" \/>\u2022 Ceram\u012bdi \u2013 stiprina un atjauno lip\u012bdu barjeru.<br data-start=\"1180\" data-end=\"1183\" \/>\u2022 Holesterols un tauksk\u0101bes \u2013 uzlabo barjeras iztur\u012bbu un maigumu.<br data-start=\"1249\" data-end=\"1252\" \/>\u2022 Kofe\u012bns \u2013 mazina piet\u016bkumu un noguruma paz\u012bmes.<\/p>\n<p data-start=\"1305\" data-end=\"1323\"><strong data-start=\"1305\" data-end=\"1317\">Tilpums:<\/strong> 15 ml<\/p>\n","protected":false},"excerpt":{"rendered":"<div class=\"page\" title=\"Page 7\">\n<div class=\"layoutArea\">\n<div class=\"column\">\n<p data-start=\"1437\" data-end=\"1742\"><span style=\"color: #ff0000;\"><strong data-start=\"1437\" data-end=\"1444\">NB!<\/strong> \u0160is produkts satur augstu akt\u012bvo vielu koncentr\u0101ciju. Pirms lieto\u0161anas iesak\u0101m konsult\u0113ties ar m\u016bsu speci\u0101listu. Zvan\u012bt +372 58500171 darba dien\u0101s 10:00\u201319:00 un br\u012bvdien\u0101s 11:00\u201315:00. Varat atst\u0101t savu t\u0101lru\u0146a numuru uz <a class=\"decorated-link cursor-pointer\" style=\"color: #ff0000;\" href=\"mailto:info@skinstudio.ee\" rel=\"noopener\" data-start=\"1667\" data-end=\"1685\">info@skinstudio.ee<\/a>, un m\u016bsu speci\u0101lists sazin\u0101sies ar jums 24 stundu laik\u0101.<\/span><\/p>\n<p data-start=\"1744\" data-end=\"1763\">Mitrino\u0161s acu kr\u0113ms<\/p>\n<h2 data-start=\"1765\" data-end=\"2029\"><strong data-start=\"1765\" data-end=\"1822\">\u012apa\u0161\u012bbas <\/strong><strong data-start=\"1765\" data-end=\"1822\">Ultraceuticals &#8211; Ultra Moisturiser Eye Cream<\/strong><\/h2>\n<p data-start=\"1765\" data-end=\"2029\">\u2714\ufe0f Samazina smalko l\u012bniju redzam\u012bbu<br data-start=\"1860\" data-end=\"1863\" \/>\u2714\ufe0f Atsvaidzina un izgaismo noguru\u0161u acu zonu<br data-start=\"1907\" data-end=\"1910\" \/>\u2714\ufe0f Dzi\u013ci mitrina un m\u012bkstina \u0101du<br data-start=\"1942\" data-end=\"1945\" \/>\u2714\ufe0f Mazina piet\u016bkumu un uzlabo tonusu<br data-start=\"1981\" data-end=\"1984\" \/>\u2714\ufe0f Stiprina barjeru un uzlabo \u0101das elast\u012bbu<\/p>\n<\/div>\n<\/div>\n<\/div>\n","protected":false},"featured_media":69018,"template":"","meta":[],"pwb-brand":[785],"product_brand":[],"product_cat":[733,737],"product_tag":[],"giftcard-category":[],"class_list":{"0":"post-69017","1":"product","2":"type-product","3":"status-publish","4":"has-post-thumbnail","6":"pwb-brand-ultraceuticals","7":"product_cat-ada-ap-acim","8":"product_cat-mitrinasana","10":"first","11":"instock","12":"taxable","13":"shipping-taxable","14":"purchasable","15":"product-type-simple"},"acf":[],"brands":[{"id":785,"name":"Ultraceuticals","slug":"ultraceuticals"}],"_links":{"self":[{"href":"https:\/\/skinstudio.ee\/lv\/wp-json\/wp\/v2\/product\/69017","targetHints":{"allow":["GET"]}}],"collection":[{"href":"https:\/\/skinstudio.ee\/lv\/wp-json\/wp\/v2\/product"}],"about":[{"href":"https:\/\/skinstudio.ee\/lv\/wp-json\/wp\/v2\/types\/product"}],"version-history":[{"count":0,"href":"https:\/\/skinstudio.ee\/lv\/wp-json\/wp\/v2\/product\/69017\/revisions"}],"wp:featuredmedia":[{"embeddable":true,"href":"https:\/\/skinstudio.ee\/lv\/wp-json\/wp\/v2\/media\/69018"}],"wp:attachment":[{"href":"https:\/\/skinstudio.ee\/lv\/wp-json\/wp\/v2\/media?parent=69017"}],"wp:term":[{"taxonomy":"pwb-brand","embeddable":true,"href":"https:\/\/skinstudio.ee\/lv\/wp-json\/wp\/v2\/pwb-brand?post=69017"},{"taxonomy":"product_brand","embeddable":true,"href":"https:\/\/skinstudio.ee\/lv\/wp-json\/wp\/v2\/product_brand?post=69017"},{"taxonomy":"product_cat","embeddable":true,"href":"https:\/\/skinstudio.ee\/lv\/wp-json\/wp\/v2\/product_cat?post=69017"},{"taxonomy":"product_tag","embeddable":true,"href":"https:\/\/skinstudio.ee\/lv\/wp-json\/wp\/v2\/product_tag?post=69017"},{"taxonomy":"giftcard-category","embeddable":true,"href":"https:\/\/skinstudio.ee\/lv\/wp-json\/wp\/v2\/giftcard-category?post=69017"}],"curies":[{"name":"wp","href":"https:\/\/api.w.org\/{rel}","templated":true}]}}