{"id":69027,"date":"2024-07-16T13:07:33","date_gmt":"2024-07-16T13:07:33","guid":{"rendered":"https:\/\/skinstudio.ee\/?post_type=product&#038;p=69027"},"modified":"2026-01-22T15:03:25","modified_gmt":"2026-01-22T15:03:25","slug":"ultra-hydrating-lotion","status":"publish","type":"product","link":"https:\/\/skinstudio.ee\/lv\/catalog\/ultraceuticals\/ultra-hydrating-lotion\/","title":{"rendered":"Ultra Hydrating Lotion"},"content":{"rendered":"<div class=\"page\" title=\"Page 9\">\n<div class=\"layoutArea\">\n<div class=\"column\">\n<p data-start=\"379\" data-end=\"748\">Ultra Hydrating Lotion ir vieglas tekst\u016bras, \u0101tri uzs\u016bco\u0161s losjons, kas ir bag\u0101tin\u0101ts ar n\u0101trija hialuron\u0101tu \u2013 sp\u0113c\u012bgu mitrino\u0161u sast\u0101vda\u013cu, kas pal\u012bdz saglab\u0101t mitrumu un uztur\u0113t dabisko \u0101das hidrat\u0101cijas l\u012bmeni. Formula papildin\u0101ta ar kondicion\u0113jo\u0161iem komponentiem, piem\u0113ram, E vitam\u012bnu un alveju, kas nomierina sausu \u0101du, padara to maig\u0101ku, glud\u0101ku un l\u012bdzsvarot\u0101ku.<\/p>\n<p data-start=\"750\" data-end=\"1121\">Losjons ir piem\u0113rots visiem \u0101das tipiem, \u012bpa\u0161i kombin\u0113tai, taukainai un aknes skartai \u0101dai. Ceram\u012bdi pal\u012bdz atjaunot \u0101das barjeru un nov\u0113rst mitruma zudumu, n\u0101trija hialuron\u0101ts nodro\u0161ina dzi\u013cu mitrin\u0101\u0161anu, savuk\u0101rt augu ekstrakti nomierina \u0101du un aizsarg\u0101 to no br\u012bvo radik\u0101\u013cu ietekmes. Regul\u0101ras lieto\u0161anas rezult\u0101t\u0101 \u0101da k\u013c\u016bst glud\u0101ka, mitrin\u0101t\u0101ka un vizu\u0101li vesel\u012bg\u0101ka.<\/p>\n<p data-start=\"1123\" data-end=\"1519\"><strong data-start=\"1123\" data-end=\"1137\">Piem\u0113rots:<\/strong> visiem \u0101das tipiem, \u012bpa\u0161i kombin\u0113tai, taukainai un aknes skartai \u0101dai.<br data-start=\"1208\" data-end=\"1211\" \/><strong data-start=\"1211\" data-end=\"1236\">Galven\u0101s sast\u0101vda\u013cas:<\/strong><br data-start=\"1236\" data-end=\"1239\" \/>\u2022 Ceram\u012bdi \u2013 atjauno \u0101das barjeru un pal\u012bdz notur\u0113t mitrumu.<br data-start=\"1299\" data-end=\"1302\" \/>\u2022 N\u0101trija hialuron\u0101ts \u2013 dzi\u013ci mitrina un m\u012bkstina \u0101du.<br data-start=\"1356\" data-end=\"1359\" \/>\u2022 E vitam\u012bns \u2013 aizsarg\u0101 pret oksidat\u012bvo stresu.<br data-start=\"1406\" data-end=\"1409\" \/>\u2022 Alveja \u2013 nomierina un mazina kairin\u0101jumu.<br data-start=\"1452\" data-end=\"1455\" \/>\u2022 Sk\u0101bes \u2013 uzlabo tekst\u016bru un veicina \u0101das dabisko atjauno\u0161anos.<\/p>\n<p data-start=\"1521\" data-end=\"1539\"><strong data-start=\"1521\" data-end=\"1533\">Tilpums:<\/strong> 75 ml<\/p>\n<\/div>\n<\/div>\n<\/div>\n","protected":false},"excerpt":{"rendered":"<div class=\"page\" title=\"Page 9\">\n<div class=\"layoutArea\">\n<div class=\"column\">\n<p data-start=\"1681\" data-end=\"1998\"><span style=\"color: #ff0000;\"><strong data-start=\"1681\" data-end=\"1688\">NB!<\/strong> \u0160is produkts satur augstu akt\u012bvo vielu koncentr\u0101ciju. Pirms lieto\u0161anas iesak\u0101m konsult\u0113ties ar m\u016bsu speci\u0101listu. Zvan\u012bt +372 58500171 darba dien\u0101s 10:00\u201319:00 un br\u012bvdien\u0101s 11:00\u201315:00. Varat ar\u012b atst\u0101t savu t\u0101lru\u0146a numuru pa e-pastu <a class=\"decorated-link cursor-pointer\" style=\"color: #ff0000;\" href=\"mailto:info@skinstudio.ee\" rel=\"noopener\" data-start=\"1923\" data-end=\"1941\">info@skinstudio.ee<\/a>, un m\u016bsu speci\u0101lists sazin\u0101sies ar jums 24 stundu laik\u0101.<\/span><\/p>\n<p data-start=\"2000\" data-end=\"2017\">Mitrino\u0161s losjons<\/p>\n<h2 data-start=\"2019\" data-end=\"2316\"><strong data-start=\"2019\" data-end=\"2071\">\u012apa\u0161\u012bbas Ultraceuticals &#8211; Ultra Hydrating Lotion<\/strong><\/h2>\n<p data-start=\"2019\" data-end=\"2316\">\u2714\ufe0f Atjauno un stiprina \u0101das lip\u012bdu barjeru<br data-start=\"2116\" data-end=\"2119\" \/>\u2714\ufe0f Samazina poru redzam\u012bbu un l\u012bdzsvaro sebuma izdal\u012b\u0161anos<br data-start=\"2177\" data-end=\"2180\" \/>\u2714\ufe0f Dzi\u013ci mitrina un m\u012bkstina \u0101du<br data-start=\"2212\" data-end=\"2215\" \/>\u2714\ufe0f Nomierina un pal\u012bdz samazin\u0101t kairin\u0101jumu<br data-start=\"2259\" data-end=\"2262\" \/>\u2714\ufe0f Atjauno mitruma l\u012bmeni un mazina sasprindzin\u0101jumu<\/p>\n<\/div>\n<\/div>\n<\/div>\n","protected":false},"featured_media":65929,"template":"","meta":[],"pwb-brand":[785],"product_brand":[],"product_cat":[741,745,737,747],"product_tag":[],"giftcard-category":[],"class_list":{"0":"post-69027","1":"product","2":"type-product","3":"status-publish","4":"has-post-thumbnail","6":"pwb-brand-ultraceuticals","7":"product_cat-izsitumi","8":"product_cat-jutigai-adai","9":"product_cat-mitrinasana","10":"product_cat-taukainai-adai","12":"first","13":"instock","14":"taxable","15":"shipping-taxable","16":"purchasable","17":"product-type-simple"},"acf":[],"brands":[{"id":785,"name":"Ultraceuticals","slug":"ultraceuticals"}],"_links":{"self":[{"href":"https:\/\/skinstudio.ee\/lv\/wp-json\/wp\/v2\/product\/69027","targetHints":{"allow":["GET"]}}],"collection":[{"href":"https:\/\/skinstudio.ee\/lv\/wp-json\/wp\/v2\/product"}],"about":[{"href":"https:\/\/skinstudio.ee\/lv\/wp-json\/wp\/v2\/types\/product"}],"version-history":[{"count":0,"href":"https:\/\/skinstudio.ee\/lv\/wp-json\/wp\/v2\/product\/69027\/revisions"}],"wp:featuredmedia":[{"embeddable":true,"href":"https:\/\/skinstudio.ee\/lv\/wp-json\/wp\/v2\/media\/65929"}],"wp:attachment":[{"href":"https:\/\/skinstudio.ee\/lv\/wp-json\/wp\/v2\/media?parent=69027"}],"wp:term":[{"taxonomy":"pwb-brand","embeddable":true,"href":"https:\/\/skinstudio.ee\/lv\/wp-json\/wp\/v2\/pwb-brand?post=69027"},{"taxonomy":"product_brand","embeddable":true,"href":"https:\/\/skinstudio.ee\/lv\/wp-json\/wp\/v2\/product_brand?post=69027"},{"taxonomy":"product_cat","embeddable":true,"href":"https:\/\/skinstudio.ee\/lv\/wp-json\/wp\/v2\/product_cat?post=69027"},{"taxonomy":"product_tag","embeddable":true,"href":"https:\/\/skinstudio.ee\/lv\/wp-json\/wp\/v2\/product_tag?post=69027"},{"taxonomy":"giftcard-category","embeddable":true,"href":"https:\/\/skinstudio.ee\/lv\/wp-json\/wp\/v2\/giftcard-category?post=69027"}],"curies":[{"name":"wp","href":"https:\/\/api.w.org\/{rel}","templated":true}]}}