{"id":69037,"date":"2024-07-16T13:02:53","date_gmt":"2024-07-16T13:02:53","guid":{"rendered":"https:\/\/skinstudio.ee\/?post_type=product&#038;p=69037"},"modified":"2026-01-22T15:03:24","modified_gmt":"2026-01-22T15:03:24","slug":"ultra-brightening-moisturiser-cream","status":"publish","type":"product","link":"https:\/\/skinstudio.ee\/lv\/catalog\/ultraceuticals\/ultra-brightening-moisturiser-cream\/","title":{"rendered":"Ultra Brightening Moisturiser Cream"},"content":{"rendered":"<div class=\"page\" title=\"Page 10\">\n<div class=\"layoutArea\">\n<div class=\"column\">\n<p data-start=\"366\" data-end=\"641\">Ultra Brightening Moisturiser Cream ir dzi\u013ci mitrino\u0161s kr\u0113ms, kas pal\u012bdz izgaismot \u0101du, vienm\u0113r\u012bgi izl\u012bdzin\u0101t toni un atjaunot vesel\u012bgu, starojo\u0161u izskatu. Viegl\u0101 tekst\u016bra atbalsta \u0101das dabisko lip\u012bdu barjeru, mazina sausumu un raupjumu, padarot \u0101du glud\u0101ku un komfortabl\u0101ku.<\/p>\n<p data-start=\"643\" data-end=\"1000\">Niacinam\u012bds pal\u012bdz mazin\u0101t fotobo\u0161an\u0101s un postaknes p\u0113das, savuk\u0101rt sk\u0101be\u0146u ekstrakts maigi samazina pigment\u0101ciju un aps\u0101rtumu, padarot \u0101das toni gai\u0161\u0101ku un vienm\u0113r\u012bg\u0101ku. Linolsk\u0101be un linol\u0113nsk\u0101be \u2013 b\u016btiski \u0101das lip\u012bdi \u2013 nostiprina aizsargbarjeru, papildina mitrumu un uzlabo \u0101das elast\u012bbu. Regul\u0101ri lietojot, \u0101da k\u013c\u016bst maig\u0101ka, glud\u0101ka un vizu\u0101li gai\u0161\u0101ka.<\/p>\n<p data-start=\"1002\" data-end=\"1308\"><strong data-start=\"1002\" data-end=\"1016\">Piem\u0113rots:<\/strong> sausai \u0101dai ar pigment\u0101ciju un izsitumiem, iz\u0146emot jut\u012bgu \u0101du.<br data-start=\"1079\" data-end=\"1082\" \/><strong data-start=\"1082\" data-end=\"1107\">Galven\u0101s sast\u0101vda\u013cas:<\/strong><br data-start=\"1107\" data-end=\"1110\" \/>\u2022 Niacinam\u012bds \u2013 samazina postaknes p\u0113das un nevienm\u0113r\u012bgu toni.<br data-start=\"1172\" data-end=\"1175\" \/>\u2022 Sk\u0101be\u0146u ekstrakts \u2013 maigi samazina pigment\u0101ciju un aps\u0101rtumu.<br data-start=\"1238\" data-end=\"1241\" \/>\u2022 Linolsk\u0101be un linol\u0113nsk\u0101be \u2013 stiprina lip\u012bdu barjeru un baro \u0101du.<\/p>\n<p data-start=\"1310\" data-end=\"1328\"><strong data-start=\"1310\" data-end=\"1322\">Tilpums:<\/strong> 75 ml<\/p>\n<\/div>\n<\/div>\n<\/div>\n","protected":false},"excerpt":{"rendered":"<div class=\"page\" title=\"Page 10\">\n<div class=\"layoutArea\">\n<div class=\"column\">\n<p data-start=\"1510\" data-end=\"1827\"><span style=\"color: #ff0000;\"><strong data-start=\"1510\" data-end=\"1517\">NB!<\/strong> \u0160is produkts satur augstu akt\u012bvo vielu koncentr\u0101ciju. Pirms lieto\u0161anas iesak\u0101m konsult\u0113ties ar m\u016bsu speci\u0101listu. Zvan\u012bt +372 58500171 darba dien\u0101s 10:00\u201319:00 un br\u012bvdien\u0101s 11:00\u201315:00. Varat ar\u012b atst\u0101t savu t\u0101lru\u0146a numuru pa e-pastu <a class=\"decorated-link cursor-pointer\" style=\"color: #ff0000;\" href=\"mailto:info@skinstudio.ee\" rel=\"noopener\" data-start=\"1752\" data-end=\"1770\">info@skinstudio.ee<\/a>, un m\u016bsu speci\u0101lists sazin\u0101sies ar jums 24 stundu laik\u0101.<\/span><\/p>\n<p data-start=\"1829\" data-end=\"1867\">Mitrino\u0161s kr\u0113ms ar izgaismojo\u0161u efektu<\/p>\n<h2 data-start=\"1869\" data-end=\"2182\"><strong data-start=\"1869\" data-end=\"1934\">Ultraceuticals &#8211; Ultra Brightening Moisturiser Cream \u012apa\u0161\u012bbas<\/strong><\/h2>\n<p data-start=\"1869\" data-end=\"2182\">\u2714\ufe0f Dzi\u013ci mitrina un atjauno \u0101das mitruma l\u012bmeni<br data-start=\"1984\" data-end=\"1987\" \/>\u2714\ufe0f Samazina pigment\u0101ciju un postaknes p\u0113das<br data-start=\"2030\" data-end=\"2033\" \/>\u2714\ufe0f Izl\u012bdzina \u0101das toni un pie\u0161\u0137ir dabisku mirdzumu<br data-start=\"2083\" data-end=\"2086\" \/>\u2714\ufe0f Stiprina lip\u012bdu barjeru un uzlabo elast\u012bbu<br data-start=\"2131\" data-end=\"2134\" \/>\u2714\ufe0f Padara \u0101du glud\u0101ku, maig\u0101ku un viendab\u012bg\u0101ku<\/p>\n<\/div>\n<\/div>\n<\/div>\n","protected":false},"featured_media":65934,"template":"","meta":[],"pwb-brand":[785],"product_brand":[],"product_cat":[741,737,751,739],"product_tag":[],"giftcard-category":[],"class_list":{"0":"post-69037","1":"product","2":"type-product","3":"status-publish","4":"has-post-thumbnail","6":"pwb-brand-ultraceuticals","7":"product_cat-izsitumi","8":"product_cat-mitrinasana","9":"product_cat-pigmentacija-lv","10":"product_cat-sausai-adai","12":"first","13":"instock","14":"taxable","15":"shipping-taxable","16":"purchasable","17":"product-type-simple"},"acf":[],"brands":[{"id":785,"name":"Ultraceuticals","slug":"ultraceuticals"}],"_links":{"self":[{"href":"https:\/\/skinstudio.ee\/lv\/wp-json\/wp\/v2\/product\/69037","targetHints":{"allow":["GET"]}}],"collection":[{"href":"https:\/\/skinstudio.ee\/lv\/wp-json\/wp\/v2\/product"}],"about":[{"href":"https:\/\/skinstudio.ee\/lv\/wp-json\/wp\/v2\/types\/product"}],"version-history":[{"count":0,"href":"https:\/\/skinstudio.ee\/lv\/wp-json\/wp\/v2\/product\/69037\/revisions"}],"wp:featuredmedia":[{"embeddable":true,"href":"https:\/\/skinstudio.ee\/lv\/wp-json\/wp\/v2\/media\/65934"}],"wp:attachment":[{"href":"https:\/\/skinstudio.ee\/lv\/wp-json\/wp\/v2\/media?parent=69037"}],"wp:term":[{"taxonomy":"pwb-brand","embeddable":true,"href":"https:\/\/skinstudio.ee\/lv\/wp-json\/wp\/v2\/pwb-brand?post=69037"},{"taxonomy":"product_brand","embeddable":true,"href":"https:\/\/skinstudio.ee\/lv\/wp-json\/wp\/v2\/product_brand?post=69037"},{"taxonomy":"product_cat","embeddable":true,"href":"https:\/\/skinstudio.ee\/lv\/wp-json\/wp\/v2\/product_cat?post=69037"},{"taxonomy":"product_tag","embeddable":true,"href":"https:\/\/skinstudio.ee\/lv\/wp-json\/wp\/v2\/product_tag?post=69037"},{"taxonomy":"giftcard-category","embeddable":true,"href":"https:\/\/skinstudio.ee\/lv\/wp-json\/wp\/v2\/giftcard-category?post=69037"}],"curies":[{"name":"wp","href":"https:\/\/api.w.org\/{rel}","templated":true}]}}