{"id":69046,"date":"2024-07-16T12:35:43","date_gmt":"2024-07-16T12:35:43","guid":{"rendered":"https:\/\/skinstudio.ee\/?post_type=product&#038;p=69046"},"modified":"2026-01-22T15:03:25","modified_gmt":"2026-01-22T15:03:25","slug":"ultra-calming-moisturiser-cream","status":"publish","type":"product","link":"https:\/\/skinstudio.ee\/lv\/catalog\/ultraceuticals\/ultra-calming-moisturiser-cream\/","title":{"rendered":"Ultra Calming Moisturiser Cream"},"content":{"rendered":"<div>\n<p data-start=\"303\" data-end=\"695\">Ultra Calming Moisturiser Cream ir intens\u012bvi mitrino\u0161s un atjaunojo\u0161s kr\u0113ms, kas palielina \u0101das mitruma l\u012bmeni l\u012bdz pat 50% jau pirmaj\u0101 lieto\u0161anas ned\u0113\u013c\u0101. Formula stiprina \u0101das aizsargbarjeru, uzlabo mitruma notur\u0113\u0161anu un nov\u0113r\u0161 transepiderm\u0101lo \u016bdens zudumu. Kr\u0113ms acumirkl\u012b nomierina kairin\u0101jumu, mazina diskomfortu un padara \u0101du maig\u0101ku, glud\u0101ku un iztur\u012bg\u0101ku pret apk\u0101rt\u0113j\u0101s vides ietekmi.<\/p>\n<p data-start=\"697\" data-end=\"1045\">Bag\u0101t\u012bg\u0101, bet \u0101tri ies\u016bco\u0161\u0101 tekst\u016bra sniedz t\u016bl\u012bt\u0113ju komfortu bez smaguma saj\u016btas. Produkts ir ide\u0101li piem\u0113rots sausai, kombin\u0113tai un dehidrat\u0113tai \u0101dai, kas m\u0113dz k\u013c\u016bt jut\u012bga. Ceram\u012bdi atjauno barjeru un stiprina mitruma notur\u0113\u0161anu, sk\u0101bes atbalsta \u0101das dabisko atjauno\u0161anos, savuk\u0101rt augu e\u013c\u013cas nomierina un aizsarg\u0101 \u0101du no br\u012bvo radik\u0101\u013cu ietekmes.<\/p>\n<p data-start=\"1047\" data-end=\"1340\"><strong data-start=\"1047\" data-end=\"1061\">Piem\u0113rots:<\/strong> sausai un kombin\u0113tai \u0101dai, kas ir pak\u013cauta sausumam.<br data-start=\"1114\" data-end=\"1117\" \/><strong data-start=\"1117\" data-end=\"1142\">Galven\u0101s sast\u0101vda\u013cas:<\/strong><br data-start=\"1142\" data-end=\"1145\" \/>\u2022 Ceram\u012bdi \u2013 atjauno \u0101das barjeru un uzlabo mitruma notur\u0113\u0161anu.<br data-start=\"1208\" data-end=\"1211\" \/>\u2022 Sk\u0101bes \u2013 veicina \u0101das atjauno\u0161anos un uzlabo tekst\u016bru.<br data-start=\"1267\" data-end=\"1270\" \/>\u2022 Augu e\u013c\u013cas \u2013 nomierina kairin\u0101jumu un aizsarg\u0101 no oksidat\u012bv\u0101 stresa.<\/p>\n<p data-start=\"1342\" data-end=\"1360\"><strong data-start=\"1342\" data-end=\"1354\">Tilpums:<\/strong> 75 ml<\/p>\n<\/div>\n<picture><source srcset=\"https:\/\/milfey-shop.ru\/image\/cache\/catalog\/content\/editors\/product\/edit\/hyd050075-1-w290_jpg.webp\" media=\"(max-width: 320px)\" \/><source srcset=\"https:\/\/milfey-shop.ru\/image\/cache\/catalog\/content\/editors\/product\/edit\/hyd050075-1-w450_jpg.webp\" media=\"(max-width: 480px)\" \/><source srcset=\"https:\/\/milfey-shop.ru\/image\/cache\/catalog\/content\/editors\/product\/edit\/hyd050075-1-w738_jpg.webp\" media=\"(max-width: 768px)\" \/><\/picture>\n","protected":false},"excerpt":{"rendered":"<p data-start=\"1522\" data-end=\"1839\"><span style=\"color: #ff0000;\"><strong data-start=\"1522\" data-end=\"1529\">NB!<\/strong> \u0160is produkts satur augstu akt\u012bvo vielu koncentr\u0101ciju. Pirms lieto\u0161anas iesak\u0101m konsult\u0113ties ar m\u016bsu speci\u0101listu. Zvan\u012bt +372 58500171 darba dien\u0101s 10:00\u201319:00 un br\u012bvdien\u0101s 11:00\u201315:00. Varat ar\u012b atst\u0101t savu t\u0101lru\u0146a numuru pa e-pastu <a class=\"decorated-link cursor-pointer\" style=\"color: #ff0000;\" href=\"mailto:info@skinstudio.ee\" rel=\"noopener\" data-start=\"1764\" data-end=\"1782\">info@skinstudio.ee<\/a>, un m\u016bsu speci\u0101lists sazin\u0101sies ar jums 24 stundu laik\u0101.<\/span><\/p>\n<p data-start=\"1841\" data-end=\"1870\">Nomierino\u0161s mitrino\u0161ais kr\u0113ms<\/p>\n<h2 data-start=\"1872\" data-end=\"2167\"><strong data-start=\"1872\" data-end=\"1933\">Ultraceuticals &#8211; Ultra Calming Moisturiser Cream \u012apa\u0161\u012bbas<\/strong><\/h2>\n<p data-start=\"1872\" data-end=\"2167\">\u2714\ufe0f Stiprina un atjauno \u0101das aizsargbarjeru<br data-start=\"1978\" data-end=\"1981\" \/>\u2714\ufe0f Dzi\u013ci mitrina un atjauno mitruma l\u012bmeni<br data-start=\"2023\" data-end=\"2026\" \/>\u2714\ufe0f Nomierina jut\u012bgumu un mazina kairin\u0101jumu<br data-start=\"2069\" data-end=\"2072\" \/>\u2714\ufe0f Atbalsta \u0101das atjauno\u0161anos p\u0113c salonproced\u016br\u0101m<br data-start=\"2121\" data-end=\"2124\" \/>\u2714\ufe0f Nov\u0113r\u0161 mitruma zudumu un dehidrat\u0101ciju<\/p>\n","protected":false},"featured_media":65939,"template":"","meta":[],"pwb-brand":[785],"product_brand":[],"product_cat":[745,737,739],"product_tag":[],"giftcard-category":[],"class_list":{"0":"post-69046","1":"product","2":"type-product","3":"status-publish","4":"has-post-thumbnail","6":"pwb-brand-ultraceuticals","7":"product_cat-jutigai-adai","8":"product_cat-mitrinasana","9":"product_cat-sausai-adai","11":"first","12":"instock","13":"taxable","14":"shipping-taxable","15":"purchasable","16":"product-type-simple"},"acf":[],"brands":[{"id":785,"name":"Ultraceuticals","slug":"ultraceuticals"}],"_links":{"self":[{"href":"https:\/\/skinstudio.ee\/lv\/wp-json\/wp\/v2\/product\/69046","targetHints":{"allow":["GET"]}}],"collection":[{"href":"https:\/\/skinstudio.ee\/lv\/wp-json\/wp\/v2\/product"}],"about":[{"href":"https:\/\/skinstudio.ee\/lv\/wp-json\/wp\/v2\/types\/product"}],"version-history":[{"count":0,"href":"https:\/\/skinstudio.ee\/lv\/wp-json\/wp\/v2\/product\/69046\/revisions"}],"wp:featuredmedia":[{"embeddable":true,"href":"https:\/\/skinstudio.ee\/lv\/wp-json\/wp\/v2\/media\/65939"}],"wp:attachment":[{"href":"https:\/\/skinstudio.ee\/lv\/wp-json\/wp\/v2\/media?parent=69046"}],"wp:term":[{"taxonomy":"pwb-brand","embeddable":true,"href":"https:\/\/skinstudio.ee\/lv\/wp-json\/wp\/v2\/pwb-brand?post=69046"},{"taxonomy":"product_brand","embeddable":true,"href":"https:\/\/skinstudio.ee\/lv\/wp-json\/wp\/v2\/product_brand?post=69046"},{"taxonomy":"product_cat","embeddable":true,"href":"https:\/\/skinstudio.ee\/lv\/wp-json\/wp\/v2\/product_cat?post=69046"},{"taxonomy":"product_tag","embeddable":true,"href":"https:\/\/skinstudio.ee\/lv\/wp-json\/wp\/v2\/product_tag?post=69046"},{"taxonomy":"giftcard-category","embeddable":true,"href":"https:\/\/skinstudio.ee\/lv\/wp-json\/wp\/v2\/giftcard-category?post=69046"}],"curies":[{"name":"wp","href":"https:\/\/api.w.org\/{rel}","templated":true}]}}