{"id":69069,"date":"2024-07-16T12:34:44","date_gmt":"2024-07-16T12:34:44","guid":{"rendered":"https:\/\/skinstudio.ee\/?post_type=product&#038;p=69069"},"modified":"2026-01-22T15:03:25","modified_gmt":"2026-01-22T15:03:25","slug":"ultra-even-skintone-smoothing-moisturiser","status":"publish","type":"product","link":"https:\/\/skinstudio.ee\/lv\/catalog\/ultraceuticals\/ultra-even-skintone-smoothing-moisturiser\/","title":{"rendered":"Ultra Even Skintone Smoothing Moisturiser"},"content":{"rendered":"<p data-start=\"343\" data-end=\"709\">Ultra Even Skintone Smoothing Moisturiser ir nomierino\u0161s un mitrino\u0161s kr\u0113ms, kas rad\u012bts \u012bpa\u0161i jut\u012bgai un aps\u0101rtumam pak\u013cautai \u0101dai. T\u0101 formula stiprina \u0101das aizsargbarjeru, mazina reaktivit\u0101ti un pal\u012bdz nov\u0113rst aps\u0101rtumu, ko izraisa apk\u0101rt\u0113j\u0101s vides ietekme. Kr\u0113ms sniedz dzi\u013cu mitrin\u0101\u0161anu un baro\u0161anu, neradot kairin\u0101jumu, un atst\u0101j \u0101du maigu, gludu un komfortablu.<\/p>\n<p data-start=\"711\" data-end=\"916\">Kr\u0113ms pal\u012bdz samazin\u0101t redzamas kapil\u0101ru izpausmes, uzlabo \u0101das toni un paaugstina \u0101das iztur\u012bbu pret \u0101r\u0113jiem faktoriem. Regul\u0101ras lieto\u0161anas rezult\u0101t\u0101 \u0101da k\u013c\u016bst l\u012bdzsvarot\u0101ka, mitrin\u0101t\u0101ka un maz\u0101k jut\u012bga.<\/p>\n<p data-start=\"918\" data-end=\"994\"><strong data-start=\"918\" data-end=\"932\">Piem\u0113rots:<\/strong> jut\u012bgai \u0101dai, kas pak\u013cauta aps\u0101rtumam un kuperozes izpausm\u0113m.<\/p>\n<p data-start=\"996\" data-end=\"1321\"><strong data-start=\"996\" data-end=\"1020\">Akt\u012bv\u0101s sast\u0101vda\u013cas:<\/strong><br data-start=\"1020\" data-end=\"1023\" \/>\u2022 Niac\u012bns \u2013 mazina sausumu, aps\u0101rtumu un stiprina \u0101das barjeru.<br data-start=\"1086\" data-end=\"1089\" \/>\u2022 Etilaskorb\u0101ts \u2013 stabiliz\u0113ta C vitam\u012bna forma, kas stiprina asinsvadus un izgaismo toni.<br data-start=\"1178\" data-end=\"1181\" \/>\u2022 Ceram\u012bdi \u2013 atjauno lip\u012bdu barjeru un pal\u012bdz saglab\u0101t mitrumu.<br data-start=\"1244\" data-end=\"1247\" \/>\u2022 Maigas sk\u0101bes \u2013 uzlabo tekst\u016bru un samazina agr\u012bnas noveco\u0161an\u0101s paz\u012bmes.<\/p>\n<p data-start=\"1323\" data-end=\"1341\"><strong data-start=\"1323\" data-end=\"1335\">Tilpums:<\/strong> 75 ml<\/p>\n","protected":false},"excerpt":{"rendered":"<p data-start=\"1572\" data-end=\"1857\"><span style=\"color: #ff0000;\"><strong>NB<\/strong>! \u0160is produkts satur augstu akt\u012bvo vielu koncentr\u0101ciju. Pirms lieto\u0161anas iesak\u0101m konsult\u0113ties ar m\u016bsu speci\u0101listu. Zvaniet +372 58500171 P\u2013Pk 10:00\u201319:00 un S\u2013Sv 11:00\u201315:00. Varat ar\u012b nos\u016bt\u012bt savu t\u0101lru\u0146a numuru uz <a class=\"decorated-link cursor-pointer\" style=\"color: #ff0000;\" href=\"mailto:info@skinstudio.ee\" rel=\"noopener\" data-start=\"1790\" data-end=\"1808\">info@skinstudio.ee<\/a>, un m\u016bsu speci\u0101lists sazin\u0101sies 24 stundu laik\u0101.<\/span><\/p>\n<p data-start=\"1859\" data-end=\"1887\">Mitrino\u0161s kr\u0113ms jut\u012bgai \u0101dai<\/p>\n<h2 data-start=\"1889\" data-end=\"1961\">\u012apa\u0161\u012bbas ULTRACEUTICALS &#8211; Ultra Even Skintone Smoothing Moisturiser<\/h2>\n<p data-start=\"1962\" data-end=\"2150\">\u2714\ufe0f Stiprina \u0101das aizsargbarjeru<br data-start=\"1993\" data-end=\"1996\" \/>\u2714\ufe0f Dzi\u013ci mitrina un m\u012bkstina \u0101du<br data-start=\"2028\" data-end=\"2031\" \/>\u2714\ufe0f Mazina jut\u012bbu un \u0101das reaktivit\u0101ti<br data-start=\"2068\" data-end=\"2071\" \/>\u2714\ufe0f Samazina aps\u0101rtumu un kairin\u0101jumu<br data-start=\"2107\" data-end=\"2110\" \/>\u2714\ufe0f Mazina redzamas asinsvadu izpausmes<\/p>\n","protected":false},"featured_media":65949,"template":"","meta":[],"pwb-brand":[785],"product_brand":[],"product_cat":[745,737,749,751,739],"product_tag":[],"giftcard-category":[],"class_list":{"0":"post-69069","1":"product","2":"type-product","3":"status-publish","4":"has-post-thumbnail","6":"pwb-brand-ultraceuticals","7":"product_cat-jutigai-adai","8":"product_cat-mitrinasana","9":"product_cat-novecojosa-ada","10":"product_cat-pigmentacija-lv","11":"product_cat-sausai-adai","13":"first","14":"instock","15":"taxable","16":"shipping-taxable","17":"purchasable","18":"product-type-simple"},"acf":[],"brands":[{"id":785,"name":"Ultraceuticals","slug":"ultraceuticals"}],"_links":{"self":[{"href":"https:\/\/skinstudio.ee\/lv\/wp-json\/wp\/v2\/product\/69069","targetHints":{"allow":["GET"]}}],"collection":[{"href":"https:\/\/skinstudio.ee\/lv\/wp-json\/wp\/v2\/product"}],"about":[{"href":"https:\/\/skinstudio.ee\/lv\/wp-json\/wp\/v2\/types\/product"}],"version-history":[{"count":0,"href":"https:\/\/skinstudio.ee\/lv\/wp-json\/wp\/v2\/product\/69069\/revisions"}],"wp:featuredmedia":[{"embeddable":true,"href":"https:\/\/skinstudio.ee\/lv\/wp-json\/wp\/v2\/media\/65949"}],"wp:attachment":[{"href":"https:\/\/skinstudio.ee\/lv\/wp-json\/wp\/v2\/media?parent=69069"}],"wp:term":[{"taxonomy":"pwb-brand","embeddable":true,"href":"https:\/\/skinstudio.ee\/lv\/wp-json\/wp\/v2\/pwb-brand?post=69069"},{"taxonomy":"product_brand","embeddable":true,"href":"https:\/\/skinstudio.ee\/lv\/wp-json\/wp\/v2\/product_brand?post=69069"},{"taxonomy":"product_cat","embeddable":true,"href":"https:\/\/skinstudio.ee\/lv\/wp-json\/wp\/v2\/product_cat?post=69069"},{"taxonomy":"product_tag","embeddable":true,"href":"https:\/\/skinstudio.ee\/lv\/wp-json\/wp\/v2\/product_tag?post=69069"},{"taxonomy":"giftcard-category","embeddable":true,"href":"https:\/\/skinstudio.ee\/lv\/wp-json\/wp\/v2\/giftcard-category?post=69069"}],"curies":[{"name":"wp","href":"https:\/\/api.w.org\/{rel}","templated":true}]}}