{"id":69078,"date":"2024-07-16T12:32:59","date_gmt":"2024-07-16T12:32:59","guid":{"rendered":"https:\/\/skinstudio.ee\/?post_type=product&#038;p=69078"},"modified":"2026-01-22T15:03:25","modified_gmt":"2026-01-22T15:03:25","slug":"ultra-energising-mask","status":"publish","type":"product","link":"https:\/\/skinstudio.ee\/lv\/catalog\/ultraceuticals\/ultra-energising-mask\/","title":{"rendered":"Ultra Energising Mask"},"content":{"rendered":"<p data-start=\"298\" data-end=\"655\">Ultra Energising Mask ir ener\u0123iju atjaunojo\u0161a un toniz\u0113jo\u0161a maska, kas acumirkl\u012b atdz\u012bvina noguru\u0161u un bl\u0101vu \u0101du. Ide\u0101ls SOS l\u012bdzeklis br\u012b\u017eos, kad \u0101dai nepiecie\u0161ama t\u016bl\u012bt\u0113ja svaiguma, mirdzuma un tonusa atjauno\u0161ana. Formula uzlabo mikrocirkul\u0101ciju, atjauno \u0101das vitalit\u0101ti, mazina piet\u016bkumu un pie\u0161\u0137ir efektu &#8220;pietiekami izgul\u0113jusies \u0101da&#8221; da\u017eu min\u016b\u0161u laik\u0101.<\/p>\n<p data-start=\"657\" data-end=\"888\">Maska ir perfekts pal\u012bgs p\u0101rejas sezon\u0101, k\u0101 ar\u012b p\u0113c negul\u0113t\u0101m nakt\u012bm, lidojumiem, ce\u013cojumiem vai saspringtas dienas. T\u0101 ir piem\u0113rota lieto\u0161anai pa visu seju, tostarp acu zon\u0101, t\u0101p\u0113c k\u013c\u016bst par neaizst\u0101jamu produktu ikdienas kop\u0161an\u0101.<\/p>\n<p data-start=\"890\" data-end=\"968\"><strong data-start=\"890\" data-end=\"904\">Piem\u0113rots:<\/strong> visiem \u0101das tipiem, \u012bpa\u0161i noguru\u0161ai, bl\u0101vai un piet\u016bku\u0161ai \u0101dai.<\/p>\n<p data-start=\"970\" data-end=\"1525\"><strong data-start=\"970\" data-end=\"994\">Akt\u012bv\u0101s sast\u0101vda\u013cas:<\/strong><br data-start=\"994\" data-end=\"997\" \/>\u2022 Persijas z\u012bdkoka ekstrakts \u2013 stimul\u0113 \u0101das \u0161\u016bnu ener\u0123ijas vielmai\u0146u.<br data-start=\"1066\" data-end=\"1069\" \/>\u2022 Kofe\u012bns \u2013 sp\u0113c\u012bgs antioksidants, kas mazina piet\u016bkumu un atsvaidzina \u0101du.<br data-start=\"1144\" data-end=\"1147\" \/>\u2022 Piparu ekstrakts \u2013 rada vieglu sildo\u0161u, toniz\u0113jo\u0161u saj\u016btu un uzlabo mikrocirkul\u0101ciju.<br data-start=\"1234\" data-end=\"1237\" \/>\u2022 Vird\u017e\u012bnijas burvjulazda \u2013 dab\u012bgs savelko\u0161s un nomierino\u0161s l\u012bdzeklis.<br data-start=\"1307\" data-end=\"1310\" \/>\u2022 Salic\u012bns \u2013 veicina hialuronsk\u0101bes dab\u012bgu sint\u0113zi \u0101d\u0101.<br data-start=\"1365\" data-end=\"1368\" \/>\u2022 Sodium PCA \u2013 aminosk\u0101bju atvasin\u0101ts mitrin\u0101t\u0101js, kas stiprina \u0101das aizsargsp\u0113jas.<br data-start=\"1451\" data-end=\"1454\" \/>\u2022 Linolsk\u0101be un linol\u0113nsk\u0101be \u2013 jaud\u012bgi antioksidanti \u0161\u016bnu aizsardz\u012bbai.<\/p>\n<p data-start=\"1527\" data-end=\"1587\"><strong data-start=\"1527\" data-end=\"1541\">Rezult\u0101ts:<\/strong> gluda, svaiga un starojo\u0161a \u0101da bez piet\u016bkuma.<\/p>\n<p data-start=\"1589\" data-end=\"1607\"><strong data-start=\"1589\" data-end=\"1601\">Tilpums:<\/strong> 75 ml<\/p>\n","protected":false},"excerpt":{"rendered":"<div><span style=\"color: #ff0000;\"><b>NB!<\/b> See toode sisaldab suures koguses aktiivseid koostisosi. Soovitame enne kasutamist konsulteerida meie spetsialistiga. Ootame teie k\u00f5nesid numbril <a style=\"color: #ff0000;\" href=\"http:\/\/+37258500171\/\"><span class=\"s1\">+372 58500171<\/span><\/a> esmasp\u00e4evast reedeni kell 10:00\u201319:00 ning laup\u00e4eval ja p\u00fchap\u00e4eval kell 11:00\u201315:00. Samuti v\u00f5ite j\u00e4tta oma telefoninumbri aadressil <a style=\"color: #ff0000;\" href=\"mailto:info@skinstudio.ee\"><span class=\"s1\">info@skinstudio.ee<\/span><\/a>, ja meie spetsialist v\u00f5tab teiega \u00fchendust 24 tunni jooksul.<\/span><\/div>\n<div>\n<p data-start=\"2094\" data-end=\"2125\">Mirdzumu pie\u0161\u0137iro\u0161a sejas maska<\/p>\n<h2 data-start=\"2127\" data-end=\"2179\">\u012apa\u0161\u012bbas ULTRACEUTICALS &#8211; Ultra Energising Mask<\/h2>\n<p data-start=\"2180\" data-end=\"2402\">\u2714\ufe0f Acumirkl\u012b pie\u0161\u0137ir \u0101dai ener\u0123iju un svaigumu<br data-start=\"2226\" data-end=\"2229\" \/>\u2714\ufe0f Izl\u012bdzina toni un pie\u0161\u0137ir dab\u012bgu mirdzumu<br data-start=\"2273\" data-end=\"2276\" \/>\u2714\ufe0f Mazina piet\u016bkumu un noguruma paz\u012bmes<br data-start=\"2315\" data-end=\"2318\" \/>\u2714\ufe0f Intensi\u0304vi mitrina un stiprina \u0101das barjeru<br data-start=\"2364\" data-end=\"2367\" \/>\u2714\ufe0f Uzlabo \u0101das elast\u012bbu un tonusu<\/p>\n<\/div>\n","protected":false},"featured_media":65955,"template":"","meta":[],"pwb-brand":[785],"product_brand":[],"product_cat":[733,735,745,725,739,747],"product_tag":[],"giftcard-category":[],"class_list":{"0":"post-69078","1":"product","2":"type-product","3":"status-publish","4":"has-post-thumbnail","6":"pwb-brand-ultraceuticals","7":"product_cat-ada-ap-acim","8":"product_cat-dekolte-zona","9":"product_cat-jutigai-adai","10":"product_cat-maskas","11":"product_cat-sausai-adai","12":"product_cat-taukainai-adai","14":"first","15":"instock","16":"taxable","17":"shipping-taxable","18":"purchasable","19":"product-type-simple"},"acf":[],"brands":[{"id":785,"name":"Ultraceuticals","slug":"ultraceuticals"}],"_links":{"self":[{"href":"https:\/\/skinstudio.ee\/lv\/wp-json\/wp\/v2\/product\/69078","targetHints":{"allow":["GET"]}}],"collection":[{"href":"https:\/\/skinstudio.ee\/lv\/wp-json\/wp\/v2\/product"}],"about":[{"href":"https:\/\/skinstudio.ee\/lv\/wp-json\/wp\/v2\/types\/product"}],"version-history":[{"count":0,"href":"https:\/\/skinstudio.ee\/lv\/wp-json\/wp\/v2\/product\/69078\/revisions"}],"wp:featuredmedia":[{"embeddable":true,"href":"https:\/\/skinstudio.ee\/lv\/wp-json\/wp\/v2\/media\/65955"}],"wp:attachment":[{"href":"https:\/\/skinstudio.ee\/lv\/wp-json\/wp\/v2\/media?parent=69078"}],"wp:term":[{"taxonomy":"pwb-brand","embeddable":true,"href":"https:\/\/skinstudio.ee\/lv\/wp-json\/wp\/v2\/pwb-brand?post=69078"},{"taxonomy":"product_brand","embeddable":true,"href":"https:\/\/skinstudio.ee\/lv\/wp-json\/wp\/v2\/product_brand?post=69078"},{"taxonomy":"product_cat","embeddable":true,"href":"https:\/\/skinstudio.ee\/lv\/wp-json\/wp\/v2\/product_cat?post=69078"},{"taxonomy":"product_tag","embeddable":true,"href":"https:\/\/skinstudio.ee\/lv\/wp-json\/wp\/v2\/product_tag?post=69078"},{"taxonomy":"giftcard-category","embeddable":true,"href":"https:\/\/skinstudio.ee\/lv\/wp-json\/wp\/v2\/giftcard-category?post=69078"}],"curies":[{"name":"wp","href":"https:\/\/api.w.org\/{rel}","templated":true}]}}