{"id":69089,"date":"2024-07-16T12:32:30","date_gmt":"2024-07-16T12:32:30","guid":{"rendered":"https:\/\/skinstudio.ee\/?post_type=product&#038;p=69089"},"modified":"2026-01-22T15:03:24","modified_gmt":"2026-01-22T15:03:24","slug":"ultra-a-perfecting-serum-mild","status":"publish","type":"product","link":"https:\/\/skinstudio.ee\/lv\/catalog\/ultraceuticals\/ultra-a-perfecting-serum-mild\/","title":{"rendered":"Ultra A Perfecting Serum Mild"},"content":{"rendered":"<p data-start=\"306\" data-end=\"844\">Ultra A Perfecting Serum Mild ir maig\u0101kais A vitam\u012bna serums Ultraceuticals l\u012bnij\u0101, rad\u012bts lietot\u0101jiem ar jut\u012bgu \u0101du vai tiem, kuri tikai s\u0101k iepaz\u012bt retinolu. Zem\u0101 retinola koncentr\u0101cija (0,2%) pal\u012bdz uzlabot \u0101das tekst\u016bru, izl\u012bdzin\u0101t toni, mazin\u0101t agr\u012bn\u0101s noveco\u0161an\u0101s paz\u012bmes un samazin\u0101t poru redzam\u012bbu, vienlaikus minimiz\u0113jot sausumu, aps\u0101rtumu un kairin\u0101jumu. ULTRA-Reti\u2122 kapsul\u0101cijas tehnolo\u0123ija nodro\u0161ina dzi\u013cu, kontrol\u0113tu akt\u012bvo vielu pieg\u0101di bez agres\u012bvas iedarb\u012bbas. Regul\u0101ri lietojot, \u0101da k\u013c\u016bst glud\u0101ka, tvirt\u0101ka un mirdzo\u0161\u0101ka.<\/p>\n<p data-start=\"846\" data-end=\"916\"><strong data-start=\"846\" data-end=\"860\">Piem\u0113rots:<\/strong> visiem \u0101das tipiem, tostarp jut\u012bgai un rea\u0123\u0113jo\u0161ai \u0101dai.<\/p>\n<p data-start=\"918\" data-end=\"1316\"><strong data-start=\"918\" data-end=\"942\">Akt\u012bv\u0101s sast\u0101vda\u013cas:<\/strong><br data-start=\"942\" data-end=\"945\" \/>\u2022 ULTRA-Reti\u2122 \u2013 mikrokapsul\u0113ts retinols un retinaldeh\u012bds dzi\u013cai, maigi kontrol\u0113tai iedarb\u012bbai.<br data-start=\"1039\" data-end=\"1042\" \/>\u2022 Retinols 0.2% \u2013 veicina \u0161\u016bnu atjauno\u0161anos un mazina nevienm\u0113r\u012bgu toni.<br data-start=\"1114\" data-end=\"1117\" \/>\u2022 Provitam\u012bns C \u2013 uzlabo toni un aizsarg\u0101 pret br\u012bvajiem radik\u0101\u013ciem.<br data-start=\"1185\" data-end=\"1188\" \/>\u2022 Palmitoilt-tripept\u012bds-5 \u2013 stiprina \u0101du un veicina elast\u012bbu.<br data-start=\"1249\" data-end=\"1252\" \/>\u2022 Bromela\u012bns \u2013 maigi eksfoli\u0113 un uzlabo akt\u012bvo vielu uzs\u016bk\u0161anos.<\/p>\n<p data-start=\"1318\" data-end=\"1423\"><strong data-start=\"1318\" data-end=\"1332\">Rezult\u0101ts:<\/strong> gluda, vienm\u0113r\u012bga, atjaunota \u0101da ar maz\u0101k redzam\u0101m por\u0101m un agr\u012bnaj\u0101m noveco\u0161an\u0101s paz\u012bm\u0113m.<\/p>\n<p data-start=\"1425\" data-end=\"1443\"><strong data-start=\"1425\" data-end=\"1437\">Tilpums:<\/strong> 30 ml<\/p>\n","protected":false},"excerpt":{"rendered":"<p data-start=\"2064\" data-end=\"2349\"><span style=\"color: #ff0000;\">NB! \u0160is produkts satur augstu akt\u012bvo vielu koncentr\u0101ciju. Pirms lieto\u0161anas iesak\u0101m konsult\u0113ties ar m\u016bsu speci\u0101listu. Zvaniet +372 58500171 P\u2013Pk 10:00\u201319:00 un S\u2013Sv 11:00\u201315:00. Varat ar\u012b nos\u016bt\u012bt savu t\u0101lru\u0146a numuru uz <a class=\"decorated-link cursor-pointer\" style=\"color: #ff0000;\" href=\"mailto:info@skinstudio.ee\" rel=\"noopener\" data-start=\"2282\" data-end=\"2300\">info@skinstudio.ee<\/a>, un m\u016bsu speci\u0101lists sazin\u0101sies 24 stundu laik\u0101.<\/span><\/p>\n<p data-start=\"2351\" data-end=\"2381\">A vitam\u012bna serums jut\u012bgai \u0101dai<\/p>\n<h2 data-start=\"2383\" data-end=\"2443\">\u012apa\u0161\u012bbas ULTRACEUTICALS &#8211; Ultra A Perfecting Serum Mild<\/h2>\n<p data-start=\"2444\" data-end=\"2638\">\u2714\ufe0f Samazina agr\u012bn\u0101s noveco\u0161an\u0101s paz\u012bmes<br data-start=\"2483\" data-end=\"2486\" \/>\u2714\ufe0f Uzlabo \u0101das tekst\u016bru un tvirtumu<br data-start=\"2521\" data-end=\"2524\" \/>\u2714\ufe0f Mazina iekaisumu un izl\u012bdzina toni<br data-start=\"2561\" data-end=\"2564\" \/>\u2714\ufe0f Samazina poru redzam\u012bbu<br data-start=\"2590\" data-end=\"2593\" \/>\u2714\ufe0f Uzlabo \u0101das elast\u012bbu un kop\u0113jo kvalit\u0101ti<\/p>\n","protected":false},"featured_media":65960,"template":"","meta":[],"pwb-brand":[785],"product_brand":[],"product_cat":[727,749,723],"product_tag":[],"giftcard-category":[],"class_list":{"0":"post-69089","1":"product","2":"type-product","3":"status-publish","4":"has-post-thumbnail","6":"pwb-brand-ultraceuticals","7":"product_cat-a-vitamins-retinols","8":"product_cat-novecojosa-ada","9":"product_cat-serumi","11":"first","12":"instock","13":"taxable","14":"shipping-taxable","15":"purchasable","16":"product-type-simple"},"acf":[],"brands":[{"id":785,"name":"Ultraceuticals","slug":"ultraceuticals"}],"_links":{"self":[{"href":"https:\/\/skinstudio.ee\/lv\/wp-json\/wp\/v2\/product\/69089","targetHints":{"allow":["GET"]}}],"collection":[{"href":"https:\/\/skinstudio.ee\/lv\/wp-json\/wp\/v2\/product"}],"about":[{"href":"https:\/\/skinstudio.ee\/lv\/wp-json\/wp\/v2\/types\/product"}],"version-history":[{"count":0,"href":"https:\/\/skinstudio.ee\/lv\/wp-json\/wp\/v2\/product\/69089\/revisions"}],"wp:featuredmedia":[{"embeddable":true,"href":"https:\/\/skinstudio.ee\/lv\/wp-json\/wp\/v2\/media\/65960"}],"wp:attachment":[{"href":"https:\/\/skinstudio.ee\/lv\/wp-json\/wp\/v2\/media?parent=69089"}],"wp:term":[{"taxonomy":"pwb-brand","embeddable":true,"href":"https:\/\/skinstudio.ee\/lv\/wp-json\/wp\/v2\/pwb-brand?post=69089"},{"taxonomy":"product_brand","embeddable":true,"href":"https:\/\/skinstudio.ee\/lv\/wp-json\/wp\/v2\/product_brand?post=69089"},{"taxonomy":"product_cat","embeddable":true,"href":"https:\/\/skinstudio.ee\/lv\/wp-json\/wp\/v2\/product_cat?post=69089"},{"taxonomy":"product_tag","embeddable":true,"href":"https:\/\/skinstudio.ee\/lv\/wp-json\/wp\/v2\/product_tag?post=69089"},{"taxonomy":"giftcard-category","embeddable":true,"href":"https:\/\/skinstudio.ee\/lv\/wp-json\/wp\/v2\/giftcard-category?post=69089"}],"curies":[{"name":"wp","href":"https:\/\/api.w.org\/{rel}","templated":true}]}}