{"id":69532,"date":"2025-12-12T08:28:30","date_gmt":"2025-12-12T08:28:30","guid":{"rendered":"https:\/\/skinstudio.ee\/?post_type=product&#038;p=69532"},"modified":"2026-02-13T15:28:19","modified_gmt":"2026-02-13T15:28:19","slug":"meso-x-boost","status":"publish","type":"product","link":"https:\/\/skinstudio.ee\/lv\/catalog\/ph-formula\/meso-x-boost\/","title":{"rendered":"MESO X Boost"},"content":{"rendered":"<p data-start=\"3954\" data-end=\"4284\"><strong data-start=\"3954\" data-end=\"3983\">MESO X Boost no pHformula<\/strong> ir augsto tehnolo\u0123iju atjauno\u0161anas boosters, kas paredz\u0113ts intens\u012bvai \u0101das atjauno\u0161anai bez invaz\u012bv\u0101m proced\u016br\u0101m. Formula pastiprina \u0101das dabiskos atjauno\u0161an\u0101s procesus, uzlabo bl\u012bvumu, tekst\u016bru un kop\u0113jo toni, padarot \u0101du vienm\u0113r\u012bg\u0101ku, iztur\u012bg\u0101ku un redzami svaig\u0101ku jau p\u0113c da\u017e\u0101m lieto\u0161anas reiz\u0113m.<\/p>\n<p data-start=\"4286\" data-end=\"4318\"><strong data-start=\"4286\" data-end=\"4318\">Galveno sast\u0101vda\u013cu iedarb\u012bba<\/strong><\/p>\n<ul data-start=\"4320\" data-end=\"4805\">\n<li data-start=\"4320\" data-end=\"4506\">\n<p data-start=\"4322\" data-end=\"4506\"><strong data-start=\"4322\" data-end=\"4388\">Biomim\u0113tisk\u0101s eksosomas (EXOS) + liposom\u0101lie aug\u0161anas faktori:<\/strong> aktiviz\u0113 atjauno\u0161an\u0101s procesus, uzlabo \u0161\u016bnu savstarp\u0113jo komunik\u0101ciju un pal\u012bdz palielin\u0101t \u0101das bl\u012bvumu un tvirtumu.<\/p>\n<\/li>\n<li data-start=\"4507\" data-end=\"4640\">\n<p data-start=\"4509\" data-end=\"4640\"><strong data-start=\"4509\" data-end=\"4527\">Mikrospikulas:<\/strong> nodro\u0161ina maigu \u0101das stimul\u0101ciju un uzlabo akt\u012bvo vielu ies\u016bk\u0161anos, imit\u0113jot mikroadatu efektu bez boj\u0101jumiem.<\/p>\n<\/li>\n<li data-start=\"4641\" data-end=\"4805\">\n<p data-start=\"4643\" data-end=\"4805\"><strong data-start=\"4643\" data-end=\"4706\">Multimolekul\u0101r\u0101 hialuronsk\u0101be + DNS aizsardz\u012bbas komplekss:<\/strong> nodro\u0161ina dzi\u013cu mitrin\u0101\u0161anu, atbalsta \u0101das elast\u012bbu un pal\u012bdz aizsarg\u0101t \u0161\u016bnas no stresa faktoriem.<\/p>\n<\/li>\n<\/ul>\n<p data-start=\"4807\" data-end=\"4983\">Piem\u0113rots visiem \u0101das tipiem, tostarp jut\u012bgai, reakt\u012bvai un nov\u0101jin\u0101tai \u0101dai, \u012bpa\u0161i pie pirmaj\u0101m noveco\u0161an\u0101s paz\u012bm\u0113m, bl\u0101va to\u0146a, samazin\u0101ta bl\u012bvuma un nevienm\u0113r\u012bgas tekst\u016bras.<\/p>\n<p data-start=\"4985\" data-end=\"5003\"><strong data-start=\"4985\" data-end=\"4997\">Tilpums:<\/strong> 30 ml<\/p>\n","protected":false},"excerpt":{"rendered":"<p data-start=\"33\" data-end=\"99\"><strong><span style=\"color: #ff0000;\">pHformula produktu pieg\u0101de tiek veikta tikai Igaunijas teritorij\u0101.<\/span><\/strong><\/p>\n<p data-start=\"101\" data-end=\"325\"><span style=\"color: #ff0000;\">NB! \u0160o produktu var ieg\u0101d\u0101ties tikai p\u0113c konsult\u0101cijas ar speci\u0101listu. Zvaniet mums pa t\u0101lruni +372 58 500 171 vai nos\u016btiet savu piepras\u012bjumu uz e-pastu <a class=\"decorated-link cursor-pointer\" style=\"color: #ff0000;\" href=\"mailto:info@skinstudio.ee\" rel=\"noopener\" data-start=\"254\" data-end=\"272\">info@skinstudio.ee<\/a>. M\u016bsu konsultanti pal\u012bdz\u0113s jums ar \u0161\u012b z\u012bmola ieg\u0101di.<\/span><\/p>\n<p data-start=\"5500\" data-end=\"5534\">Aktiviz\u0113jo\u0161s atjauno\u0161anas boosters<\/p>\n<h2 data-start=\"5536\" data-end=\"5573\"><strong data-start=\"5536\" data-end=\"5573\">\u012apa\u0161\u012bbas pHformula &#8211; MESO X Boost<\/strong><\/h2>\n<p data-start=\"5575\" data-end=\"5815\">\u2714\ufe0f Stimul\u0113 \u0101das atjauno\u0161anos bez invaz\u012bv\u0101m proced\u016br\u0101m<br data-start=\"5628\" data-end=\"5631\" \/>\u2714\ufe0f Palielina \u0101das bl\u012bvumu un tvirtumu<br data-start=\"5668\" data-end=\"5671\" \/>\u2714\ufe0f Nodro\u0161ina dzi\u013cu mitrin\u0101\u0161anu un uzlabo tekst\u016bru<br data-start=\"5720\" data-end=\"5723\" \/>\u2714\ufe0f Izl\u012bdzina \u0101das toni un padara \u0101du glud\u0101ku<br data-start=\"5767\" data-end=\"5770\" \/>\u2714\ufe0f Pastiprina profesion\u0101lo proced\u016bru efektu<\/p>\n","protected":false},"featured_media":69524,"template":"","meta":[],"pwb-brand":[778],"product_brand":[],"product_cat":[745,749,653,739,723],"product_tag":[],"giftcard-category":[],"class_list":{"0":"post-69532","1":"product","2":"type-product","3":"status-publish","4":"has-post-thumbnail","6":"pwb-brand-ph-formula","7":"product_cat-jutigai-adai","8":"product_cat-novecojosa-ada","9":"product_cat-ph-formula-lv","10":"product_cat-sausai-adai","11":"product_cat-serumi","13":"first","14":"instock","15":"taxable","16":"shipping-taxable","17":"purchasable","18":"product-type-simple"},"acf":[],"brands":[{"id":778,"name":"pH Formula","slug":"ph-formula"}],"_links":{"self":[{"href":"https:\/\/skinstudio.ee\/lv\/wp-json\/wp\/v2\/product\/69532","targetHints":{"allow":["GET"]}}],"collection":[{"href":"https:\/\/skinstudio.ee\/lv\/wp-json\/wp\/v2\/product"}],"about":[{"href":"https:\/\/skinstudio.ee\/lv\/wp-json\/wp\/v2\/types\/product"}],"version-history":[{"count":2,"href":"https:\/\/skinstudio.ee\/lv\/wp-json\/wp\/v2\/product\/69532\/revisions"}],"predecessor-version":[{"id":77696,"href":"https:\/\/skinstudio.ee\/lv\/wp-json\/wp\/v2\/product\/69532\/revisions\/77696"}],"wp:featuredmedia":[{"embeddable":true,"href":"https:\/\/skinstudio.ee\/lv\/wp-json\/wp\/v2\/media\/69524"}],"wp:attachment":[{"href":"https:\/\/skinstudio.ee\/lv\/wp-json\/wp\/v2\/media?parent=69532"}],"wp:term":[{"taxonomy":"pwb-brand","embeddable":true,"href":"https:\/\/skinstudio.ee\/lv\/wp-json\/wp\/v2\/pwb-brand?post=69532"},{"taxonomy":"product_brand","embeddable":true,"href":"https:\/\/skinstudio.ee\/lv\/wp-json\/wp\/v2\/product_brand?post=69532"},{"taxonomy":"product_cat","embeddable":true,"href":"https:\/\/skinstudio.ee\/lv\/wp-json\/wp\/v2\/product_cat?post=69532"},{"taxonomy":"product_tag","embeddable":true,"href":"https:\/\/skinstudio.ee\/lv\/wp-json\/wp\/v2\/product_tag?post=69532"},{"taxonomy":"giftcard-category","embeddable":true,"href":"https:\/\/skinstudio.ee\/lv\/wp-json\/wp\/v2\/giftcard-category?post=69532"}],"curies":[{"name":"wp","href":"https:\/\/api.w.org\/{rel}","templated":true}]}}