{"id":70010,"date":"2025-12-17T12:12:58","date_gmt":"2025-12-17T12:12:58","guid":{"rendered":"https:\/\/skinstudio.ee\/?post_type=product&#038;p=70010"},"modified":"2026-04-07T08:52:16","modified_gmt":"2026-04-07T08:52:16","slug":"biotin","status":"publish","type":"product","link":"https:\/\/skinstudio.ee\/lv\/catalog\/life-extension\/biotin\/","title":{"rendered":"Biotin"},"content":{"rendered":"<p data-start=\"161\" data-end=\"327\"><strong data-start=\"161\" data-end=\"189\">Biotin no Life Extension<\/strong> &#8211; uztura bag\u0101tin\u0101t\u0101js, kas satur biot\u012bnu (vitam\u012bns B7), kas veicina matu un \u0101das st\u0101vok\u013ca uztur\u0113\u0161anu, k\u0101 ar\u012b norm\u0101lu ener\u0123ijas vielmai\u0146u.<\/p>\n<p data-start=\"329\" data-end=\"496\">Biot\u012bns veicina makroelementu vielmai\u0146u un piedal\u0101s norm\u0101l\u0101 nervu sist\u0113mas darb\u012bb\u0101. Viena kapsula satur 600 \u00b5g biot\u012bna, kas atbilst 1200% no ES atsauces uzturv\u0113rt\u012bbas.<\/p>\n<p data-start=\"498\" data-end=\"586\">Formula ir izstr\u0101d\u0101ta \u0113rtai ikdienas lieto\u0161anai un var tikt iek\u013cauta sabalans\u0113t\u0101 uztur\u0101.<\/p>\n<p data-start=\"588\" data-end=\"606\"><strong data-start=\"588\" data-end=\"606\">Ra\u017eots Eirop\u0101.<\/strong><\/p>\n<p data-start=\"608\" data-end=\"743\"><strong data-start=\"608\" data-end=\"629\">Der\u012bguma termi\u0146\u0161:<\/strong> skat\u012bt uz iepakojuma<br data-start=\"650\" data-end=\"653\" \/><strong data-start=\"653\" data-end=\"669\">Uzglab\u0101\u0161ana:<\/strong> uzglab\u0101t cie\u0161i nosl\u0113gtu v\u0113s\u0101 un saus\u0101 viet\u0101<br data-start=\"713\" data-end=\"716\" \/><strong data-start=\"716\" data-end=\"728\">Tilpums:<\/strong> 100 kapsulas<\/p>\n","protected":false},"excerpt":{"rendered":"<p data-start=\"750\" data-end=\"782\">Uztura bag\u0101tin\u0101t\u0101js ar biot\u012bnu<\/p>\n<h2 data-section-id=\"kspv4y\" data-start=\"784\" data-end=\"824\"><strong data-start=\"788\" data-end=\"824\">\u012apa\u0161\u012bbas Life Extension &#8211; Biotin<\/strong><\/h2>\n<p data-start=\"826\" data-end=\"979\">\u2714\ufe0f 600 \u00b5g biot\u012bna vien\u0101 kapsul\u0101<br data-start=\"857\" data-end=\"860\" \/>\u2714\ufe0f Vitam\u012bna B7 avots<br data-start=\"880\" data-end=\"883\" \/>\u2714\ufe0f \u0112rta kapsulu forma<br data-start=\"904\" data-end=\"907\" \/>\u2714\ufe0f Piem\u0113rots ikdienas lieto\u0161anai<br data-start=\"939\" data-end=\"942\" \/>\u2714\ufe0f Bez \u0122MO, piem\u0113rots ve\u0123et\u0101rie\u0161iem<\/p>\n","protected":false},"featured_media":92054,"template":"","meta":[],"pwb-brand":[774],"product_brand":[],"product_cat":[768],"product_tag":[],"giftcard-category":[],"class_list":{"0":"post-70010","1":"product","2":"type-product","3":"status-publish","4":"has-post-thumbnail","6":"pwb-brand-life-extension","7":"product_cat-vitamini","9":"first","10":"instock","11":"taxable","12":"shipping-taxable","13":"purchasable","14":"product-type-simple"},"acf":[],"brands":[{"id":774,"name":"Life Extension","slug":"life-extension"}],"_links":{"self":[{"href":"https:\/\/skinstudio.ee\/lv\/wp-json\/wp\/v2\/product\/70010","targetHints":{"allow":["GET"]}}],"collection":[{"href":"https:\/\/skinstudio.ee\/lv\/wp-json\/wp\/v2\/product"}],"about":[{"href":"https:\/\/skinstudio.ee\/lv\/wp-json\/wp\/v2\/types\/product"}],"version-history":[{"count":1,"href":"https:\/\/skinstudio.ee\/lv\/wp-json\/wp\/v2\/product\/70010\/revisions"}],"predecessor-version":[{"id":87051,"href":"https:\/\/skinstudio.ee\/lv\/wp-json\/wp\/v2\/product\/70010\/revisions\/87051"}],"wp:featuredmedia":[{"embeddable":true,"href":"https:\/\/skinstudio.ee\/lv\/wp-json\/wp\/v2\/media\/92054"}],"wp:attachment":[{"href":"https:\/\/skinstudio.ee\/lv\/wp-json\/wp\/v2\/media?parent=70010"}],"wp:term":[{"taxonomy":"pwb-brand","embeddable":true,"href":"https:\/\/skinstudio.ee\/lv\/wp-json\/wp\/v2\/pwb-brand?post=70010"},{"taxonomy":"product_brand","embeddable":true,"href":"https:\/\/skinstudio.ee\/lv\/wp-json\/wp\/v2\/product_brand?post=70010"},{"taxonomy":"product_cat","embeddable":true,"href":"https:\/\/skinstudio.ee\/lv\/wp-json\/wp\/v2\/product_cat?post=70010"},{"taxonomy":"product_tag","embeddable":true,"href":"https:\/\/skinstudio.ee\/lv\/wp-json\/wp\/v2\/product_tag?post=70010"},{"taxonomy":"giftcard-category","embeddable":true,"href":"https:\/\/skinstudio.ee\/lv\/wp-json\/wp\/v2\/giftcard-category?post=70010"}],"curies":[{"name":"wp","href":"https:\/\/api.w.org\/{rel}","templated":true}]}}