{"id":70070,"date":"2024-11-23T18:43:25","date_gmt":"2024-11-23T18:43:25","guid":{"rendered":"https:\/\/skinstudio.ee\/?post_type=product&#038;p=70070"},"modified":"2025-12-19T15:09:59","modified_gmt":"2025-12-19T15:09:59","slug":"522-uptone-pants-refill","status":"publish","type":"product","link":"https:\/\/skinstudio.ee\/lv\/catalog\/arosha-lv\/522-uptone-pants-refill\/","title":{"rendered":"522 Up&#038;Tone Pants Refill"},"content":{"rendered":"<p data-start=\"171\" data-end=\"416\">Arosha 522 UP&amp;TONE PANTS Refill ir kosm\u0113tisks produkts lieto\u0161anai m\u0101jas apst\u0101k\u013cos, kas paredz\u0113ts \u0101das tvirtuma un tonusa saglab\u0101\u0161anai. Produkta form\u0101ts \u013cauj to \u0113rti iek\u013caut regul\u0101r\u0101 \u0137erme\u0146a kop\u0161anas rut\u012bn\u0101, pal\u012bdzot uzlabot \u0101das vizu\u0101lo izskatu.<\/p>\n<p data-start=\"418\" data-end=\"652\">Formula ir v\u0113rsta uz \u0101das elast\u012bbas uztur\u0113\u0161anu, t\u0101s izskata uzlabo\u0161anu un dabisk\u0101 mitruma l\u012bdzsvara atbalst\u012b\u0161anu. Lieto\u0161anas laik\u0101 \u0101da k\u013c\u016bst glud\u0101ka un svaig\u0101ka, savuk\u0101rt regul\u0101ra lieto\u0161ana pal\u012bdz saglab\u0101t komforta un tvirtuma saj\u016btu.<\/p>\n<p data-start=\"654\" data-end=\"777\">Produkts ir piem\u0113rots lieto\u0161anai m\u0101jas \u0137erme\u0146a kop\u0161an\u0101 un lieliski papildina profesion\u0101l\u0101s kop\u0161anas programmas starplaikos.<\/p>\n<p data-start=\"779\" data-end=\"829\"><strong data-start=\"779\" data-end=\"829\">Produkts nav pak\u013cauts atgrie\u0161anai vai apmai\u0146ai<\/strong><\/p>\n","protected":false},"excerpt":{"rendered":"<p data-start=\"1155\" data-end=\"1189\">Savelo\u0161s \u0137erme\u0146a kop\u0161anas produkts<\/p>\n<h2 data-start=\"1194\" data-end=\"1484\"><strong data-start=\"1194\" data-end=\"1240\">\u012apa\u0161\u012bbas Arosha &#8211; 522 UP&amp;TONE PANTS Refill<\/strong><\/h2>\n<p data-start=\"1194\" data-end=\"1484\">\u2714\ufe0f Piem\u0113rots regul\u0101rai \u0137erme\u0146a kop\u0161anai m\u0101jas apst\u0101k\u013cos<br data-start=\"1298\" data-end=\"1301\" \/>\u2714\ufe0f Pal\u012bdz uztur\u0113t \u0101das tvirtumu un vizu\u0101lo tonusu<br data-start=\"1350\" data-end=\"1353\" \/>\u2714\ufe0f Veicina \u0101das gludumu un elast\u012bbu<br data-start=\"1388\" data-end=\"1391\" \/>\u2714\ufe0f Nodro\u0161ina \u0113rtu un vienk\u0101r\u0161u lieto\u0161anu m\u0101j\u0101s<br data-start=\"1437\" data-end=\"1440\" \/>\u2714\ufe0f Sniedz svaiguma un komforta saj\u016btu \u0101dai<\/p>\n","protected":false},"featured_media":63118,"template":"","meta":[],"pwb-brand":[1224],"product_brand":[],"product_cat":[757],"product_tag":[],"giftcard-category":[],"class_list":{"0":"post-70070","1":"product","2":"type-product","3":"status-publish","4":"has-post-thumbnail","6":"pwb-brand-arosha-lv","7":"product_cat-kermena-kopsana","9":"first","10":"instock","11":"sale","12":"taxable","13":"shipping-taxable","14":"purchasable","15":"product-type-simple"},"acf":[],"brands":[{"id":1224,"name":"Arosha","slug":"arosha-lv"}],"_links":{"self":[{"href":"https:\/\/skinstudio.ee\/lv\/wp-json\/wp\/v2\/product\/70070","targetHints":{"allow":["GET"]}}],"collection":[{"href":"https:\/\/skinstudio.ee\/lv\/wp-json\/wp\/v2\/product"}],"about":[{"href":"https:\/\/skinstudio.ee\/lv\/wp-json\/wp\/v2\/types\/product"}],"version-history":[{"count":0,"href":"https:\/\/skinstudio.ee\/lv\/wp-json\/wp\/v2\/product\/70070\/revisions"}],"wp:featuredmedia":[{"embeddable":true,"href":"https:\/\/skinstudio.ee\/lv\/wp-json\/wp\/v2\/media\/63118"}],"wp:attachment":[{"href":"https:\/\/skinstudio.ee\/lv\/wp-json\/wp\/v2\/media?parent=70070"}],"wp:term":[{"taxonomy":"pwb-brand","embeddable":true,"href":"https:\/\/skinstudio.ee\/lv\/wp-json\/wp\/v2\/pwb-brand?post=70070"},{"taxonomy":"product_brand","embeddable":true,"href":"https:\/\/skinstudio.ee\/lv\/wp-json\/wp\/v2\/product_brand?post=70070"},{"taxonomy":"product_cat","embeddable":true,"href":"https:\/\/skinstudio.ee\/lv\/wp-json\/wp\/v2\/product_cat?post=70070"},{"taxonomy":"product_tag","embeddable":true,"href":"https:\/\/skinstudio.ee\/lv\/wp-json\/wp\/v2\/product_tag?post=70070"},{"taxonomy":"giftcard-category","embeddable":true,"href":"https:\/\/skinstudio.ee\/lv\/wp-json\/wp\/v2\/giftcard-category?post=70070"}],"curies":[{"name":"wp","href":"https:\/\/api.w.org\/{rel}","templated":true}]}}