{"id":70080,"date":"2024-11-23T18:40:47","date_gmt":"2024-11-23T18:40:47","guid":{"rendered":"https:\/\/skinstudio.ee\/?post_type=product&#038;p=70080"},"modified":"2025-12-19T15:09:59","modified_gmt":"2025-12-19T15:09:59","slug":"522-uptone-pants","status":"publish","type":"product","link":"https:\/\/skinstudio.ee\/lv\/catalog\/arosha-lv\/522-uptone-pants\/","title":{"rendered":"522 Up&#038;Tone Pants"},"content":{"rendered":"<p data-start=\"286\" data-end=\"555\">Arosha 522 UP&amp;TONE PANTS ir kosm\u0113tisks \u0137erme\u0146a kop\u0161anas produkts, kas paredz\u0113ts \u0101das tvirtuma un liftinga efekta uztur\u0113\u0161anai. Produkts ir izstr\u0101d\u0101ts intens\u012bvai lieto\u0161anai m\u0101jas apst\u0101k\u013cos un pal\u012bdz uzlabot \u0101das vizu\u0101lo st\u0101vokli, ja nov\u0113rojams tonusa un elast\u012bbas zudums.<\/p>\n<p data-start=\"557\" data-end=\"797\">Produkts atbalsta \u0101das bl\u012bvumu, gludumu un vizu\u0101li stingr\u0101ku izskatu, k\u0101 ar\u012b pal\u012bdz saglab\u0101t dabisko mitruma l\u012bdzsvaru. Lieto\u0161anas laik\u0101 rodas p\u0101rmai\u0146us siltuma un v\u0113suma saj\u016bta, kas nodro\u0161ina atsvaidzino\u0161u un komfortablu kop\u0161anas pieredzi.<\/p>\n<p data-start=\"799\" data-end=\"919\">Produkts ir piem\u0113rots regul\u0101rai \u0137erme\u0146a kop\u0161anai un lieto\u0161anai k\u0101 da\u013ca no visaptvero\u0161as tvirtino\u0161as kop\u0161anas programmas.<\/p>\n<p data-start=\"921\" data-end=\"971\"><strong data-start=\"921\" data-end=\"971\">Produkts nav pak\u013cauts atgrie\u0161anai vai apmai\u0146ai<\/strong><\/p>\n<p data-start=\"973\" data-end=\"1693\">\n","protected":false},"excerpt":{"rendered":"<p data-start=\"1695\" data-end=\"1729\">\u0136erme\u0146a liftinga kop\u0161anas produkts<\/p>\n<h2 data-start=\"1734\" data-end=\"2002\"><strong data-start=\"1734\" data-end=\"1773\">\u012apa\u0161\u012bbas Arosha &#8211; 522 UP&amp;TONE PANTS<\/strong><\/h2>\n<p data-start=\"1734\" data-end=\"2002\">\u2714\ufe0f Pal\u012bdz uztur\u0113t \u0101das tvirtumu un tonusu<br data-start=\"1817\" data-end=\"1820\" \/>\u2714\ufe0f Veicina \u0101das elast\u012bbas saglab\u0101\u0161anu<br data-start=\"1857\" data-end=\"1860\" \/>\u2714\ufe0f Uzlabo \u0101das gludumu un vizu\u0101lo bl\u012bvumu<br data-start=\"1901\" data-end=\"1904\" \/>\u2714\ufe0f Piem\u0113rots \u0137erme\u0146a kop\u0161anai p\u0113c svara samazin\u0101\u0161an\u0101s<br data-start=\"1957\" data-end=\"1960\" \/>\u2714\ufe0f Sniedz svaiguma un koptas \u0101das saj\u016btu<\/p>\n<p data-start=\"3306\" data-end=\"3332\">\n","protected":false},"featured_media":63123,"template":"","meta":[],"pwb-brand":[1224],"product_brand":[],"product_cat":[757],"product_tag":[],"giftcard-category":[],"class_list":{"0":"post-70080","1":"product","2":"type-product","3":"status-publish","4":"has-post-thumbnail","6":"pwb-brand-arosha-lv","7":"product_cat-kermena-kopsana","9":"first","10":"instock","11":"taxable","12":"shipping-taxable","13":"purchasable","14":"product-type-simple"},"acf":[],"brands":[{"id":1224,"name":"Arosha","slug":"arosha-lv"}],"_links":{"self":[{"href":"https:\/\/skinstudio.ee\/lv\/wp-json\/wp\/v2\/product\/70080","targetHints":{"allow":["GET"]}}],"collection":[{"href":"https:\/\/skinstudio.ee\/lv\/wp-json\/wp\/v2\/product"}],"about":[{"href":"https:\/\/skinstudio.ee\/lv\/wp-json\/wp\/v2\/types\/product"}],"version-history":[{"count":0,"href":"https:\/\/skinstudio.ee\/lv\/wp-json\/wp\/v2\/product\/70080\/revisions"}],"wp:featuredmedia":[{"embeddable":true,"href":"https:\/\/skinstudio.ee\/lv\/wp-json\/wp\/v2\/media\/63123"}],"wp:attachment":[{"href":"https:\/\/skinstudio.ee\/lv\/wp-json\/wp\/v2\/media?parent=70080"}],"wp:term":[{"taxonomy":"pwb-brand","embeddable":true,"href":"https:\/\/skinstudio.ee\/lv\/wp-json\/wp\/v2\/pwb-brand?post=70080"},{"taxonomy":"product_brand","embeddable":true,"href":"https:\/\/skinstudio.ee\/lv\/wp-json\/wp\/v2\/product_brand?post=70080"},{"taxonomy":"product_cat","embeddable":true,"href":"https:\/\/skinstudio.ee\/lv\/wp-json\/wp\/v2\/product_cat?post=70080"},{"taxonomy":"product_tag","embeddable":true,"href":"https:\/\/skinstudio.ee\/lv\/wp-json\/wp\/v2\/product_tag?post=70080"},{"taxonomy":"giftcard-category","embeddable":true,"href":"https:\/\/skinstudio.ee\/lv\/wp-json\/wp\/v2\/giftcard-category?post=70080"}],"curies":[{"name":"wp","href":"https:\/\/api.w.org\/{rel}","templated":true}]}}