{"id":70091,"date":"2024-11-21T10:17:23","date_gmt":"2024-11-21T10:17:23","guid":{"rendered":"https:\/\/skinstudio.ee\/?post_type=product&#038;p=70091"},"modified":"2025-12-19T15:09:59","modified_gmt":"2025-12-19T15:09:59","slug":"520-nio-drain-pants-refill","status":"publish","type":"product","link":"https:\/\/skinstudio.ee\/lv\/catalog\/arosha-lv\/520-nio-drain-pants-refill\/","title":{"rendered":"520 Nio Drain Pants Refill"},"content":{"rendered":"<p data-start=\"283\" data-end=\"642\">Arosha 520 NIO DRAIN PANTS Refill ir profesion\u0101ls dren\u0113jo\u0161s \u0137erme\u0146a kop\u0161anas l\u012bdzeklis lieto\u0161anai m\u0101jas apst\u0101k\u013cos, kas paredz\u0113ts t\u016bskas, smaguma saj\u016btas un samazin\u0101ta audu tonusa mazin\u0101\u0161anai. Formula balst\u012bta uz NIOCONTROL\u2122 tehnolo\u0123iju \u2013 inovat\u012bvu niiosomu b\u0101zes transderm\u0101lo pieg\u0101des sist\u0113mu, kas nodro\u0161ina augstu akt\u012bvo sast\u0101vda\u013cu biopieejam\u012bbu m\u0113r\u0137a zon\u0101s.<\/p>\n<p data-start=\"644\" data-end=\"984\">Akt\u012bvais komplekss ar b\u0113rza ekstraktu un N\u0101ves j\u016bras s\u0101\u013ciem pal\u012bdz \u0101tri samazin\u0101t t\u016bsku, atbalsta detoksik\u0101cijas un remineraliz\u0101cijas procesus un uzlabo \u0101das kop\u0113jo izskatu un komforta saj\u016btu. Centella asiatica ekstrakts un esc\u012bns veicina mikrocirkul\u0101ciju un pal\u012bdz uztur\u0113t kapil\u0101ru tonusu, t\u0101d\u0113j\u0101di samazinot t\u016bsku un smaguma saj\u016btu k\u0101j\u0101s.<\/p>\n<p data-start=\"986\" data-end=\"1134\">Produkts lieliski iek\u013caujas kompleks\u0101s \u0137erme\u0146a kop\u0161anas programm\u0101s un ir piem\u0113rots regul\u0101rai lieto\u0161anai dren\u0113jo\u0161as un model\u0113jo\u0161as kop\u0161anas ietvaros.<\/p>\n<p data-start=\"1136\" data-end=\"1307\"><strong data-start=\"1136\" data-end=\"1156\">Komplekts satur:<\/strong><br data-start=\"1156\" data-end=\"1159\" \/>\u2013 dren\u0113jo\u0161u aktivatora serumu legingiem NIO DRAIN PANTS REFILL (120 ml) \u2013 1 gab.;<br data-start=\"1240\" data-end=\"1243\" \/>\u2013 polietil\u0113na bikses PANTACARTENE (100% p\u0101rstr\u0101d\u0101jamas) \u2013 1 gab.<\/p>\n<p data-start=\"1309\" data-end=\"1359\"><strong data-start=\"1309\" data-end=\"1359\">Produkts nav pak\u013cauts atgrie\u0161anai vai apmai\u0146ai<\/strong><\/p>\n","protected":false},"excerpt":{"rendered":"<p data-start=\"2241\" data-end=\"2277\">Dren\u0113jo\u0161s \u0137erme\u0146a kop\u0161anas l\u012bdzeklis<\/p>\n<h2 data-start=\"2282\" data-end=\"2605\"><strong data-start=\"2282\" data-end=\"2330\">\u012apa\u0161\u012bbas Arosha &#8211; 520 NIO DRAIN PANTS Refill<\/strong><\/h2>\n<p data-start=\"2282\" data-end=\"2605\">\u2714\ufe0f Nodro\u0161ina izteiktu dren\u0113jo\u0161u un atsvaidzino\u0161u efektu<br data-start=\"2388\" data-end=\"2391\" \/>\u2714\ufe0f Pal\u012bdz mazin\u0101t t\u016bsku un smaguma saj\u016btu k\u0101j\u0101s<br data-start=\"2438\" data-end=\"2441\" \/>\u2714\ufe0f Atbalsta \u0101das detoksik\u0101ciju un remineraliz\u0101ciju<br data-start=\"2491\" data-end=\"2494\" \/>\u2714\ufe0f Pastiprina model\u0113jo\u0161u un pretcelul\u012bta programmu efektivit\u0101ti<br data-start=\"2557\" data-end=\"2560\" \/>\u2714\ufe0f Ide\u0101li papildina NIO DRAIN PANTS sist\u0113mu<\/p>\n<p><span class=\"single-product__name\">\u00a0<\/span><\/p>\n","protected":false},"featured_media":63133,"template":"","meta":[],"pwb-brand":[1224],"product_brand":[],"product_cat":[757],"product_tag":[],"giftcard-category":[],"class_list":{"0":"post-70091","1":"product","2":"type-product","3":"status-publish","4":"has-post-thumbnail","6":"pwb-brand-arosha-lv","7":"product_cat-kermena-kopsana","9":"first","10":"instock","11":"taxable","12":"shipping-taxable","13":"purchasable","14":"product-type-simple"},"acf":[],"brands":[{"id":1224,"name":"Arosha","slug":"arosha-lv"}],"_links":{"self":[{"href":"https:\/\/skinstudio.ee\/lv\/wp-json\/wp\/v2\/product\/70091","targetHints":{"allow":["GET"]}}],"collection":[{"href":"https:\/\/skinstudio.ee\/lv\/wp-json\/wp\/v2\/product"}],"about":[{"href":"https:\/\/skinstudio.ee\/lv\/wp-json\/wp\/v2\/types\/product"}],"version-history":[{"count":0,"href":"https:\/\/skinstudio.ee\/lv\/wp-json\/wp\/v2\/product\/70091\/revisions"}],"wp:featuredmedia":[{"embeddable":true,"href":"https:\/\/skinstudio.ee\/lv\/wp-json\/wp\/v2\/media\/63133"}],"wp:attachment":[{"href":"https:\/\/skinstudio.ee\/lv\/wp-json\/wp\/v2\/media?parent=70091"}],"wp:term":[{"taxonomy":"pwb-brand","embeddable":true,"href":"https:\/\/skinstudio.ee\/lv\/wp-json\/wp\/v2\/pwb-brand?post=70091"},{"taxonomy":"product_brand","embeddable":true,"href":"https:\/\/skinstudio.ee\/lv\/wp-json\/wp\/v2\/product_brand?post=70091"},{"taxonomy":"product_cat","embeddable":true,"href":"https:\/\/skinstudio.ee\/lv\/wp-json\/wp\/v2\/product_cat?post=70091"},{"taxonomy":"product_tag","embeddable":true,"href":"https:\/\/skinstudio.ee\/lv\/wp-json\/wp\/v2\/product_tag?post=70091"},{"taxonomy":"giftcard-category","embeddable":true,"href":"https:\/\/skinstudio.ee\/lv\/wp-json\/wp\/v2\/giftcard-category?post=70091"}],"curies":[{"name":"wp","href":"https:\/\/api.w.org\/{rel}","templated":true}]}}