{"id":70102,"date":"2024-11-21T09:44:19","date_gmt":"2024-11-21T09:44:19","guid":{"rendered":"https:\/\/skinstudio.ee\/?post_type=product&#038;p=70102"},"modified":"2025-12-19T15:09:59","modified_gmt":"2025-12-19T15:09:59","slug":"521-silhouette-pants","status":"publish","type":"product","link":"https:\/\/skinstudio.ee\/lv\/catalog\/arosha-lv\/521-silhouette-pants\/","title":{"rendered":"521 Silhouette Pants"},"content":{"rendered":"<p data-start=\"272\" data-end=\"668\">Arosha 521 SILHOUETTE PANTS ir nakts laik\u0101 lieto\u0161anai paredz\u0113ta \u0137erme\u0146a kontur\u0113jo\u0161a kop\u0161anas sist\u0113ma, kas izstr\u0101d\u0101ta, lai mazin\u0101tu celul\u012bta redzam\u012bbu, \u0101das reljefa nevienm\u0113r\u012bbu un samazin\u0101tu tonusu. Formula balst\u012bta uz biotehnolo\u0123iski akt\u012bvo j\u016bras kompleksu NOCTURSHAPE\u2122, kas atbalsta nakts vielmai\u0146as procesu optimiz\u0101ciju un veicina problem\u0101tisko zonu vizu\u0101l\u0101 st\u0101vok\u013ca uzlabo\u0161anos atp\u016btas laik\u0101.<\/p>\n<p data-start=\"670\" data-end=\"1042\">Komplekt\u0101 iek\u013cautais aktiv\u0113jo\u0161ais kr\u0113ms ir bag\u0101tin\u0101ts ar kofe\u012bnu un karnit\u012bnu, kas atbalsta \u0101das vielmai\u0146as aktivit\u0101ti un pal\u012bdz uzlabot t\u0101s tvirtumu un vizu\u0101lo bl\u012bvumu. M\u0113r\u0137\u0113ts enz\u012bmu komplekss pal\u012bdz mazin\u0101t fibrotisko nel\u012bdzenumu redzam\u012bbu, padarot \u0101du glud\u0101ku un vienm\u0113r\u012bg\u0101ku. Regul\u0101ra lieto\u0161ana vakara kop\u0161an\u0101 pal\u012bdz uzlabot \u0101das tonusu, elast\u012bbu un kop\u0113jo kvalit\u0101ti.<\/p>\n<p data-start=\"1044\" data-end=\"1220\">Sist\u0113ma ir paredz\u0113ta lieto\u0161anai k\u0101 da\u013ca no visaptvero\u0161as \u0137erme\u0146a kontur\u0113\u0161anas programmas un lieliski iek\u013caujas silueta model\u0113\u0161anas un celul\u012bta redzam\u012bbas samazin\u0101\u0161anas rut\u012bn\u0101s.<\/p>\n<p data-start=\"1222\" data-end=\"1497\"><strong data-start=\"1222\" data-end=\"1242\">Komplekts satur:<\/strong><br data-start=\"1242\" data-end=\"1245\" \/>\u2013 SILHOUETTE PANTS \u2013 iepriek\u0161 impreg\u00adn\u0113tus mikro\u0161\u0137iedras legingus ar kontur\u0113jo\u0161u iedarb\u012bbu;<br data-start=\"1336\" data-end=\"1339\" \/>\u2013 SILHOUETTE PANTS Refill \u2013 lipol\u012btisku aktivatora serumu atk\u0101rtotai lieto\u0161anai;<br data-start=\"1419\" data-end=\"1422\" \/>\u2013 PANTACARTENE \u2013 polietil\u0113na bikses kop\u0161anas efektivit\u0101tes pastiprin\u0101\u0161anai.<\/p>\n<p data-start=\"1499\" data-end=\"1549\"><strong data-start=\"1499\" data-end=\"1549\">Produkts nav pak\u013cauts atgrie\u0161anai vai apmai\u0146ai<\/strong><\/p>\n","protected":false},"excerpt":{"rendered":"<p data-start=\"2488\" data-end=\"2521\">Nakts \u0137erme\u0146a kontur\u0113jo\u0161\u0101 kop\u0161ana<\/p>\n<h2 data-start=\"2526\" data-end=\"2798\"><strong data-start=\"2526\" data-end=\"2568\">\u012apa\u0161\u012bbas Arosha &#8211; 521 SILHOUETTE PANTS<\/strong><\/h2>\n<p data-start=\"2526\" data-end=\"2798\">\u2714\ufe0f Nodro\u0161ina visaptvero\u0161u \u0137erme\u0146a kont\u016bru model\u0113\u0161anu<br data-start=\"2623\" data-end=\"2626\" \/>\u2714\ufe0f Pal\u012bdz mazin\u0101t celul\u012bta redzam\u012bbu<br data-start=\"2662\" data-end=\"2665\" \/>\u2714\ufe0f Atbalsta \u0101das tvirtumu un elast\u012bbu<br data-start=\"2702\" data-end=\"2705\" \/>\u2714\ufe0f Veicina \u0101das gludumu un vizu\u0101lo bl\u012bvumu<br data-start=\"2747\" data-end=\"2750\" \/>\u2714\ufe0f Pal\u012bdz saglab\u0101t koptu un harmonisku siluetu<\/p>\n","protected":false},"featured_media":63138,"template":"","meta":[],"pwb-brand":[1224],"product_brand":[],"product_cat":[757],"product_tag":[],"giftcard-category":[],"class_list":{"0":"post-70102","1":"product","2":"type-product","3":"status-publish","4":"has-post-thumbnail","6":"pwb-brand-arosha-lv","7":"product_cat-kermena-kopsana","9":"first","10":"instock","11":"taxable","12":"shipping-taxable","13":"purchasable","14":"product-type-simple"},"acf":[],"brands":[{"id":1224,"name":"Arosha","slug":"arosha-lv"}],"_links":{"self":[{"href":"https:\/\/skinstudio.ee\/lv\/wp-json\/wp\/v2\/product\/70102","targetHints":{"allow":["GET"]}}],"collection":[{"href":"https:\/\/skinstudio.ee\/lv\/wp-json\/wp\/v2\/product"}],"about":[{"href":"https:\/\/skinstudio.ee\/lv\/wp-json\/wp\/v2\/types\/product"}],"version-history":[{"count":0,"href":"https:\/\/skinstudio.ee\/lv\/wp-json\/wp\/v2\/product\/70102\/revisions"}],"wp:featuredmedia":[{"embeddable":true,"href":"https:\/\/skinstudio.ee\/lv\/wp-json\/wp\/v2\/media\/63138"}],"wp:attachment":[{"href":"https:\/\/skinstudio.ee\/lv\/wp-json\/wp\/v2\/media?parent=70102"}],"wp:term":[{"taxonomy":"pwb-brand","embeddable":true,"href":"https:\/\/skinstudio.ee\/lv\/wp-json\/wp\/v2\/pwb-brand?post=70102"},{"taxonomy":"product_brand","embeddable":true,"href":"https:\/\/skinstudio.ee\/lv\/wp-json\/wp\/v2\/product_brand?post=70102"},{"taxonomy":"product_cat","embeddable":true,"href":"https:\/\/skinstudio.ee\/lv\/wp-json\/wp\/v2\/product_cat?post=70102"},{"taxonomy":"product_tag","embeddable":true,"href":"https:\/\/skinstudio.ee\/lv\/wp-json\/wp\/v2\/product_tag?post=70102"},{"taxonomy":"giftcard-category","embeddable":true,"href":"https:\/\/skinstudio.ee\/lv\/wp-json\/wp\/v2\/giftcard-category?post=70102"}],"curies":[{"name":"wp","href":"https:\/\/api.w.org\/{rel}","templated":true}]}}