{"id":70111,"date":"2024-10-29T11:56:52","date_gmt":"2024-10-29T11:56:52","guid":{"rendered":"https:\/\/skinstudio.ee\/?post_type=product&#038;p=70111"},"modified":"2025-12-19T15:09:59","modified_gmt":"2025-12-19T15:09:59","slug":"521-silhouette-pants-refill","status":"publish","type":"product","link":"https:\/\/skinstudio.ee\/lv\/catalog\/arosha-lv\/521-silhouette-pants-refill\/","title":{"rendered":"521 Silhouette Pants Refill"},"content":{"rendered":"<p data-start=\"299\" data-end=\"592\">Arosha 521 SILHOUETTE PANTS Refill ir aktiv\u0113jo\u0161s \u0161\u0137\u012bdums legingu atk\u0101rtotai lieto\u0161anai, kas paredz\u0113ts \u0137erme\u0146a kont\u016bru korekcijas rezult\u0101tu saglab\u0101\u0161anai un celul\u012bta redzam\u012bbas mazin\u0101\u0161anai. Produkts ir piem\u0113rots regul\u0101rai lieto\u0161anai m\u0101jas apst\u0101k\u013cos un pal\u012bdz nodro\u0161in\u0101t ilgsto\u0161u kop\u0161anas efektu.<\/p>\n<p data-start=\"594\" data-end=\"1008\">Akt\u012bvais \u0161\u0137\u012bdums satur inovat\u012bvu liposom\u0101lu transderm\u0101l\u0101s pieg\u0101des sist\u0113mu ar kapsul\u0113t\u0101m akt\u012bvaj\u0101m sast\u0101vda\u013c\u0101m, kas atbalsta m\u0113r\u0137tiec\u012bgu iedarb\u012bbu problem\u0101tiskaj\u0101s zon\u0101s un uzlabo \u0101das vizu\u0101lo st\u0101vokli. Augsta kofe\u012bna un L-karnit\u012bna koncentr\u0101cija veicina vielmai\u0146as aktivit\u0101ti un lipol\u012btisko procesu atbalstu, savuk\u0101rt fermentu komplekss pal\u012bdz uzlabot \u0101das tekst\u016bru un samazin\u0101t \u201eapels\u012bna mizas\u201d efekta redzam\u012bbu.<\/p>\n<p data-start=\"1010\" data-end=\"1135\">Produkts ide\u0101li papildina SILHOUETTE PANTS sist\u0113mu un nodro\u0161ina stabilus, ilgsto\u0161us rezult\u0101tus regul\u0101ras lieto\u0161anas gad\u012bjum\u0101.<\/p>\n<p data-start=\"1137\" data-end=\"1187\"><strong data-start=\"1137\" data-end=\"1187\">Produkts nav pak\u013cauts atgrie\u0161anai vai apmai\u0146ai<\/strong><\/p>\n","protected":false},"excerpt":{"rendered":"<p data-start=\"1926\" data-end=\"1967\">\u0136erme\u0146a kontur\u0113jo\u0161\u0101s kop\u0161anas aktiva\u0304tors<\/p>\n<h2 data-start=\"1972\" data-end=\"2276\"><strong data-start=\"1972\" data-end=\"2021\">\u012apa\u0161\u012bbas Arosha &#8211; 521 SILHOUETTE PANTS Refill<\/strong><\/h2>\n<p data-start=\"1972\" data-end=\"2276\">\u2714\ufe0f Pagarina \u0137erme\u0146a kont\u016bru korekcijas efektu<br data-start=\"2069\" data-end=\"2072\" \/>\u2714\ufe0f Pal\u012bdz uztur\u0113t pretcelul\u012bta kop\u0161anas rezult\u0101tus<br data-start=\"2122\" data-end=\"2125\" \/>\u2714\ufe0f Nodro\u0161ina \u0113rtu un vienk\u0101r\u0161u lieto\u0161anu m\u0101jas apst\u0101k\u013cos<br data-start=\"2181\" data-end=\"2184\" \/>\u2714\ufe0f Veicina \u0101das tvirtuma un gluduma saglab\u0101\u0161anu<br data-start=\"2231\" data-end=\"2234\" \/>\u2714\ufe0f Ide\u0101li piem\u0113rots regul\u0101rai lieto\u0161anai<\/p>\n<p data-start=\"3815\" data-end=\"3860\">\n","protected":false},"featured_media":70113,"template":"","meta":[],"pwb-brand":[1224],"product_brand":[],"product_cat":[757],"product_tag":[],"giftcard-category":[],"class_list":{"0":"post-70111","1":"product","2":"type-product","3":"status-publish","4":"has-post-thumbnail","6":"pwb-brand-arosha-lv","7":"product_cat-kermena-kopsana","9":"first","10":"instock","11":"sale","12":"taxable","13":"shipping-taxable","14":"purchasable","15":"product-type-simple"},"acf":[],"brands":[{"id":1224,"name":"Arosha","slug":"arosha-lv"}],"_links":{"self":[{"href":"https:\/\/skinstudio.ee\/lv\/wp-json\/wp\/v2\/product\/70111","targetHints":{"allow":["GET"]}}],"collection":[{"href":"https:\/\/skinstudio.ee\/lv\/wp-json\/wp\/v2\/product"}],"about":[{"href":"https:\/\/skinstudio.ee\/lv\/wp-json\/wp\/v2\/types\/product"}],"version-history":[{"count":0,"href":"https:\/\/skinstudio.ee\/lv\/wp-json\/wp\/v2\/product\/70111\/revisions"}],"wp:featuredmedia":[{"embeddable":true,"href":"https:\/\/skinstudio.ee\/lv\/wp-json\/wp\/v2\/media\/70113"}],"wp:attachment":[{"href":"https:\/\/skinstudio.ee\/lv\/wp-json\/wp\/v2\/media?parent=70111"}],"wp:term":[{"taxonomy":"pwb-brand","embeddable":true,"href":"https:\/\/skinstudio.ee\/lv\/wp-json\/wp\/v2\/pwb-brand?post=70111"},{"taxonomy":"product_brand","embeddable":true,"href":"https:\/\/skinstudio.ee\/lv\/wp-json\/wp\/v2\/product_brand?post=70111"},{"taxonomy":"product_cat","embeddable":true,"href":"https:\/\/skinstudio.ee\/lv\/wp-json\/wp\/v2\/product_cat?post=70111"},{"taxonomy":"product_tag","embeddable":true,"href":"https:\/\/skinstudio.ee\/lv\/wp-json\/wp\/v2\/product_tag?post=70111"},{"taxonomy":"giftcard-category","embeddable":true,"href":"https:\/\/skinstudio.ee\/lv\/wp-json\/wp\/v2\/giftcard-category?post=70111"}],"curies":[{"name":"wp","href":"https:\/\/api.w.org\/{rel}","templated":true}]}}