{"id":70123,"date":"2024-10-26T10:44:16","date_gmt":"2024-10-26T10:44:16","guid":{"rendered":"https:\/\/skinstudio.ee\/?post_type=product&#038;p=70123"},"modified":"2025-12-19T15:10:00","modified_gmt":"2025-12-19T15:10:00","slug":"520-nio-drain-pants","status":"publish","type":"product","link":"https:\/\/skinstudio.ee\/lv\/catalog\/arosha-lv\/520-nio-drain-pants\/","title":{"rendered":"520 Nio Drain Pants"},"content":{"rendered":"<p data-start=\"305\" data-end=\"619\">Arosha 520 NIO DRAIN PANTS ir profesion\u0101la dren\u0113jo\u0161a \u0137erme\u0146a kop\u0161anas sist\u0113ma, kas paredz\u0113ta t\u016bskas, smaguma saj\u016btas k\u0101j\u0101s un samazin\u0101ta audu tonusa mazin\u0101\u0161anai. Produkta iedarb\u012bba balst\u0101s uz NIOCONTROL\u2122 tehnolo\u0123iju \u2014 inovat\u012bvu akt\u012bvo sast\u0101vda\u013cu pieg\u0101des sist\u0113mu, kas nodro\u0161ina to augstu biopieejam\u012bbu m\u0113r\u0137a zon\u0101s.<\/p>\n<p data-start=\"621\" data-end=\"966\">Akt\u012bvais komplekss ar b\u0113rza ekstraktu un N\u0101ves j\u016bras s\u0101\u013ciem pal\u012bdz \u0101tri samazin\u0101t t\u016bsku, atbalsta \u0101das detoksik\u0101cijas un remineraliz\u0101cijas procesus, k\u0101 ar\u012b uzlabo visp\u0101r\u0113jo \u0101das komfortu un izskatu. Centella asiatica ekstrakts un esc\u012bns veicina mikrocirkul\u0101ciju un pal\u012bdz uztur\u0113t asinsvadu tonusu, t\u0101d\u0113j\u0101di mazinot t\u016bsku un smaguma saj\u016btu k\u0101j\u0101s.<\/p>\n<p data-start=\"968\" data-end=\"1124\">Produkts lieliski iek\u013caujas visaptvero\u0161\u0101s \u0137erme\u0146a kop\u0161anas programm\u0101s un ir piem\u0113rots regul\u0101rai lieto\u0161anai dren\u0113jo\u0161u un siluetu model\u0113jo\u0161u ritu\u0101lu ietvaros.<\/p>\n<p data-start=\"1126\" data-end=\"1176\"><strong data-start=\"1126\" data-end=\"1176\">Produkts nav pak\u013cauts atgrie\u0161anai vai apmai\u0146ai<\/strong><\/p>\n","protected":false},"excerpt":{"rendered":"<p data-start=\"2033\" data-end=\"2058\">Dren\u0113jo\u0161a \u0137erme\u0146a kop\u0161ana<\/p>\n<h2 data-start=\"2063\" data-end=\"2342\"><strong data-start=\"2063\" data-end=\"2104\">\u012apa\u0161\u012bbas Arosha &#8211; 520 NIO DRAIN PANTS<\/strong><\/h2>\n<p data-start=\"2063\" data-end=\"2342\">\u2714\ufe0f Veicina t\u016bskas mazin\u0101\u0161anos un kerguma saj\u016btu k\u0101j\u0101s<br data-start=\"2160\" data-end=\"2163\" \/>\u2714\ufe0f Atbalsta dren\u0113jo\u0161us un detoksik\u0101cijas procesus \u0101d\u0101<br data-start=\"2216\" data-end=\"2219\" \/>\u2714\ufe0f Pal\u012bdz uzlabot mikrocirkul\u0101ciju<br data-start=\"2253\" data-end=\"2256\" \/>\u2714\ufe0f Veicina \u0137erme\u0146a kont\u016bru model\u0113\u0161anu<br data-start=\"2293\" data-end=\"2296\" \/>\u2714\ufe0f Padara \u0101du glud\u0101ku, elast\u012bg\u0101ku un kopt\u0101ku<\/p>\n","protected":false},"featured_media":63143,"template":"","meta":[],"pwb-brand":[1224],"product_brand":[],"product_cat":[757],"product_tag":[],"giftcard-category":[],"class_list":{"0":"post-70123","1":"product","2":"type-product","3":"status-publish","4":"has-post-thumbnail","6":"pwb-brand-arosha-lv","7":"product_cat-kermena-kopsana","9":"first","10":"instock","11":"taxable","12":"shipping-taxable","13":"purchasable","14":"product-type-simple"},"acf":[],"brands":[{"id":1224,"name":"Arosha","slug":"arosha-lv"}],"_links":{"self":[{"href":"https:\/\/skinstudio.ee\/lv\/wp-json\/wp\/v2\/product\/70123","targetHints":{"allow":["GET"]}}],"collection":[{"href":"https:\/\/skinstudio.ee\/lv\/wp-json\/wp\/v2\/product"}],"about":[{"href":"https:\/\/skinstudio.ee\/lv\/wp-json\/wp\/v2\/types\/product"}],"version-history":[{"count":0,"href":"https:\/\/skinstudio.ee\/lv\/wp-json\/wp\/v2\/product\/70123\/revisions"}],"wp:featuredmedia":[{"embeddable":true,"href":"https:\/\/skinstudio.ee\/lv\/wp-json\/wp\/v2\/media\/63143"}],"wp:attachment":[{"href":"https:\/\/skinstudio.ee\/lv\/wp-json\/wp\/v2\/media?parent=70123"}],"wp:term":[{"taxonomy":"pwb-brand","embeddable":true,"href":"https:\/\/skinstudio.ee\/lv\/wp-json\/wp\/v2\/pwb-brand?post=70123"},{"taxonomy":"product_brand","embeddable":true,"href":"https:\/\/skinstudio.ee\/lv\/wp-json\/wp\/v2\/product_brand?post=70123"},{"taxonomy":"product_cat","embeddable":true,"href":"https:\/\/skinstudio.ee\/lv\/wp-json\/wp\/v2\/product_cat?post=70123"},{"taxonomy":"product_tag","embeddable":true,"href":"https:\/\/skinstudio.ee\/lv\/wp-json\/wp\/v2\/product_tag?post=70123"},{"taxonomy":"giftcard-category","embeddable":true,"href":"https:\/\/skinstudio.ee\/lv\/wp-json\/wp\/v2\/giftcard-category?post=70123"}],"curies":[{"name":"wp","href":"https:\/\/api.w.org\/{rel}","templated":true}]}}