{"id":70134,"date":"2024-09-20T09:21:27","date_gmt":"2024-09-20T09:21:27","guid":{"rendered":"https:\/\/skinstudio.ee\/?post_type=product&#038;p=70134"},"modified":"2025-12-19T15:10:00","modified_gmt":"2025-12-19T15:10:00","slug":"503-bodyslim","status":"publish","type":"product","link":"https:\/\/skinstudio.ee\/lv\/catalog\/arosha-lv\/503-bodyslim\/","title":{"rendered":"503 Bodyslim"},"content":{"rendered":"<p data-start=\"272\" data-end=\"632\">Arosha 503 BODYSLIM ir \u0137ermeni model\u0113jo\u0161s bodijs ar bio-infrasarkano, dren\u0113jo\u0161o un savelko\u0161o iedarb\u012bbu, kas paredz\u0113ts silueta kop\u0161anai un \u0101das tonusa uztur\u0113\u0161anai. Produkts ir piem\u0113rots regul\u0101rai valk\u0101\u0161anai un var tikt izmantots gan k\u0101 patst\u0101v\u012bgs \u0137erme\u0146a kop\u0161anas risin\u0101jums, gan kombin\u0101cij\u0101 ar kosm\u0113tisk\u0101m un profesion\u0101l\u0101m \u0137erme\u0146a kop\u0161anas programm\u0101m.<\/p>\n<p data-start=\"634\" data-end=\"986\">Bodijs ir izgatavots, izmantojot inovat\u012bvo Dermofibra\u00ae tehnolo\u0123iju &#8211; poliestera \u0161\u0137iedru ar organiskajiem krist\u0101liem, kas integr\u0113ti ar nanotehnolo\u0123iju pal\u012bdz\u012bbu. \u0136erme\u0146a dabisk\u0101 siltuma ietekm\u0113 krist\u0101li atstaro gaismu bio-infrasarkanaj\u0101 diapazon\u0101 bez \u0101r\u0113ja gaismas avota. \u0160\u012b maig\u0101 iedarb\u012bba atbalsta \u0101das un zem\u0101das audu dabiskos fiziolo\u0123iskos procesus.<\/p>\n<p data-start=\"988\" data-end=\"1316\">Bio-infrasarkanais efekts veicina mikrocirkul\u0101ciju un vielmai\u0146as procesus, atbalsta dren\u0113jo\u0161u iedarb\u012bbu un pal\u012bdz uzlabot \u0101das vizu\u0101lo st\u0101vokli. Siltuma efekts nodro\u0161ina komfortu valk\u0101\u0161anas laik\u0101 un veicina musku\u013cu atsl\u0101bin\u0101\u0161anos. Regul\u0101ri lietojot, \u0101da k\u013c\u016bst glud\u0101ka, tvirt\u0101ka un elast\u012bg\u0101ka, bet \u0137erme\u0146a kont\u016bras &#8211; izteikt\u0101kas.<\/p>\n<p data-start=\"1318\" data-end=\"1491\">Arosha anti-celul\u012bta l\u012bnija ar Dermofibra\u00ae tehnolo\u0123iju ir izstr\u0101d\u0101ta ilgtermi\u0146a un sistem\u0101tiskai \u0137erme\u0146a kop\u0161anai, \u012bpa\u0161u uzman\u012bbu piev\u0113r\u0161ot komfortam un stabilam rezult\u0101tam.<\/p>\n<p data-start=\"1493\" data-end=\"1543\"><strong data-start=\"1493\" data-end=\"1543\">Produkts nav pak\u013cauts atgrie\u0161anai vai apmai\u0146ai<\/strong><\/p>\n","protected":false},"excerpt":{"rendered":"<p data-start=\"2013\" data-end=\"2038\">\u0136ermeni model\u0113jo\u0161s bodijs<\/p>\n<h2 data-start=\"2043\" data-end=\"2321\"><strong data-start=\"2043\" data-end=\"2086\">\u012apa\u0161\u012bbas Arosha &#8211; 503 BODYSLIM<\/strong><\/h2>\n<p data-start=\"2043\" data-end=\"2321\">\u2714\ufe0f Atbalsta darbu ar lok\u0101l\u0101m tauku zon\u0101m<br data-start=\"2129\" data-end=\"2132\" \/>\u2714\ufe0f Veicina vielmai\u0146as procesu aktiviz\u0113\u0161anu<br data-start=\"2174\" data-end=\"2177\" \/>\u2714\ufe0f Padara \u0137erme\u0146a kont\u016bras izteikt\u0101kas<br data-start=\"2215\" data-end=\"2218\" \/>\u2714\ufe0f Uzlabo \u0101das tvirtumu un elast\u012bbu<br data-start=\"2253\" data-end=\"2256\" \/>\u2714\ufe0f Piem\u0113rots lieto\u0161anai p\u0113c proced\u016br\u0101m un rezult\u0101tu uztur\u0113\u0161anai<\/p>\n","protected":false},"featured_media":63148,"template":"","meta":[],"pwb-brand":[1224],"product_brand":[],"product_cat":[757],"product_tag":[],"giftcard-category":[],"class_list":{"0":"post-70134","1":"product","2":"type-product","3":"status-publish","4":"has-post-thumbnail","6":"pwb-brand-arosha-lv","7":"product_cat-kermena-kopsana","9":"first","10":"instock","11":"taxable","12":"shipping-taxable","13":"purchasable","14":"product-type-variable"},"acf":[],"brands":[{"id":1224,"name":"Arosha","slug":"arosha-lv"}],"_links":{"self":[{"href":"https:\/\/skinstudio.ee\/lv\/wp-json\/wp\/v2\/product\/70134","targetHints":{"allow":["GET"]}}],"collection":[{"href":"https:\/\/skinstudio.ee\/lv\/wp-json\/wp\/v2\/product"}],"about":[{"href":"https:\/\/skinstudio.ee\/lv\/wp-json\/wp\/v2\/types\/product"}],"version-history":[{"count":0,"href":"https:\/\/skinstudio.ee\/lv\/wp-json\/wp\/v2\/product\/70134\/revisions"}],"wp:featuredmedia":[{"embeddable":true,"href":"https:\/\/skinstudio.ee\/lv\/wp-json\/wp\/v2\/media\/63148"}],"wp:attachment":[{"href":"https:\/\/skinstudio.ee\/lv\/wp-json\/wp\/v2\/media?parent=70134"}],"wp:term":[{"taxonomy":"pwb-brand","embeddable":true,"href":"https:\/\/skinstudio.ee\/lv\/wp-json\/wp\/v2\/pwb-brand?post=70134"},{"taxonomy":"product_brand","embeddable":true,"href":"https:\/\/skinstudio.ee\/lv\/wp-json\/wp\/v2\/product_brand?post=70134"},{"taxonomy":"product_cat","embeddable":true,"href":"https:\/\/skinstudio.ee\/lv\/wp-json\/wp\/v2\/product_cat?post=70134"},{"taxonomy":"product_tag","embeddable":true,"href":"https:\/\/skinstudio.ee\/lv\/wp-json\/wp\/v2\/product_tag?post=70134"},{"taxonomy":"giftcard-category","embeddable":true,"href":"https:\/\/skinstudio.ee\/lv\/wp-json\/wp\/v2\/giftcard-category?post=70134"}],"curies":[{"name":"wp","href":"https:\/\/api.w.org\/{rel}","templated":true}]}}