{"id":70149,"date":"2024-09-12T12:34:53","date_gmt":"2024-09-12T12:34:53","guid":{"rendered":"https:\/\/skinstudio.ee\/?post_type=product&#038;p=70149"},"modified":"2025-12-19T15:10:00","modified_gmt":"2025-12-19T15:10:00","slug":"500-pressopants","status":"publish","type":"product","link":"https:\/\/skinstudio.ee\/lv\/catalog\/arosha-lv\/500-pressopants\/","title":{"rendered":"500 Pressopants"},"content":{"rendered":"<p data-start=\"261\" data-end=\"564\">Arosha 500 PRESSOPANTS ir \u0137ermeni kori\u0123\u0113jo\u0161i legingi ar bio-infrasarkano, dren\u0113jo\u0161o un savelko\u0161o iedarb\u012bbu, kas izstr\u0101d\u0101ti, izmantojot inovat\u012bvo Dermofibra\u00ae tehnolo\u0123iju. Produkts paredz\u0113ts regul\u0101rai valk\u0101\u0161anai un kompleksai silueta kop\u0161anai, atbalstot \u0101das tonusu un samazinot celul\u012bta vizu\u0101lo izpausmi.<\/p>\n<p data-start=\"566\" data-end=\"803\">Legingi veicina mikrocirkul\u0101ciju, atbalsta dren\u0113jo\u0161us procesus un pal\u012bdz mazin\u0101t \u201capels\u012bna mizas\u201d efektu. Regul\u0101ras lieto\u0161anas rezult\u0101t\u0101 \u0101da k\u013c\u016bst glud\u0101ka, tvirt\u0101ka un elast\u012bg\u0101ka, savuk\u0101rt \u0137erme\u0146a kont\u016bras \u2014 izteikt\u0101kas un harmonisk\u0101kas.<\/p>\n<p data-start=\"805\" data-end=\"1192\">Dermofibra\u00ae tehnolo\u0123ija balst\u0101s uz poliestera \u0161\u0137iedru ar organiskajiem krist\u0101liem, kas integr\u0113ti, izmantojot nanotehnolo\u0123ijas. \u0136erme\u0146a dabisk\u0101 siltuma ietekm\u0113 krist\u0101li atstaro gaismu bio-infrasarkanaj\u0101 diapazon\u0101 bez \u0101r\u0113ja gaismas avota. \u0160\u012b maig\u0101 bio-infrasarkan\u0101 iedarb\u012bba atbalsta dabiskos fiziolo\u0123iskos procesus \u0101d\u0101 un zem\u0101das audos, veicinot mikrocirkul\u0101ciju un vielmai\u0146as aktivit\u0101ti.<\/p>\n<p data-start=\"1194\" data-end=\"1464\">Papildu ieliktnis no Resistex\u00ae Silver \u0161\u0137iedras ar 99,9% t\u012bra sudraba saturu nodro\u0161ina dabisku antibakteri\u0101lu iedarb\u012bbu un palielina komfortu ilgsto\u0161as valk\u0101\u0161anas laik\u0101. Bio-infrasarkan\u0101s iedarb\u012bbas rad\u012btais siltums veicina musku\u013cu relaks\u0101ciju un viegluma saj\u016btu \u0137ermen\u012b.<\/p>\n<p data-start=\"1466\" data-end=\"1647\">Arosha Dermofibra\u00ae tehnolo\u0123ij\u0101 balst\u012bt\u0101 pretcelul\u012bta l\u012bnija ir izstr\u0101d\u0101ta ilgtermi\u0146a un sistem\u0101tiskai \u0137erme\u0146a kop\u0161anai, \u012bpa\u0161u uzman\u012bbu piev\u0113r\u0161ot komfortam un notur\u012bgiem rezult\u0101tiem.<\/p>\n<p data-start=\"1649\" data-end=\"1699\"><strong data-start=\"1649\" data-end=\"1699\">Produkts nav pak\u013cauts atgrie\u0161anai vai apmai\u0146ai<\/strong><\/p>\n","protected":false},"excerpt":{"rendered":"<p data-start=\"2187\" data-end=\"2213\">\u0136erme\u0146a korekcijas legingi<\/p>\n<h2 data-start=\"2218\" data-end=\"2503\"><strong data-start=\"2218\" data-end=\"2255\">\u012apa\u0161\u012bbas Arosha &#8211; 500 PRESSOPANTS<\/strong><\/h2>\n<p data-start=\"2218\" data-end=\"2503\">\u2714\ufe0f Veicina limfodren\u0101\u017eu un pal\u012bdz mazin\u0101t t\u016bsku<br data-start=\"2305\" data-end=\"2308\" \/>\u2714\ufe0f Uzlabo mikrocirkul\u0101ciju un audu apg\u0101di ar sk\u0101bekli<br data-start=\"2361\" data-end=\"2364\" \/>\u2714\ufe0f Pal\u012bdz samazin\u0101t celul\u012bta vizu\u0101lo izpausmi<br data-start=\"2409\" data-end=\"2412\" \/>\u2714\ufe0f Pastiprina \u0137erme\u0146a model\u0113jo\u0161o proced\u016bru efektu<br data-start=\"2461\" data-end=\"2464\" \/>\u2714\ufe0f Sniedz viegluma un komforta saj\u016btu<\/p>\n","protected":false},"featured_media":63153,"template":"","meta":[],"pwb-brand":[1224],"product_brand":[],"product_cat":[757],"product_tag":[],"giftcard-category":[],"class_list":{"0":"post-70149","1":"product","2":"type-product","3":"status-publish","4":"has-post-thumbnail","6":"pwb-brand-arosha-lv","7":"product_cat-kermena-kopsana","9":"first","10":"instock","11":"taxable","12":"shipping-taxable","13":"purchasable","14":"product-type-variable"},"acf":[],"brands":[{"id":1224,"name":"Arosha","slug":"arosha-lv"}],"_links":{"self":[{"href":"https:\/\/skinstudio.ee\/lv\/wp-json\/wp\/v2\/product\/70149","targetHints":{"allow":["GET"]}}],"collection":[{"href":"https:\/\/skinstudio.ee\/lv\/wp-json\/wp\/v2\/product"}],"about":[{"href":"https:\/\/skinstudio.ee\/lv\/wp-json\/wp\/v2\/types\/product"}],"version-history":[{"count":0,"href":"https:\/\/skinstudio.ee\/lv\/wp-json\/wp\/v2\/product\/70149\/revisions"}],"wp:featuredmedia":[{"embeddable":true,"href":"https:\/\/skinstudio.ee\/lv\/wp-json\/wp\/v2\/media\/63153"}],"wp:attachment":[{"href":"https:\/\/skinstudio.ee\/lv\/wp-json\/wp\/v2\/media?parent=70149"}],"wp:term":[{"taxonomy":"pwb-brand","embeddable":true,"href":"https:\/\/skinstudio.ee\/lv\/wp-json\/wp\/v2\/pwb-brand?post=70149"},{"taxonomy":"product_brand","embeddable":true,"href":"https:\/\/skinstudio.ee\/lv\/wp-json\/wp\/v2\/product_brand?post=70149"},{"taxonomy":"product_cat","embeddable":true,"href":"https:\/\/skinstudio.ee\/lv\/wp-json\/wp\/v2\/product_cat?post=70149"},{"taxonomy":"product_tag","embeddable":true,"href":"https:\/\/skinstudio.ee\/lv\/wp-json\/wp\/v2\/product_tag?post=70149"},{"taxonomy":"giftcard-category","embeddable":true,"href":"https:\/\/skinstudio.ee\/lv\/wp-json\/wp\/v2\/giftcard-category?post=70149"}],"curies":[{"name":"wp","href":"https:\/\/api.w.org\/{rel}","templated":true}]}}