{"id":70170,"date":"2024-09-12T12:21:02","date_gmt":"2024-09-12T12:21:02","guid":{"rendered":"https:\/\/skinstudio.ee\/?post_type=product&#038;p=70170"},"modified":"2025-12-19T15:10:00","modified_gmt":"2025-12-19T15:10:00","slug":"518-b-tone","status":"publish","type":"product","link":"https:\/\/skinstudio.ee\/lv\/catalog\/arosha-lv\/518-b-tone\/","title":{"rendered":"518 B-Tone"},"content":{"rendered":"<p data-start=\"278\" data-end=\"568\">Arosha 518 B-TONE ir divf\u0101\u017eu serums \u0101das restrukturiz\u0101cijai un dzi\u013cai baro\u0161anai, kas paredz\u0113ts \u0101das tvirtuma, tonusa un elast\u012bbas uzlabo\u0161anai. Produkts piem\u0113rots visaptvero\u0161ai \u0137erme\u0146a kop\u0161anai un \u012bpa\u0161i ieteicams p\u0113c svara zuduma, gr\u016btniec\u012bbas vai gad\u012bjumos, kad samazin\u0101jusies \u0101das bl\u012bv\u012bba.<\/p>\n<p data-start=\"570\" data-end=\"956\">Seruma siner\u0123isk\u0101 atjaunojo\u0161\u0101 iedarb\u012bba balst\u0101s uz abu f\u0101\u017eu kombin\u0101ciju. Aug\u0161\u0113j\u0101 e\u013c\u013cas f\u0101ze ir bag\u0101tin\u0101ta ar saldo mande\u013cu, jojobas un ro\u017eu muskatrieksta e\u013c\u013cu, k\u0101 ar\u012b ar ferment\u0113tu e\u013c\u013cu kompleksu, kas ietver ol\u012bvu, arg\u0101na, saulespu\u0137u s\u0113klu, Glycyrrhiza uralensis un shiunko e\u013c\u013cas. \u0160\u012b kombin\u0101cija intens\u012bvi baro \u0101du, pal\u012bdz mazin\u0101t striju redzam\u012bbu un padara \u0101du maigu, gludu un z\u012bdainu.<\/p>\n<p data-start=\"958\" data-end=\"1302\">Apak\u0161\u0113j\u0101 \u016bdens f\u0101ze izstr\u0101d\u0101ta, izmantojot unik\u0101lo Architekt Define tehnolo\u0123iju, kas atbalsta \u0101das strukt\u016bru un pal\u012bdz samazin\u0101t gravit\u0101cijas nosl\u012bd\u0113\u0161anas paz\u012bmes. Formula veicina elast\u012bna \u0161\u0137iedru restrukturiz\u0101ciju, stimul\u0113 jauna kolag\u0113na sint\u0113zi un uzlabo \u0101das dabisko mitrin\u0101\u0161anas sist\u0113mu, padarot \u0101du vizu\u0101li tvirt\u0101ku, elast\u012bg\u0101ku un glud\u0101ku.<\/p>\n<p data-start=\"1304\" data-end=\"1406\">Inovat\u012bv\u0101 divf\u0101\u017eu tekst\u016bra nodro\u0161ina vieglu uzkl\u0101\u0161anu un \u0101tru uzs\u016bk\u0161anos bez taukainas pl\u0113ves saj\u016btas.<\/p>\n<p data-start=\"1408\" data-end=\"1429\"><strong data-start=\"1408\" data-end=\"1420\">Tilpums:<\/strong> 100 ml<\/p>\n","protected":false},"excerpt":{"rendered":"<p data-start=\"1819\" data-end=\"1877\">Divf\u0101\u017eu serums \u0101das restrukturiz\u0101cijai un dzi\u013cai baro\u0161anai<\/p>\n<h2 data-start=\"1882\" data-end=\"2175\"><strong data-start=\"1882\" data-end=\"1914\">\u012apa\u0161\u012bbas Arosha &#8211; 518 B-TONE<\/strong><\/h2>\n<p data-start=\"1882\" data-end=\"2175\">\u2714\ufe0f Veicina \u0101das tvirtuma un elast\u012bbas uzlabo\u0161anu<br data-start=\"1965\" data-end=\"1968\" \/>\u2714\ufe0f Atbalsta \u0101das tonusa atjauno\u0161anos<br data-start=\"2004\" data-end=\"2007\" \/>\u2714\ufe0f Piem\u0113rots \u0101dai p\u0113c svara zuduma vai gr\u016btniec\u012bbas<br data-start=\"2058\" data-end=\"2061\" \/>\u2714\ufe0f Pal\u012bdz nostiprin\u0101t un uzlabot problem\u0101tisko zonu izskatu<br data-start=\"2120\" data-end=\"2123\" \/>\u2714\ufe0f Atbalsta \u0101das atjauno\u0161an\u0101s un kolag\u0113na procesus<\/p>\n","protected":false},"featured_media":63158,"template":"","meta":[],"pwb-brand":[1224],"product_brand":[],"product_cat":[757],"product_tag":[],"giftcard-category":[],"class_list":{"0":"post-70170","1":"product","2":"type-product","3":"status-publish","4":"has-post-thumbnail","6":"pwb-brand-arosha-lv","7":"product_cat-kermena-kopsana","9":"first","10":"instock","11":"taxable","12":"shipping-taxable","13":"purchasable","14":"product-type-simple"},"acf":[],"brands":[{"id":1224,"name":"Arosha","slug":"arosha-lv"}],"_links":{"self":[{"href":"https:\/\/skinstudio.ee\/lv\/wp-json\/wp\/v2\/product\/70170","targetHints":{"allow":["GET"]}}],"collection":[{"href":"https:\/\/skinstudio.ee\/lv\/wp-json\/wp\/v2\/product"}],"about":[{"href":"https:\/\/skinstudio.ee\/lv\/wp-json\/wp\/v2\/types\/product"}],"version-history":[{"count":0,"href":"https:\/\/skinstudio.ee\/lv\/wp-json\/wp\/v2\/product\/70170\/revisions"}],"wp:featuredmedia":[{"embeddable":true,"href":"https:\/\/skinstudio.ee\/lv\/wp-json\/wp\/v2\/media\/63158"}],"wp:attachment":[{"href":"https:\/\/skinstudio.ee\/lv\/wp-json\/wp\/v2\/media?parent=70170"}],"wp:term":[{"taxonomy":"pwb-brand","embeddable":true,"href":"https:\/\/skinstudio.ee\/lv\/wp-json\/wp\/v2\/pwb-brand?post=70170"},{"taxonomy":"product_brand","embeddable":true,"href":"https:\/\/skinstudio.ee\/lv\/wp-json\/wp\/v2\/product_brand?post=70170"},{"taxonomy":"product_cat","embeddable":true,"href":"https:\/\/skinstudio.ee\/lv\/wp-json\/wp\/v2\/product_cat?post=70170"},{"taxonomy":"product_tag","embeddable":true,"href":"https:\/\/skinstudio.ee\/lv\/wp-json\/wp\/v2\/product_tag?post=70170"},{"taxonomy":"giftcard-category","embeddable":true,"href":"https:\/\/skinstudio.ee\/lv\/wp-json\/wp\/v2\/giftcard-category?post=70170"}],"curies":[{"name":"wp","href":"https:\/\/api.w.org\/{rel}","templated":true}]}}