{"id":70180,"date":"2024-01-12T12:00:37","date_gmt":"2024-01-12T12:00:37","guid":{"rendered":"https:\/\/skinstudio.ee\/?post_type=product&#038;p=70180"},"modified":"2025-12-19T15:10:00","modified_gmt":"2025-12-19T15:10:00","slug":"516-cellunight","status":"publish","type":"product","link":"https:\/\/skinstudio.ee\/lv\/catalog\/arosha-lv\/516-cellunight\/","title":{"rendered":"516 Cellunight"},"content":{"rendered":"<div class=\"page\" title=\"Page 10\">\n<div class=\"section\">\n<div class=\"layoutArea\">\n<div class=\"column\">\n<p data-start=\"432\" data-end=\"722\">Arosha 516 CELLUNIGHT ir intens\u012bvs nakts \u0137erme\u0146a kop\u0161anas l\u012bdzeklis, kas paredz\u0113ts \u0101das nepiln\u012bbu korekcijai, kas saist\u012btas ar progres\u0113jo\u0161u celul\u012btu. Formula izstr\u0101d\u0101ta lieto\u0161anai vakaros, kad \u0101da ir visuz\u0146\u0113m\u012bg\u0101k\u0101 pret akt\u012bvaj\u0101m sast\u0101vda\u013c\u0101m un tiek aktiviz\u0113ti dabiskie atjauno\u0161an\u0101s procesi.<\/p>\n<p data-start=\"724\" data-end=\"926\">Regul\u0101ri lietojot vakaros, 516 CELLUNIGHT pal\u012bdz uzlabot \u0101das kop\u0113jo kvalit\u0101ti, padarot to glud\u0101ku, tvirt\u0101ku un vizu\u0101li toniz\u0113t\u0101ku, vienlaikus pastiprinot un pagarinot pretcelul\u012bta programmu rezult\u0101tus.<\/p>\n<p data-start=\"928\" data-end=\"960\"><strong data-start=\"928\" data-end=\"960\">Galven\u0101s akt\u012bv\u0101s sast\u0101vda\u013cas<\/strong><\/p>\n<p data-start=\"962\" data-end=\"1156\"><strong data-start=\"962\" data-end=\"978\">NOCTURSHAPE\u2122<\/strong> \u2013 biotehnolo\u0123isks j\u016bras izcelsmes akt\u012bvs, kas pal\u012bdz samazin\u0101t nakts tauku uzkr\u0101\u0161anos, iedarbojoties uz nukt\u016br\u012bnu \u2013 olbaltumvielu, kas iesaist\u012bta lip\u012bdu uzkr\u0101\u0161an\u0101 miega laik\u0101.<\/p>\n<p data-start=\"1158\" data-end=\"1243\"><strong data-start=\"1158\" data-end=\"1169\">Kofe\u012bns<\/strong> \u2013 atbalsta lipol\u012btiskos procesus un pal\u012bdz samazin\u0101t tauku \u0161\u016bnu apjomu.<\/p>\n<p data-start=\"1245\" data-end=\"1345\"><strong data-start=\"1245\" data-end=\"1258\">Karnit\u012bns<\/strong> \u2013 piedal\u0101s \u0161\u016bnu ener\u0123ijas vielmai\u0146\u0101 un veicina tauku izmanto\u0161anu k\u0101 ener\u0123ijas avotu.<\/p>\n<p data-start=\"1347\" data-end=\"1442\"><strong data-start=\"1347\" data-end=\"1361\">Kolagen\u0101ze<\/strong> \u2013 pal\u012bdz uzlabot \u0101das strukt\u016bru un samazin\u0101t fibrotisko nel\u012bdzenumu redzam\u012bbu.<\/p>\n<p data-start=\"1444\" data-end=\"1553\"><strong data-start=\"1444\" data-end=\"1481\">\u0160\u012b sviests, mande\u013cu un r\u012bsu e\u013c\u013cas<\/strong> \u2013 baro \u0101du, uzlabo t\u0101s elast\u012bbu un nodro\u0161ina komfortu lieto\u0161anas laik\u0101.<\/p>\n<p data-start=\"1555\" data-end=\"1574\"><strong data-start=\"1555\" data-end=\"1567\">Tilpums:<\/strong> 200 ml<\/p>\n<\/div>\n<\/div>\n<\/div>\n<\/div>\n","protected":false},"excerpt":{"rendered":"<div class=\"page\" title=\"Page 10\">\n<div class=\"section\">\n<div class=\"layoutArea\">\n<div class=\"column\">\n<p data-start=\"1864\" data-end=\"1925\">Nakts \u0137erme\u0146a kop\u0161ana celul\u012bta korekcijai<\/p>\n<h2 data-start=\"1927\" data-end=\"2182\"><strong data-start=\"1927\" data-end=\"1963\">\u012apa\u0161\u012bbas Arosha &#8211; 516 CELLUNIGHT<\/strong><\/h2>\n<p data-start=\"1927\" data-end=\"2182\">\u2714\ufe0f Aktiviz\u0113 lipol\u012btiskos procesus nakt\u012b<br data-start=\"2005\" data-end=\"2008\" \/>\u2714\ufe0f Samazina celul\u012bta rad\u012btos nel\u012bdzenumus<br data-start=\"2049\" data-end=\"2052\" \/>\u2714\ufe0f Uzlabo \u0101das bl\u012bvumu un strukt\u016bru<br data-start=\"2087\" data-end=\"2090\" \/>\u2714\ufe0f Paaugstina audu tvirtumu un elast\u012bbu<br data-start=\"2129\" data-end=\"2132\" \/>\u2714\ufe0f Pastiprina pretcelul\u012bta kop\u0161anas efektivit\u0101ti<\/p>\n<\/div>\n<\/div>\n<\/div>\n<\/div>\n","protected":false},"featured_media":63163,"template":"","meta":[],"pwb-brand":[1224],"product_brand":[],"product_cat":[757],"product_tag":[],"giftcard-category":[],"class_list":{"0":"post-70180","1":"product","2":"type-product","3":"status-publish","4":"has-post-thumbnail","6":"pwb-brand-arosha-lv","7":"product_cat-kermena-kopsana","9":"first","10":"instock","11":"taxable","12":"shipping-taxable","13":"purchasable","14":"product-type-simple"},"acf":[],"brands":[{"id":1224,"name":"Arosha","slug":"arosha-lv"}],"_links":{"self":[{"href":"https:\/\/skinstudio.ee\/lv\/wp-json\/wp\/v2\/product\/70180","targetHints":{"allow":["GET"]}}],"collection":[{"href":"https:\/\/skinstudio.ee\/lv\/wp-json\/wp\/v2\/product"}],"about":[{"href":"https:\/\/skinstudio.ee\/lv\/wp-json\/wp\/v2\/types\/product"}],"version-history":[{"count":0,"href":"https:\/\/skinstudio.ee\/lv\/wp-json\/wp\/v2\/product\/70180\/revisions"}],"wp:featuredmedia":[{"embeddable":true,"href":"https:\/\/skinstudio.ee\/lv\/wp-json\/wp\/v2\/media\/63163"}],"wp:attachment":[{"href":"https:\/\/skinstudio.ee\/lv\/wp-json\/wp\/v2\/media?parent=70180"}],"wp:term":[{"taxonomy":"pwb-brand","embeddable":true,"href":"https:\/\/skinstudio.ee\/lv\/wp-json\/wp\/v2\/pwb-brand?post=70180"},{"taxonomy":"product_brand","embeddable":true,"href":"https:\/\/skinstudio.ee\/lv\/wp-json\/wp\/v2\/product_brand?post=70180"},{"taxonomy":"product_cat","embeddable":true,"href":"https:\/\/skinstudio.ee\/lv\/wp-json\/wp\/v2\/product_cat?post=70180"},{"taxonomy":"product_tag","embeddable":true,"href":"https:\/\/skinstudio.ee\/lv\/wp-json\/wp\/v2\/product_tag?post=70180"},{"taxonomy":"giftcard-category","embeddable":true,"href":"https:\/\/skinstudio.ee\/lv\/wp-json\/wp\/v2\/giftcard-category?post=70180"}],"curies":[{"name":"wp","href":"https:\/\/api.w.org\/{rel}","templated":true}]}}