{"id":70190,"date":"2024-01-12T11:24:54","date_gmt":"2024-01-12T11:24:54","guid":{"rendered":"https:\/\/skinstudio.ee\/?post_type=product&#038;p=70190"},"modified":"2025-12-19T15:10:00","modified_gmt":"2025-12-19T15:10:00","slug":"504-lipolytic","status":"publish","type":"product","link":"https:\/\/skinstudio.ee\/lv\/catalog\/arosha-lv\/504-lipolytic\/","title":{"rendered":"504 Lipolytic"},"content":{"rendered":"<div class=\"page\" title=\"Page 13\">\n<div class=\"section\">\n<div class=\"layoutArea\">\n<div class=\"column\">\n<p data-start=\"260\" data-end=\"578\">Arosha 504 LIPOLYTIC ir intens\u012bvs atjaunojo\u0161s kr\u0113ms, kas paredz\u0113ts lok\u0101lu tauku uzkr\u0101jumu korekcijai un \u0137erme\u0146a kont\u016bru model\u0113\u0161anas atbalstam viduk\u013ca, v\u0113dera, gurnu un aug\u0161stilbu zon\u0101. Produkts paredz\u0113ts m\u0113r\u0137\u0113tai kosm\u0113tiskai kop\u0161anai problem\u0101tiskaj\u0101s zon\u0101s ar nevienm\u0113r\u012bgu \u0101das tekst\u016bru un redzamiem tauku uzkr\u0101jumiem.<\/p>\n<p data-start=\"580\" data-end=\"856\">Formula balst\u012bta uz inovat\u012bvo DRONE\u2122 tehnolo\u0123iju ar selekt\u012bvo COSMETIC DRONE\u2122 akt\u012bvo sast\u0101vda\u013cu pieg\u0101des sist\u0113mu, kas nodro\u0161ina prec\u012bzu iedarb\u012bbu tie\u0161i tauku uzkr\u0101jumu zon\u0101s. \u0160\u0101da m\u0113r\u0137tiec\u012bga pieeja pal\u012bdz uzlabot \u0101das izskatu un veicina izteikt\u0101ku \u0137erme\u0146a kont\u016bru veido\u0161anos.<\/p>\n<h3 data-start=\"858\" data-end=\"894\"><strong data-start=\"862\" data-end=\"894\">Galven\u0101s akt\u012bv\u0101s sast\u0101vda\u013cas<\/strong><\/h3>\n<p data-start=\"896\" data-end=\"1081\"><strong data-start=\"896\" data-end=\"915\">COSMETIC DRONE\u2122<\/strong> \u2013 jaun\u0101s paaudzes lipol\u012btisks akt\u012bvs ar selekt\u012bvu pieg\u0101des sist\u0113mu, kas v\u0113rsta uz adipoc\u012btiem. Atbalsta tauku \u0161\u0137el\u0161anas procesus un pal\u012bdz ierobe\u017eot to uzkr\u0101\u0161anos.<\/p>\n<p data-start=\"1083\" data-end=\"1179\"><strong data-start=\"1083\" data-end=\"1094\">Kofe\u012bns<\/strong> \u2013 atbalsta lipol\u012btisko aktivit\u0101ti un pal\u012bdz samazin\u0101t tauku uzkr\u0101\u0161anos \u0101das \u0161\u016bn\u0101s.<\/p>\n<p data-start=\"1181\" data-end=\"1281\"><strong data-start=\"1181\" data-end=\"1194\">Karnit\u012bns<\/strong> \u2013 piedal\u0101s \u0161\u016bnu ener\u0123ijas vielmai\u0146\u0101 un veicina tauku izmanto\u0161anu k\u0101 ener\u0123ijas avotu.<\/p>\n<p data-start=\"1283\" data-end=\"1371\"><strong data-start=\"1283\" data-end=\"1303\">Fosfatidilhol\u012bns<\/strong> \u2013 pal\u012bdz samazin\u0101t adipoc\u012btu apjomu lok\u0101lu tauku uzkr\u0101jumu zon\u0101s.<\/p>\n<p data-start=\"1373\" data-end=\"1473\"><strong data-start=\"1373\" data-end=\"1406\">Esc\u012bns un centellas ekstrakts<\/strong> \u2013 atbalsta mikrocirkul\u0101ciju un dren\u0101\u017eu, uzlabojot \u0101das st\u0101vokli.<\/p>\n<p data-start=\"1475\" data-end=\"1595\"><strong data-start=\"1475\" data-end=\"1507\">Termoakt\u012bvs komponents (VBE)<\/strong> \u2013 nodro\u0161ina sildo\u0161u efektu, kas pastiprina kosm\u0113tisko iedarb\u012bbu problem\u0101tiskaj\u0101s zon\u0101s.<\/p>\n<p data-start=\"1597\" data-end=\"1616\"><strong data-start=\"1597\" data-end=\"1609\">Tilpums:<\/strong> 200 ml<\/p>\n<h3 data-start=\"1618\" data-end=\"1644\"><\/h3>\n<\/div>\n<\/div>\n<\/div>\n<\/div>\n","protected":false},"excerpt":{"rendered":"<div class=\"page\" title=\"Page 13\">\n<div class=\"section\">\n<div class=\"layoutArea\">\n<div class=\"column\">\n<p data-start=\"1876\" data-end=\"1947\">Intens\u012bvs kr\u0113ms lok\u0101lai \u0137erme\u0146a kont\u016bru model\u0113\u0161anai<\/p>\n<h2 data-start=\"1949\" data-end=\"1988\"><strong data-start=\"1953\" data-end=\"1988\">\u012apa\u0161\u012bbas Arosha &#8211; 504 LIPOLYTIC<\/strong><\/h2>\n<p data-start=\"1991\" data-end=\"2026\">\u2714\ufe0f Aktiviz\u0113 tauku \u0161\u0137el\u0161anas procesus<br data-start=\"688\" data-end=\"691\" \/>\u2714\ufe0f Samazina lok\u0101lu tauku uzkr\u0101\u0161anos<br data-start=\"726\" data-end=\"729\" \/>\u2714\ufe0f Uzlabo \u0101das tekst\u016bru un bl\u012bvumu<br data-start=\"763\" data-end=\"766\" \/>\u2714\ufe0f Veicina skaidr\u0101ku \u0137erme\u0146a kont\u016bru<br data-start=\"802\" data-end=\"805\" \/>\u2714\ufe0f Pastiprina pretcelul\u012bta kop\u0161anas efektu<\/p>\n<\/div>\n<\/div>\n<\/div>\n<\/div>\n","protected":false},"featured_media":63168,"template":"","meta":[],"pwb-brand":[1224],"product_brand":[],"product_cat":[757],"product_tag":[],"giftcard-category":[],"class_list":{"0":"post-70190","1":"product","2":"type-product","3":"status-publish","4":"has-post-thumbnail","6":"pwb-brand-arosha-lv","7":"product_cat-kermena-kopsana","9":"first","10":"instock","11":"taxable","12":"shipping-taxable","13":"purchasable","14":"product-type-simple"},"acf":[],"brands":[{"id":1224,"name":"Arosha","slug":"arosha-lv"}],"_links":{"self":[{"href":"https:\/\/skinstudio.ee\/lv\/wp-json\/wp\/v2\/product\/70190","targetHints":{"allow":["GET"]}}],"collection":[{"href":"https:\/\/skinstudio.ee\/lv\/wp-json\/wp\/v2\/product"}],"about":[{"href":"https:\/\/skinstudio.ee\/lv\/wp-json\/wp\/v2\/types\/product"}],"version-history":[{"count":0,"href":"https:\/\/skinstudio.ee\/lv\/wp-json\/wp\/v2\/product\/70190\/revisions"}],"wp:featuredmedia":[{"embeddable":true,"href":"https:\/\/skinstudio.ee\/lv\/wp-json\/wp\/v2\/media\/63168"}],"wp:attachment":[{"href":"https:\/\/skinstudio.ee\/lv\/wp-json\/wp\/v2\/media?parent=70190"}],"wp:term":[{"taxonomy":"pwb-brand","embeddable":true,"href":"https:\/\/skinstudio.ee\/lv\/wp-json\/wp\/v2\/pwb-brand?post=70190"},{"taxonomy":"product_brand","embeddable":true,"href":"https:\/\/skinstudio.ee\/lv\/wp-json\/wp\/v2\/product_brand?post=70190"},{"taxonomy":"product_cat","embeddable":true,"href":"https:\/\/skinstudio.ee\/lv\/wp-json\/wp\/v2\/product_cat?post=70190"},{"taxonomy":"product_tag","embeddable":true,"href":"https:\/\/skinstudio.ee\/lv\/wp-json\/wp\/v2\/product_tag?post=70190"},{"taxonomy":"giftcard-category","embeddable":true,"href":"https:\/\/skinstudio.ee\/lv\/wp-json\/wp\/v2\/giftcard-category?post=70190"}],"curies":[{"name":"wp","href":"https:\/\/api.w.org\/{rel}","templated":true}]}}