{"id":70201,"date":"2024-01-12T11:14:18","date_gmt":"2024-01-12T11:14:18","guid":{"rendered":"https:\/\/skinstudio.ee\/?post_type=product&#038;p=70201"},"modified":"2025-12-19T15:10:00","modified_gmt":"2025-12-19T15:10:00","slug":"511-stretch-marks","status":"publish","type":"product","link":"https:\/\/skinstudio.ee\/lv\/catalog\/arosha-lv\/511-stretch-marks\/","title":{"rendered":"511 Stretch Marks"},"content":{"rendered":"<div class=\"page\" title=\"Page 16\">\n<div class=\"section\">\n<div class=\"layoutArea\">\n<div class=\"column\">\n<p data-start=\"359\" data-end=\"620\">Arosha 511 STRETCH MARKS ir atjaunojo\u0161s \u0137erme\u0146a kr\u0113ms, kas paredz\u0113ts striju izskata uzlabo\u0161anai un \u0101das kvalit\u0101tes paaugstin\u0101\u0161anai. Formula atbalsta \u0161\u016bnu re\u0123ener\u0101ciju un audu rekompaktiz\u0101ciju, pal\u012bdzot mazin\u0101t eso\u0161o striju redzam\u012bbu un nov\u0113rst jaunu veido\u0161anos.<\/p>\n<p data-start=\"622\" data-end=\"831\">Kr\u0113ms pal\u012bdz uzlabot \u0101das tonusu un elast\u012bbu, padarot \u0101du vizu\u0101li glud\u0101ku un vienm\u0113r\u012bg\u0101ku. Piem\u0113rots \u0101dai, kas pak\u013cauta izmai\u0146\u0101m gr\u016btniec\u012bbas, z\u012bd\u012b\u0161anas, svara sv\u0101rst\u012bbu vai straujas svara samazin\u0101\u0161an\u0101s laik\u0101.<\/p>\n<p data-start=\"833\" data-end=\"865\"><strong data-start=\"833\" data-end=\"865\">Galven\u0101s akt\u012bv\u0101s sast\u0101vda\u013cas<\/strong><\/p>\n<p data-start=\"867\" data-end=\"1159\"><strong data-start=\"867\" data-end=\"881\">VANISTRYL\u2122<\/strong> &#8211; inovat\u012bvs j\u016bras izcelsmes akt\u012bvs, kas iedarbojas uz galvenajiem meh\u0101nismiem, kas iesaist\u012bti striju veido\u0161an\u0101. Pal\u012bdz aizsarg\u0101t saistaudus no degrad\u0101cijas un atbalsta \u0101rpus\u0161\u016bnu matricas atjauno\u0161anu, uzlabojot \u0101das elast\u012bbu. Kl\u012bniski p\u0101rbaud\u012bts striju redzam\u012bbas samazin\u0101\u0161anai.<\/p>\n<p data-start=\"1161\" data-end=\"1263\"><strong data-start=\"1161\" data-end=\"1173\">Kolag\u0113ns<\/strong> &#8211; dermas struktur\u0101ls prote\u012bns, kas pal\u012bdz mitrin\u0101t \u0101du un uzlabo t\u0101s maigumu un komfortu.<\/p>\n<p data-start=\"1265\" data-end=\"1424\"><strong data-start=\"1265\" data-end=\"1289\">Organiskais silikons<\/strong> &#8211; \u016bden\u012b \u0161\u0137\u012bsto\u0161s silikona atvasin\u0101jums, kas atbalsta audu re\u0123ener\u0101ciju un \u0101das tonusu. Kl\u012bniski pier\u0101d\u012bta efektivit\u0101te striju kop\u0161an\u0101.<\/p>\n<p data-start=\"1426\" data-end=\"1445\"><strong data-start=\"1426\" data-end=\"1438\">Tilpums:<\/strong> 200 ml<\/p>\n<\/div>\n<\/div>\n<\/div>\n<\/div>\n","protected":false},"excerpt":{"rendered":"<div class=\"page\" title=\"Page 16\">\n<div class=\"section\">\n<div class=\"layoutArea\">\n<div class=\"column\">\n<div class=\"page\" title=\"Page 16\">\n<div class=\"section\">\n<div class=\"layoutArea\">\n<div class=\"column\">\n<p data-start=\"1579\" data-end=\"1604\">Atjaunojo\u0161s \u0137erme\u0146a kr\u0113ms<\/p>\n<h2 data-start=\"1606\" data-end=\"1645\"><strong data-start=\"1606\" data-end=\"1645\">\u012apa\u0161\u012bbas Arosha &#8211; 511 STRETCH MARKS<\/strong><\/h2>\n<p data-start=\"1647\" data-end=\"1839\">\u2714\ufe0f Samazina striju redzam\u012bbu<br data-start=\"1675\" data-end=\"1678\" \/>\u2714\ufe0f Atbalsta \u0101das re\u0123ener\u0101ciju un bl\u012bvumu<br data-start=\"1718\" data-end=\"1721\" \/>\u2714\ufe0f Uzlabo \u0101das elast\u012bbu un tonusu<br data-start=\"1754\" data-end=\"1757\" \/>\u2714\ufe0f Izl\u012bdzina \u0101das tekst\u016bru un virsmu<br data-start=\"1793\" data-end=\"1796\" \/>\u2714\ufe0f Pal\u012bdz nov\u0113rst jaunu striju veido\u0161anos<\/p>\n<\/div>\n<\/div>\n<\/div>\n<\/div>\n<\/div>\n<\/div>\n<\/div>\n<\/div>\n","protected":false},"featured_media":63173,"template":"","meta":[],"pwb-brand":[1224],"product_brand":[],"product_cat":[757],"product_tag":[],"giftcard-category":[],"class_list":{"0":"post-70201","1":"product","2":"type-product","3":"status-publish","4":"has-post-thumbnail","6":"pwb-brand-arosha-lv","7":"product_cat-kermena-kopsana","9":"first","10":"instock","11":"taxable","12":"shipping-taxable","13":"purchasable","14":"product-type-simple"},"acf":[],"brands":[{"id":1224,"name":"Arosha","slug":"arosha-lv"}],"_links":{"self":[{"href":"https:\/\/skinstudio.ee\/lv\/wp-json\/wp\/v2\/product\/70201","targetHints":{"allow":["GET"]}}],"collection":[{"href":"https:\/\/skinstudio.ee\/lv\/wp-json\/wp\/v2\/product"}],"about":[{"href":"https:\/\/skinstudio.ee\/lv\/wp-json\/wp\/v2\/types\/product"}],"version-history":[{"count":0,"href":"https:\/\/skinstudio.ee\/lv\/wp-json\/wp\/v2\/product\/70201\/revisions"}],"wp:featuredmedia":[{"embeddable":true,"href":"https:\/\/skinstudio.ee\/lv\/wp-json\/wp\/v2\/media\/63173"}],"wp:attachment":[{"href":"https:\/\/skinstudio.ee\/lv\/wp-json\/wp\/v2\/media?parent=70201"}],"wp:term":[{"taxonomy":"pwb-brand","embeddable":true,"href":"https:\/\/skinstudio.ee\/lv\/wp-json\/wp\/v2\/pwb-brand?post=70201"},{"taxonomy":"product_brand","embeddable":true,"href":"https:\/\/skinstudio.ee\/lv\/wp-json\/wp\/v2\/product_brand?post=70201"},{"taxonomy":"product_cat","embeddable":true,"href":"https:\/\/skinstudio.ee\/lv\/wp-json\/wp\/v2\/product_cat?post=70201"},{"taxonomy":"product_tag","embeddable":true,"href":"https:\/\/skinstudio.ee\/lv\/wp-json\/wp\/v2\/product_tag?post=70201"},{"taxonomy":"giftcard-category","embeddable":true,"href":"https:\/\/skinstudio.ee\/lv\/wp-json\/wp\/v2\/giftcard-category?post=70201"}],"curies":[{"name":"wp","href":"https:\/\/api.w.org\/{rel}","templated":true}]}}