{"id":70212,"date":"2024-01-12T11:09:26","date_gmt":"2024-01-12T11:09:26","guid":{"rendered":"https:\/\/skinstudio.ee\/?post_type=product&#038;p=70212"},"modified":"2025-12-19T15:10:00","modified_gmt":"2025-12-19T15:10:00","slug":"517-sugargel-scrub","status":"publish","type":"product","link":"https:\/\/skinstudio.ee\/lv\/catalog\/arosha-lv\/517-sugargel-scrub\/","title":{"rendered":"517 Sugargel Scrub"},"content":{"rendered":"<div class=\"page\" title=\"Page 3\">\n<div class=\"section\">\n<div class=\"layoutArea\">\n<div class=\"column\">\n<p data-start=\"256\" data-end=\"517\">Arosha 517 SUGARGEL SCRUB ir inovat\u012bvs p\u012blinga g\u0113ls\u2013skrubs sejai un \u0137ermenim ar transform\u0113jo\u0161u tekst\u016bru. Uzkl\u0101jot uz sausas \u0101das, mas\u0101\u017eas laik\u0101 g\u0113ls p\u0101rv\u0113r\u0161as e\u013c\u013c\u0101, bet saskar\u0113 ar \u016bdeni &#8211; maig\u0101 pieni\u0146\u0101, nodro\u0161inot daudzpak\u0101pju att\u012br\u012b\u0161anu un komfortablu kop\u0161anu.<\/p>\n<p data-start=\"519\" data-end=\"849\">Formula apvieno cukura krist\u0101lu maigo p\u012blinga iedarb\u012bbu ar avokado e\u013c\u013cas un saldo mande\u013cu e\u013c\u013cas barojo\u0161aj\u0101m un m\u012bkstino\u0161aj\u0101m \u012bpa\u0161\u012bb\u0101m. \u0160\u0101da kombin\u0101cija pal\u012bdz efekt\u012bvi no\u0146emt atmiru\u0161\u0101s \u0101das \u0161\u016bnas, atbalsta \u0101das atjauno\u0161anos un saglab\u0101 t\u0101s maigumu, elast\u012bbu un mitrin\u0101jumu. P\u0113c lieto\u0161anas \u0101da izskat\u0101s glud\u0101ka, svaig\u0101ka un kopt\u0101ka.<\/p>\n<p data-start=\"851\" data-end=\"883\"><strong data-start=\"851\" data-end=\"883\">Galven\u0101s akt\u012bv\u0101s sast\u0101vda\u013cas<\/strong><\/p>\n<p data-start=\"885\" data-end=\"1045\"><strong data-start=\"885\" data-end=\"895\">Cukurs<\/strong> \u2013 maigi noloba \u0101du, no\u0146emot atmiru\u0161\u0101s \u0161\u016bnas un veicinot \u0101das atjauno\u0161anos. \u016aden\u012b iz\u0161\u0137\u012bstot, tas papildus baro \u0101du, padarot to maig\u0101ku un mitrin\u0101t\u0101ku.<\/p>\n<p data-start=\"1047\" data-end=\"1223\"><strong data-start=\"1047\" data-end=\"1063\">Avokado e\u013c\u013ca<\/strong> \u2013 baro \u0101du un atbalsta t\u0101s re\u0123ener\u0101ciju, pal\u012bdz atjaunot hidrolip\u012bdu l\u012bdzsvaru un uzlabo elast\u012bbu. \u012apa\u0161i piem\u0113rota sausai, bl\u0101vai, dehidr\u0113tai vai jut\u012bgai \u0101dai.<\/p>\n<p data-start=\"1225\" data-end=\"1401\"><strong data-start=\"1225\" data-end=\"1247\">Saldo mande\u013cu e\u013c\u013ca<\/strong> \u2013 nodro\u0161ina intens\u012bvu mitrin\u0101\u0161anu un m\u012bkstino\u0161u iedarb\u012bbu, atbalsta \u0101das komfortu un veicina t\u0101s atjauno\u0161anos, pateicoties vitam\u012bniem un antioksidantiem.<\/p>\n<p data-start=\"1403\" data-end=\"1422\"><strong data-start=\"1403\" data-end=\"1415\">Tilpums:<\/strong> 200 ml<\/p>\n<\/div>\n<\/div>\n<\/div>\n<\/div>\n","protected":false},"excerpt":{"rendered":"<div class=\"page\" title=\"Page 3\">\n<div class=\"section\">\n<div class=\"layoutArea\">\n<div class=\"column\">\n<div class=\"page\" title=\"Page 3\">\n<div class=\"section\">\n<div class=\"layoutArea\">\n<div class=\"column\">\n<p data-start=\"1816\" data-end=\"1833\">G\u0113ls\u2013e\u013c\u013ca skrubim<\/p>\n<h2 data-start=\"1835\" data-end=\"2070\"><strong data-start=\"1835\" data-end=\"1875\">\u012apa\u0161\u012bbas Arosha &#8211; 517 SUGARGEL SCRUB<\/strong><\/h2>\n<p data-start=\"1835\" data-end=\"2070\">\u2714\ufe0f Maigi att\u012bra un noloba \u0101du<br data-start=\"1907\" data-end=\"1910\" \/>\u2714\ufe0f Atbalsta \u0101das atjauno\u0161anos un gludumu<br data-start=\"1950\" data-end=\"1953\" \/>\u2714\ufe0f Veicina mikrotsirkul\u0101ciju un tonusu<br data-start=\"1991\" data-end=\"1994\" \/>\u2714\ufe0f Baro un m\u012bkstina \u0101du att\u012br\u012b\u0161anas laik\u0101<br data-start=\"2035\" data-end=\"2038\" \/>\u2714\ufe0f Piem\u0113rots sejai un \u0137ermenim<\/p>\n<\/div>\n<\/div>\n<\/div>\n<\/div>\n<\/div>\n<\/div>\n<\/div>\n<\/div>\n","protected":false},"featured_media":63178,"template":"","meta":[],"pwb-brand":[1224],"product_brand":[],"product_cat":[764,757],"product_tag":[],"giftcard-category":[],"class_list":{"0":"post-70212","1":"product","2":"type-product","3":"status-publish","4":"has-post-thumbnail","6":"pwb-brand-arosha-lv","7":"product_cat-davanu-ideja","8":"product_cat-kermena-kopsana","10":"first","11":"instock","12":"sale","13":"taxable","14":"shipping-taxable","15":"purchasable","16":"product-type-simple"},"acf":[],"brands":[{"id":1224,"name":"Arosha","slug":"arosha-lv"}],"_links":{"self":[{"href":"https:\/\/skinstudio.ee\/lv\/wp-json\/wp\/v2\/product\/70212","targetHints":{"allow":["GET"]}}],"collection":[{"href":"https:\/\/skinstudio.ee\/lv\/wp-json\/wp\/v2\/product"}],"about":[{"href":"https:\/\/skinstudio.ee\/lv\/wp-json\/wp\/v2\/types\/product"}],"version-history":[{"count":0,"href":"https:\/\/skinstudio.ee\/lv\/wp-json\/wp\/v2\/product\/70212\/revisions"}],"wp:featuredmedia":[{"embeddable":true,"href":"https:\/\/skinstudio.ee\/lv\/wp-json\/wp\/v2\/media\/63178"}],"wp:attachment":[{"href":"https:\/\/skinstudio.ee\/lv\/wp-json\/wp\/v2\/media?parent=70212"}],"wp:term":[{"taxonomy":"pwb-brand","embeddable":true,"href":"https:\/\/skinstudio.ee\/lv\/wp-json\/wp\/v2\/pwb-brand?post=70212"},{"taxonomy":"product_brand","embeddable":true,"href":"https:\/\/skinstudio.ee\/lv\/wp-json\/wp\/v2\/product_brand?post=70212"},{"taxonomy":"product_cat","embeddable":true,"href":"https:\/\/skinstudio.ee\/lv\/wp-json\/wp\/v2\/product_cat?post=70212"},{"taxonomy":"product_tag","embeddable":true,"href":"https:\/\/skinstudio.ee\/lv\/wp-json\/wp\/v2\/product_tag?post=70212"},{"taxonomy":"giftcard-category","embeddable":true,"href":"https:\/\/skinstudio.ee\/lv\/wp-json\/wp\/v2\/giftcard-category?post=70212"}],"curies":[{"name":"wp","href":"https:\/\/api.w.org\/{rel}","templated":true}]}}