{"id":70223,"date":"2024-01-12T11:07:43","date_gmt":"2024-01-12T11:07:43","guid":{"rendered":"https:\/\/skinstudio.ee\/?post_type=product&#038;p=70223"},"modified":"2025-12-19T15:10:00","modified_gmt":"2025-12-19T15:10:00","slug":"513-breast-decollete","status":"publish","type":"product","link":"https:\/\/skinstudio.ee\/lv\/catalog\/arosha-lv\/513-breast-decollete\/","title":{"rendered":"513 Breast &amp; D\u00e9collet\u00e9"},"content":{"rendered":"<div class=\"page\" title=\"Page 18\">\n<div class=\"section\">\n<div class=\"layoutArea\">\n<div class=\"column\">\n<p data-start=\"245\" data-end=\"472\">Arosha 513 BREAST &amp; D\u00c9COLLET\u00c9 ir reinterg\u0113jo\u0161s gels, kas paredz\u0113ts kr\u016b\u0161u un dekolt\u0113 zonas \u0101das kop\u0161anai, ja t\u0101 ir zaud\u0113jusi tvirtumu un tonusu. L\u012bdzeklis pal\u012bdz atbalst\u012bt audu bl\u012bvumu un uzlabot \u0101das izskatu \u0161aj\u0101 jut\u012bgaj\u0101 zon\u0101.<\/p>\n<p data-start=\"474\" data-end=\"712\">Formula satur r\u016bp\u012bgi atlas\u012btus augu ekstraktus, kas darbojas siner\u0123ij\u0101, pal\u012bdzot nostiprin\u0101t \u0101du, uzlabot t\u0101s elast\u012bbu un vizu\u0101li uzlabot kont\u016bras. Regul\u0101ras lieto\u0161anas rezult\u0101t\u0101 kr\u016b\u0161u un dekolt\u0113 \u0101da izskat\u0101s tvirt\u0101ka, glud\u0101ka un kopt\u0101ka.<\/p>\n<p data-start=\"714\" data-end=\"746\"><strong data-start=\"714\" data-end=\"746\">Galven\u0101s akt\u012bv\u0101s sast\u0101vda\u013cas<\/strong><\/p>\n<p data-start=\"748\" data-end=\"901\"><strong data-start=\"748\" data-end=\"778\">Kigelia africana ekstrakts<\/strong> \u2013 augu izcelsmes akt\u012bvs, bag\u0101ts ar flavono\u012bdiem un saponoz\u012bdiem, kas pal\u012bdz uzlabot \u0101das tvirtumu, tonusu un audu bl\u012bvumu.<\/p>\n<p data-start=\"903\" data-end=\"1093\"><strong data-start=\"903\" data-end=\"927\">Organiskais silikons<\/strong> \u2013 \u016bden\u012b \u0161\u0137\u012bsto\u0161s silikona atvasin\u0101jums, kas atbalsta audu re\u0123ener\u0101ciju un uzlabo \u0101das tonusu. T\u0101 efektivit\u0101te samazin\u0101ta tvirtuma \u0101das kop\u0161an\u0101 ir kl\u012bniski pier\u0101d\u012bta.<\/p>\n<p data-start=\"1095\" data-end=\"1317\"><strong data-start=\"1095\" data-end=\"1112\">Moringas e\u013c\u013ca<\/strong> \u2013 barojo\u0161s augu izcelsmes m\u012bkstino\u0161s l\u012bdzeklis, kas pal\u012bdz stiprin\u0101t \u0101das barjeru un nodro\u0161ina intens\u012bvu mitrin\u0101\u0161anu. Kl\u012bniskie p\u0113t\u012bjumi liecina, ka t\u0101s mitrino\u0161\u0101 iedarb\u012bba p\u0101rsniedz \u0161\u012b sviesta iedarb\u012bbu.<\/p>\n<p data-start=\"1319\" data-end=\"1338\"><strong data-start=\"1319\" data-end=\"1331\">Tilpums:<\/strong> 100 ml<\/p>\n<\/div>\n<\/div>\n<\/div>\n<\/div>\n","protected":false},"excerpt":{"rendered":"<div class=\"page\" title=\"Page 18\">\n<div class=\"section\">\n<div class=\"layoutArea\">\n<div class=\"column\">\n<p data-start=\"1494\" data-end=\"1512\">Reintegr\u0113jo\u0161s gels<\/p>\n<h2 data-start=\"1514\" data-end=\"1742\"><strong data-start=\"1514\" data-end=\"1558\">\u012apa\u0161\u012bbas Arosha &#8211; 513 BREAST &amp; D\u00c9COLLET\u00c9<\/strong><\/h2>\n<p data-start=\"1514\" data-end=\"1742\">\u2714\ufe0f Nostiprina kr\u016b\u0161u un dekolt\u0113 \u0101du<br data-start=\"1595\" data-end=\"1598\" \/>\u2714\ufe0f Uzlabo audu elast\u012bbu un bl\u012bvumu<br data-start=\"1632\" data-end=\"1635\" \/>\u2714\ufe0f Veicina \u0101das tonusa uzlabo\u0161anos<br data-start=\"1669\" data-end=\"1672\" \/>\u2714\ufe0f Atbalsta koptu kr\u016b\u0161u zonas izskatu<br data-start=\"1709\" data-end=\"1712\" \/>\u2714\ufe0f \u0100tri uzs\u016bcas bez lip\u012bguma<\/p>\n<\/div>\n<\/div>\n<\/div>\n<\/div>\n","protected":false},"featured_media":63184,"template":"","meta":[],"pwb-brand":[1224],"product_brand":[],"product_cat":[757],"product_tag":[],"giftcard-category":[],"class_list":{"0":"post-70223","1":"product","2":"type-product","3":"status-publish","4":"has-post-thumbnail","6":"pwb-brand-arosha-lv","7":"product_cat-kermena-kopsana","9":"first","10":"instock","11":"sale","12":"taxable","13":"shipping-taxable","14":"purchasable","15":"product-type-simple"},"acf":[],"brands":[{"id":1224,"name":"Arosha","slug":"arosha-lv"}],"_links":{"self":[{"href":"https:\/\/skinstudio.ee\/lv\/wp-json\/wp\/v2\/product\/70223","targetHints":{"allow":["GET"]}}],"collection":[{"href":"https:\/\/skinstudio.ee\/lv\/wp-json\/wp\/v2\/product"}],"about":[{"href":"https:\/\/skinstudio.ee\/lv\/wp-json\/wp\/v2\/types\/product"}],"version-history":[{"count":0,"href":"https:\/\/skinstudio.ee\/lv\/wp-json\/wp\/v2\/product\/70223\/revisions"}],"wp:featuredmedia":[{"embeddable":true,"href":"https:\/\/skinstudio.ee\/lv\/wp-json\/wp\/v2\/media\/63184"}],"wp:attachment":[{"href":"https:\/\/skinstudio.ee\/lv\/wp-json\/wp\/v2\/media?parent=70223"}],"wp:term":[{"taxonomy":"pwb-brand","embeddable":true,"href":"https:\/\/skinstudio.ee\/lv\/wp-json\/wp\/v2\/pwb-brand?post=70223"},{"taxonomy":"product_brand","embeddable":true,"href":"https:\/\/skinstudio.ee\/lv\/wp-json\/wp\/v2\/product_brand?post=70223"},{"taxonomy":"product_cat","embeddable":true,"href":"https:\/\/skinstudio.ee\/lv\/wp-json\/wp\/v2\/product_cat?post=70223"},{"taxonomy":"product_tag","embeddable":true,"href":"https:\/\/skinstudio.ee\/lv\/wp-json\/wp\/v2\/product_tag?post=70223"},{"taxonomy":"giftcard-category","embeddable":true,"href":"https:\/\/skinstudio.ee\/lv\/wp-json\/wp\/v2\/giftcard-category?post=70223"}],"curies":[{"name":"wp","href":"https:\/\/api.w.org\/{rel}","templated":true}]}}