{"id":70232,"date":"2024-01-12T11:04:59","date_gmt":"2024-01-12T11:04:59","guid":{"rendered":"https:\/\/skinstudio.ee\/?post_type=product&#038;p=70232"},"modified":"2025-12-19T15:10:00","modified_gmt":"2025-12-19T15:10:00","slug":"510-peeling","status":"publish","type":"product","link":"https:\/\/skinstudio.ee\/lv\/catalog\/arosha-lv\/510-peeling\/","title":{"rendered":"510 Peeling"},"content":{"rendered":"<div class=\"page\" title=\"Page 4\">\n<div class=\"section\">\n<div class=\"layoutArea\">\n<div class=\"column\">\n<p data-start=\"239\" data-end=\"483\">Arosha 510 PEELING ir atsvaidzino\u0161s enz\u012bmu p\u012blinga aerosols \u0137ermenim, kas paredz\u0113ts maigai un pak\u0101peniskai \u0101das atjauno\u0161anai. L\u012bdzeklis delik\u0101ti noloba virs\u0113jo raga sl\u0101ni, uzlabojot \u0101das tekst\u016bru un pie\u0161\u0137irot tai svaig\u0101ku un mirdzo\u0161\u0101ku izskatu.<\/p>\n<p data-start=\"485\" data-end=\"696\">Formula ir piem\u0113rota ikdienas lieto\u0161anai un nodro\u0161ina \u013coti maigu, virspus\u0113ju p\u012blingu bez kairin\u0101juma. Regul\u0101ra lieto\u0161ana pal\u012bdz sagatavot \u0101du turpm\u0101kai kop\u0161anai un optimiz\u0113 Boost\/Body l\u012bnijas kr\u0113mu efektivit\u0101ti.<\/p>\n<p data-start=\"698\" data-end=\"730\"><strong data-start=\"698\" data-end=\"730\">Galven\u0101s akt\u012bv\u0101s sast\u0101vda\u013cas<\/strong><\/p>\n<p data-start=\"732\" data-end=\"961\"><strong data-start=\"732\" data-end=\"791\">Aug\u013cu ekstrakti (papaja, mango, kivi, zemenes, citrons)<\/strong> \u2013 nodro\u0161ina maigu enz\u012bmu p\u012blingu, pal\u012bdz no\u0146emt atmiru\u0161\u0101s \u0101das \u0161\u016bnas un virspus\u0113jus net\u012brumus, sagatavojot \u0101du akt\u012bvo sast\u0101vda\u013cu lab\u0101kai uzs\u016bk\u0161anai n\u0101kamaj\u0101s proced\u016br\u0101s.<\/p>\n<p data-start=\"963\" data-end=\"1105\"><strong data-start=\"963\" data-end=\"982\">P\u012blinga pept\u012bds<\/strong> \u2013 biolo\u0123iski akt\u012bvs pept\u012bds, kas atbalsta raga sl\u0101\u0146a dabiskos atjauno\u0161an\u0101s procesus un veicina \u0101das tekst\u016bras uzlabo\u0161anos.<\/p>\n<p data-start=\"1107\" data-end=\"1126\"><strong data-start=\"1107\" data-end=\"1119\">Tilpums:<\/strong> 120 ml<\/p>\n<\/div>\n<\/div>\n<\/div>\n<\/div>\n","protected":false},"excerpt":{"rendered":"<p data-start=\"1231\" data-end=\"1246\">Enz\u012bmu emulsija<\/p>\n<h2 data-start=\"1248\" data-end=\"1473\"><strong data-start=\"1248\" data-end=\"1281\">\u012apa\u0161\u012bbas Arosha &#8211; 510 PEELING<\/strong><\/h2>\n<p data-start=\"1248\" data-end=\"1473\">\u2714\ufe0f Nodro\u0161ina maigu enz\u012bmu p\u012blingu<br data-start=\"1317\" data-end=\"1320\" \/>\u2714\ufe0f Atbalsta dabiskos \u0101das atjauno\u0161an\u0101s procesus<br data-start=\"1367\" data-end=\"1370\" \/>\u2714\ufe0f Uzlabo \u0101das tekst\u016bru un toni<br data-start=\"1401\" data-end=\"1404\" \/>\u2714\ufe0f Palielina \u0101das uz\u0146\u0113m\u012bbu kop\u0161anai<br data-start=\"1439\" data-end=\"1442\" \/>\u2714\ufe0f Padara \u0101du gludu un svaigu<\/p>\n","protected":false},"featured_media":63189,"template":"","meta":[],"pwb-brand":[1224],"product_brand":[],"product_cat":[757],"product_tag":[],"giftcard-category":[],"class_list":{"0":"post-70232","1":"product","2":"type-product","3":"status-publish","4":"has-post-thumbnail","6":"pwb-brand-arosha-lv","7":"product_cat-kermena-kopsana","9":"first","10":"instock","11":"sale","12":"taxable","13":"shipping-taxable","14":"purchasable","15":"product-type-simple"},"acf":[],"brands":[{"id":1224,"name":"Arosha","slug":"arosha-lv"}],"_links":{"self":[{"href":"https:\/\/skinstudio.ee\/lv\/wp-json\/wp\/v2\/product\/70232","targetHints":{"allow":["GET"]}}],"collection":[{"href":"https:\/\/skinstudio.ee\/lv\/wp-json\/wp\/v2\/product"}],"about":[{"href":"https:\/\/skinstudio.ee\/lv\/wp-json\/wp\/v2\/types\/product"}],"version-history":[{"count":0,"href":"https:\/\/skinstudio.ee\/lv\/wp-json\/wp\/v2\/product\/70232\/revisions"}],"wp:featuredmedia":[{"embeddable":true,"href":"https:\/\/skinstudio.ee\/lv\/wp-json\/wp\/v2\/media\/63189"}],"wp:attachment":[{"href":"https:\/\/skinstudio.ee\/lv\/wp-json\/wp\/v2\/media?parent=70232"}],"wp:term":[{"taxonomy":"pwb-brand","embeddable":true,"href":"https:\/\/skinstudio.ee\/lv\/wp-json\/wp\/v2\/pwb-brand?post=70232"},{"taxonomy":"product_brand","embeddable":true,"href":"https:\/\/skinstudio.ee\/lv\/wp-json\/wp\/v2\/product_brand?post=70232"},{"taxonomy":"product_cat","embeddable":true,"href":"https:\/\/skinstudio.ee\/lv\/wp-json\/wp\/v2\/product_cat?post=70232"},{"taxonomy":"product_tag","embeddable":true,"href":"https:\/\/skinstudio.ee\/lv\/wp-json\/wp\/v2\/product_tag?post=70232"},{"taxonomy":"giftcard-category","embeddable":true,"href":"https:\/\/skinstudio.ee\/lv\/wp-json\/wp\/v2\/giftcard-category?post=70232"}],"curies":[{"name":"wp","href":"https:\/\/api.w.org\/{rel}","templated":true}]}}