{"id":70243,"date":"2024-01-12T11:04:07","date_gmt":"2024-01-12T11:04:07","guid":{"rendered":"https:\/\/skinstudio.ee\/?post_type=product&#038;p=70243"},"modified":"2025-12-19T15:10:00","modified_gmt":"2025-12-19T15:10:00","slug":"514-texture","status":"publish","type":"product","link":"https:\/\/skinstudio.ee\/lv\/catalog\/arosha-lv\/514-texture\/","title":{"rendered":"514 Texture"},"content":{"rendered":"<p data-start=\"237\" data-end=\"473\">Arosha 514 TEXTURE ir bag\u0101t\u012bga \u0137erme\u0146a emulsija ar barojo\u0161u un elast\u012bbu uzlabojo\u0161u iedarb\u012bbu. Formula pal\u012bdz izl\u012bdzin\u0101t un mitrin\u0101t \u0101du, vienlaikus nodro\u0161inot maigu, virspus\u0113ju p\u012blingu, kas veicina vienm\u0113r\u012bg\u0101ku un kopt\u0101ku \u0101das tekst\u016bru.<\/p>\n<p data-start=\"475\" data-end=\"685\">Emulsija ir paredz\u0113ta regul\u0101rai lieto\u0161anai un redzami uzlabo \u0101das kvalit\u0101ti, padarot to glud\u0101ku, m\u012bkst\u0101ku un atjaunot\u0101ku. T\u0101 atbalsta \u0101das komfortu un pastiprina turpm\u0101ko \u0137erme\u0146a kop\u0161anas l\u012bdzek\u013cu efektivit\u0101ti.<\/p>\n<p data-start=\"687\" data-end=\"719\"><strong data-start=\"687\" data-end=\"719\">Galven\u0101s akt\u012bv\u0101s sast\u0101vda\u013cas<\/strong><\/p>\n<p data-start=\"721\" data-end=\"864\"><strong data-start=\"721\" data-end=\"743\">Saldo mande\u013cu e\u013c\u013ca<\/strong> \u2013 barojo\u0161a un m\u012bkstino\u0161a sast\u0101vda\u013ca, kas atbalsta \u0101das elast\u012bbu un pal\u012bdz pal\u0113nin\u0101t priek\u0161laic\u012bgus noveco\u0161an\u0101s procesus.<\/p>\n<p data-start=\"866\" data-end=\"1013\"><strong data-start=\"866\" data-end=\"880\">\u0160\u012b sviests<\/strong> \u2013 intens\u012bvi baro un m\u012bkstina \u0101du, pateicoties augstajai tauksk\u0101bju un vitam\u012bnu koncentr\u0101cijai, pal\u012bdzot uztur\u0113t \u0101das aizsargbarjeru.<\/p>\n<p data-start=\"1015\" data-end=\"1201\"><strong data-start=\"1015\" data-end=\"1030\">Glikolsk\u0101be<\/strong> \u2013 alfa hidroksisk\u0101be ar p\u012blinga \u012bpa\u0161\u012bb\u0101m, kas pal\u012bdz no\u0146emt atmiru\u0161\u0101s \u0101das \u0161\u016bnas un virspus\u0113jos net\u012brumus, atbalstot epidermas atjauno\u0161anos un \u0101das tekst\u016bras uzlabo\u0161anos.<\/p>\n<p data-start=\"1203\" data-end=\"1300\"><strong data-start=\"1203\" data-end=\"1221\">Auzu ekstrakts<\/strong> \u2013 nodro\u0161ina nomierino\u0161u un mitrino\u0161u iedarb\u012bbu, pal\u012bdz saglab\u0101t \u0101das komfortu.<\/p>\n<p data-start=\"1302\" data-end=\"1439\"><strong data-start=\"1302\" data-end=\"1326\">Kli\u0146\u0123er\u012b\u0161u ekstrakts<\/strong> \u2013 augu izcelsmes sast\u0101vda\u013ca ar nomierino\u0161\u0101m \u012bpa\u0161\u012bb\u0101m, kas pal\u012bdz mazin\u0101t \u0101das jut\u012bgumu un uztur\u0113t t\u0101s l\u012bdzsvaru.<\/p>\n<p data-start=\"1441\" data-end=\"1460\"><strong data-start=\"1441\" data-end=\"1453\">Tilpums:<\/strong> 200 ml<\/p>\n","protected":false},"excerpt":{"rendered":"<div class=\"page\" title=\"Page 5\">\n<div class=\"section\">\n<div class=\"layoutArea\">\n<div class=\"column\">\n<p data-start=\"1588\" data-end=\"1625\">Barojo\u0161s un atjaunojo\u0161s \u0137erme\u0146a kr\u0113ms<\/p>\n<h2 data-start=\"1627\" data-end=\"1872\"><strong data-start=\"1627\" data-end=\"1660\">\u012apa\u0161\u012bbas Arosha &#8211; 514 TEXTURE<\/strong><\/h2>\n<p data-start=\"1627\" data-end=\"1872\">\u2714\ufe0f Izl\u012bdzina \u0101das tekst\u016bru un reljefu<br data-start=\"1700\" data-end=\"1703\" \/>\u2714\ufe0f Atbalsta maigu virspus\u0113ju atjauno\u0161anos<br data-start=\"1744\" data-end=\"1747\" \/>\u2714\ufe0f Palielina \u0101das gludumu un maigumu<br data-start=\"1783\" data-end=\"1786\" \/>\u2714\ufe0f Uzlabo elast\u012bbu un visp\u0101r\u0113jo tonusu<br data-start=\"1824\" data-end=\"1827\" \/>\u2714\ufe0f Pastiprina \u0137erme\u0146a kop\u0161anas efektivit\u0101ti<\/p>\n<\/div>\n<\/div>\n<\/div>\n<\/div>\n","protected":false},"featured_media":63194,"template":"","meta":[],"pwb-brand":[1224],"product_brand":[],"product_cat":[764,757],"product_tag":[],"giftcard-category":[],"class_list":{"0":"post-70243","1":"product","2":"type-product","3":"status-publish","4":"has-post-thumbnail","6":"pwb-brand-arosha-lv","7":"product_cat-davanu-ideja","8":"product_cat-kermena-kopsana","10":"first","11":"instock","12":"taxable","13":"shipping-taxable","14":"purchasable","15":"product-type-simple"},"acf":[],"brands":[{"id":1224,"name":"Arosha","slug":"arosha-lv"}],"_links":{"self":[{"href":"https:\/\/skinstudio.ee\/lv\/wp-json\/wp\/v2\/product\/70243","targetHints":{"allow":["GET"]}}],"collection":[{"href":"https:\/\/skinstudio.ee\/lv\/wp-json\/wp\/v2\/product"}],"about":[{"href":"https:\/\/skinstudio.ee\/lv\/wp-json\/wp\/v2\/types\/product"}],"version-history":[{"count":0,"href":"https:\/\/skinstudio.ee\/lv\/wp-json\/wp\/v2\/product\/70243\/revisions"}],"wp:featuredmedia":[{"embeddable":true,"href":"https:\/\/skinstudio.ee\/lv\/wp-json\/wp\/v2\/media\/63194"}],"wp:attachment":[{"href":"https:\/\/skinstudio.ee\/lv\/wp-json\/wp\/v2\/media?parent=70243"}],"wp:term":[{"taxonomy":"pwb-brand","embeddable":true,"href":"https:\/\/skinstudio.ee\/lv\/wp-json\/wp\/v2\/pwb-brand?post=70243"},{"taxonomy":"product_brand","embeddable":true,"href":"https:\/\/skinstudio.ee\/lv\/wp-json\/wp\/v2\/product_brand?post=70243"},{"taxonomy":"product_cat","embeddable":true,"href":"https:\/\/skinstudio.ee\/lv\/wp-json\/wp\/v2\/product_cat?post=70243"},{"taxonomy":"product_tag","embeddable":true,"href":"https:\/\/skinstudio.ee\/lv\/wp-json\/wp\/v2\/product_tag?post=70243"},{"taxonomy":"giftcard-category","embeddable":true,"href":"https:\/\/skinstudio.ee\/lv\/wp-json\/wp\/v2\/giftcard-category?post=70243"}],"curies":[{"name":"wp","href":"https:\/\/api.w.org\/{rel}","templated":true}]}}