{"id":70253,"date":"2024-01-12T11:02:54","date_gmt":"2024-01-12T11:02:54","guid":{"rendered":"https:\/\/skinstudio.ee\/?post_type=product&#038;p=70253"},"modified":"2025-12-19T15:10:00","modified_gmt":"2025-12-19T15:10:00","slug":"501-nio-drain","status":"publish","type":"product","link":"https:\/\/skinstudio.ee\/lv\/catalog\/arosha-lv\/501-nio-drain\/","title":{"rendered":"501 Nio Drain"},"content":{"rendered":"<div class=\"page\" title=\"Page 6\">\n<div class=\"section\">\n<div class=\"layoutArea\">\n<div class=\"column\">\n<p data-start=\"241\" data-end=\"476\">Arosha 501 NIO DRAIN ir intens\u012bvs dren\u0113jo\u0161s \u017eelejkr\u0113ms \u0137ermenim ar toniz\u0113jo\u0161u un asinsvadus atbalsto\u0161u iedarb\u012bbu. L\u012bdzeklis pal\u012bdz uzlabot mikrotsirkul\u0101ciju un limfas pl\u016bsmu, veicinot t\u016bskas mazin\u0101\u0161anos un smaguma saj\u016btas samazin\u0101\u0161anu.<\/p>\n<p data-start=\"478\" data-end=\"799\">Formula balst\u012bta uz <strong data-start=\"498\" data-end=\"525\">NIOCONTROL\u2122 tehnolo\u0123iju<\/strong> \u2013 inovat\u012bvu niosom\u0101lu akt\u012bvo vielu pieg\u0101des sist\u0113mu, kas palielina akt\u012bvo sast\u0101vda\u013cu biopieejam\u012bbu un nodro\u0161ina to pak\u0101penisku izdal\u012b\u0161anos notur\u012bg\u0101kam rezult\u0101tam. Ultraviegl\u0101 tekst\u016bra \u0101tri uzs\u016bcas un neatst\u0101j taukainu pl\u0113vi, padarot produktu piem\u0113rotu regul\u0101rai lieto\u0161anai.<\/p>\n<p data-start=\"801\" data-end=\"833\"><strong data-start=\"801\" data-end=\"833\">Galven\u0101s akt\u012bv\u0101s sast\u0101vda\u013cas<\/strong><\/p>\n<p data-start=\"835\" data-end=\"949\"><strong data-start=\"835\" data-end=\"850\">NIOCONTROL\u2122<\/strong> \u2013 niosom\u0101la pieg\u0101des sist\u0113ma, kas uzlabo akt\u012bvo vielu iek\u013c\u016b\u0161anu \u0101d\u0101 un pastiprina to efektivit\u0101ti.<\/p>\n<p data-start=\"951\" data-end=\"1085\"><strong data-start=\"951\" data-end=\"987\">Zirgkasta\u0146as ekstrakts un esc\u012bns<\/strong> \u2013 pal\u012bdz stiprin\u0101t asinsvadu sienas, atbalsta mikrotsirkul\u0101ciju un nodro\u0161ina dren\u0113jo\u0161u iedarb\u012bbu.<\/p>\n<p data-start=\"1087\" data-end=\"1189\"><strong data-start=\"1087\" data-end=\"1118\">Centella asiatica ekstrakts<\/strong> \u2013 uzlabo \u0101das mikrotsirkul\u0101ciju, atbalsta limfodren\u0101\u017eu un audu tonusu.<\/p>\n<p data-start=\"1191\" data-end=\"1274\"><strong data-start=\"1191\" data-end=\"1204\">Treharoze<\/strong> \u2013 nodro\u0161ina ilgsto\u0161u mitrin\u0101\u0161anu un sniedz antioksidantu aizsardz\u012bbu.<\/p>\n<p data-start=\"1276\" data-end=\"1386\"><strong data-start=\"1276\" data-end=\"1323\">E vitam\u012bns, saldo mande\u013cu e\u013c\u013ca un r\u012bsu e\u013c\u013ca<\/strong> \u2013 baro \u0101du, stiprina aizsargbarjeru un atbalsta \u0101das elast\u012bbu.<\/p>\n<p data-start=\"1388\" data-end=\"1407\"><strong data-start=\"1388\" data-end=\"1400\">Tilpums:<\/strong> 200 ml<\/p>\n<\/div>\n<\/div>\n<\/div>\n<\/div>\n","protected":false},"excerpt":{"rendered":"<div class=\"page\" title=\"Page 6\">\n<div class=\"section\">\n<div class=\"layoutArea\">\n<div class=\"column\">\n<p data-start=\"1722\" data-end=\"1752\">Intens\u012bvs dren\u0113jo\u0161s \u017eelejkr\u0113ms<\/p>\n<h2 data-start=\"1754\" data-end=\"1999\"><strong data-start=\"1754\" data-end=\"1789\">\u012apa\u0161\u012bbas Arosha &#8211; 501 NIO DRAIN<\/strong><\/h2>\n<p data-start=\"1754\" data-end=\"1999\">\u2714\ufe0f Atbalsta limfodren\u0101\u017eu un mikrotsirkul\u0101ciju<br data-start=\"1837\" data-end=\"1840\" \/>\u2714\ufe0f Pal\u012bdz mazin\u0101t t\u016bsku un smaguma saj\u016btu<br data-start=\"1881\" data-end=\"1884\" \/>\u2714\ufe0f Veicina liek\u0101 \u0161\u0137idruma izvad\u012b\u0161anu<br data-start=\"1920\" data-end=\"1923\" \/>\u2714\ufe0f Uzlabo \u0101das tonusu un elast\u012bbu<br data-start=\"1956\" data-end=\"1959\" \/>\u2714\ufe0f Piem\u0113rots lieto\u0161anai p\u0113c proced\u016br\u0101m<\/p>\n<\/div>\n<\/div>\n<\/div>\n<\/div>\n","protected":false},"featured_media":63199,"template":"","meta":[],"pwb-brand":[1224],"product_brand":[],"product_cat":[757],"product_tag":[],"giftcard-category":[],"class_list":{"0":"post-70253","1":"product","2":"type-product","3":"status-publish","4":"has-post-thumbnail","6":"pwb-brand-arosha-lv","7":"product_cat-kermena-kopsana","9":"first","10":"instock","11":"taxable","12":"shipping-taxable","13":"purchasable","14":"product-type-simple"},"acf":[],"brands":[{"id":1224,"name":"Arosha","slug":"arosha-lv"}],"_links":{"self":[{"href":"https:\/\/skinstudio.ee\/lv\/wp-json\/wp\/v2\/product\/70253","targetHints":{"allow":["GET"]}}],"collection":[{"href":"https:\/\/skinstudio.ee\/lv\/wp-json\/wp\/v2\/product"}],"about":[{"href":"https:\/\/skinstudio.ee\/lv\/wp-json\/wp\/v2\/types\/product"}],"version-history":[{"count":0,"href":"https:\/\/skinstudio.ee\/lv\/wp-json\/wp\/v2\/product\/70253\/revisions"}],"wp:featuredmedia":[{"embeddable":true,"href":"https:\/\/skinstudio.ee\/lv\/wp-json\/wp\/v2\/media\/63199"}],"wp:attachment":[{"href":"https:\/\/skinstudio.ee\/lv\/wp-json\/wp\/v2\/media?parent=70253"}],"wp:term":[{"taxonomy":"pwb-brand","embeddable":true,"href":"https:\/\/skinstudio.ee\/lv\/wp-json\/wp\/v2\/pwb-brand?post=70253"},{"taxonomy":"product_brand","embeddable":true,"href":"https:\/\/skinstudio.ee\/lv\/wp-json\/wp\/v2\/product_brand?post=70253"},{"taxonomy":"product_cat","embeddable":true,"href":"https:\/\/skinstudio.ee\/lv\/wp-json\/wp\/v2\/product_cat?post=70253"},{"taxonomy":"product_tag","embeddable":true,"href":"https:\/\/skinstudio.ee\/lv\/wp-json\/wp\/v2\/product_tag?post=70253"},{"taxonomy":"giftcard-category","embeddable":true,"href":"https:\/\/skinstudio.ee\/lv\/wp-json\/wp\/v2\/giftcard-category?post=70253"}],"curies":[{"name":"wp","href":"https:\/\/api.w.org\/{rel}","templated":true}]}}