{"id":70262,"date":"2024-01-12T11:00:56","date_gmt":"2024-01-12T11:00:56","guid":{"rendered":"https:\/\/skinstudio.ee\/?post_type=product&#038;p=70262"},"modified":"2025-12-19T15:10:00","modified_gmt":"2025-12-19T15:10:00","slug":"515-cellulite","status":"publish","type":"product","link":"https:\/\/skinstudio.ee\/lv\/catalog\/arosha-lv\/515-cellulite\/","title":{"rendered":"515 Cellulite"},"content":{"rendered":"<div class=\"page\" title=\"Page 9\">\n<div class=\"section\">\n<div class=\"layoutArea\">\n<div class=\"column\">\n<p data-start=\"241\" data-end=\"473\">Arosha 515 CELLULITE ir intens\u012bvs \u0137erme\u0146a kr\u0113ms, kas paredz\u0113ts c\u012b\u0146ai ar celul\u012btu un \u0161\u0137idruma aiztures mazin\u0101\u0161anai audos. L\u012bdzeklis atbalsta mikrotsirkul\u0101ciju, veicina lipol\u012btiskos procesus un pal\u012bdz uzlabot \u0101das gludumu un tvirtumu.<\/p>\n<p data-start=\"475\" data-end=\"734\">Formula satur inovat\u012bvo <strong data-start=\"499\" data-end=\"515\">SLIM COMPLEX<\/strong>, k\u0101 ar\u012b kofe\u012bnu un karnit\u012bnu, kas darbojas siner\u0123ij\u0101, pal\u012bdzot samazin\u0101t tauku uzkr\u0101\u0161anos un celul\u012bta redzam\u012bbu. Augu e\u013c\u013cas un \u0161\u012b sviests baro \u0101du, uzlabo elast\u012bbu un nodro\u0161ina komfortu, padarot \u0101du glud\u0101ku un bl\u012bv\u0101ku.<\/p>\n<p data-start=\"736\" data-end=\"768\"><strong data-start=\"736\" data-end=\"768\">Galven\u0101s akt\u012bv\u0101s sast\u0101vda\u013cas<\/strong><\/p>\n<p data-start=\"770\" data-end=\"967\"><strong data-start=\"770\" data-end=\"786\">SLIM COMPLEX<\/strong> \u2013 komplekss uz niac\u012bna atvasin\u0101jumu un mentola b\u0101zes, kas aktiviz\u0113 \u0101das mikrotsirkul\u0101ciju, veicina audu apg\u0101di ar sk\u0101bekli un atbalsta vielmai\u0146as procesus bez izteikta kairin\u0101juma.<\/p>\n<p data-start=\"969\" data-end=\"1108\"><strong data-start=\"969\" data-end=\"1004\">LIPO-ACTIVE (kofe\u012bns un esc\u012bns)<\/strong> \u2013 akt\u012bvo vielu kombin\u0101cija ar lipol\u012btisku un dren\u0113jo\u0161u iedarb\u012bbu, kas pal\u012bdz samazin\u0101t taukaudu apjomu.<\/p>\n<p data-start=\"1110\" data-end=\"1210\"><strong data-start=\"1110\" data-end=\"1123\">Karnit\u012bns<\/strong> \u2013 atbalsta \u0161\u016bnu ener\u0123ijas metabolismu un veicina tauku izmanto\u0161anu k\u0101 ener\u0123ijas avotu.<\/p>\n<p data-start=\"1212\" data-end=\"1355\"><strong data-start=\"1212\" data-end=\"1267\">\u0112terisko e\u013c\u013cu mais\u012bjums (ingvers, kurkuma, kan\u0113lis)<\/strong> \u2013 pal\u012bdz uzlabot mikrotsirkul\u0101ciju un limfodren\u0101\u017eu, pastiprinot formulas kop\u0113jo efektu.<\/p>\n<p data-start=\"1357\" data-end=\"1468\"><strong data-start=\"1357\" data-end=\"1404\">\u0160\u012b sviests, saldo mande\u013cu e\u013c\u013ca un r\u012bsu e\u013c\u013ca<\/strong> \u2013 baro \u0101du, uzlabo elast\u012bbu un pal\u012bdz izl\u012bdzin\u0101t \u0101das tekst\u016bru.<\/p>\n<p data-start=\"1470\" data-end=\"1489\"><strong data-start=\"1470\" data-end=\"1482\">Tilpums:<\/strong> 200 ml<\/p>\n<\/div>\n<\/div>\n<\/div>\n<\/div>\n","protected":false},"excerpt":{"rendered":"<div class=\"page\" title=\"Page 9\">\n<div class=\"section\">\n<div class=\"layoutArea\">\n<div class=\"column\">\n<p data-start=\"1629\" data-end=\"1663\">Intens\u012bvs slaidino\u0161s \u0137erme\u0146a kr\u0113ms<\/p>\n<h2 data-start=\"1665\" data-end=\"1912\"><strong data-start=\"1665\" data-end=\"1700\">\u012apa\u0161\u012bbas Arosha &#8211; 515 CELLULITE<\/strong><\/h2>\n<p data-start=\"1665\" data-end=\"1912\">\u2714\ufe0f Atbalsta celul\u012bta redzam\u012bbas mazin\u0101\u0161anu<br data-start=\"1745\" data-end=\"1748\" \/>\u2714\ufe0f Uzlabo mikrotsirkul\u0101ciju un limfodren\u0101\u017eu<br data-start=\"1791\" data-end=\"1794\" \/>\u2714\ufe0f Veicina lipol\u012btiskos procesus \u0101d\u0101<br data-start=\"1830\" data-end=\"1833\" \/>\u2714\ufe0f Palielina \u0101das tvirtumu un gludumu<br data-start=\"1870\" data-end=\"1873\" \/>\u2714\ufe0f Pal\u012bdz veidot vienm\u0113r\u012bg\u0101ku siluetu<\/p>\n<\/div>\n<\/div>\n<\/div>\n<\/div>\n","protected":false},"featured_media":63204,"template":"","meta":[],"pwb-brand":[1224],"product_brand":[],"product_cat":[757],"product_tag":[],"giftcard-category":[],"class_list":{"0":"post-70262","1":"product","2":"type-product","3":"status-publish","4":"has-post-thumbnail","6":"pwb-brand-arosha-lv","7":"product_cat-kermena-kopsana","9":"first","10":"instock","11":"taxable","12":"shipping-taxable","13":"purchasable","14":"product-type-simple"},"acf":[],"brands":[{"id":1224,"name":"Arosha","slug":"arosha-lv"}],"_links":{"self":[{"href":"https:\/\/skinstudio.ee\/lv\/wp-json\/wp\/v2\/product\/70262","targetHints":{"allow":["GET"]}}],"collection":[{"href":"https:\/\/skinstudio.ee\/lv\/wp-json\/wp\/v2\/product"}],"about":[{"href":"https:\/\/skinstudio.ee\/lv\/wp-json\/wp\/v2\/types\/product"}],"version-history":[{"count":0,"href":"https:\/\/skinstudio.ee\/lv\/wp-json\/wp\/v2\/product\/70262\/revisions"}],"wp:featuredmedia":[{"embeddable":true,"href":"https:\/\/skinstudio.ee\/lv\/wp-json\/wp\/v2\/media\/63204"}],"wp:attachment":[{"href":"https:\/\/skinstudio.ee\/lv\/wp-json\/wp\/v2\/media?parent=70262"}],"wp:term":[{"taxonomy":"pwb-brand","embeddable":true,"href":"https:\/\/skinstudio.ee\/lv\/wp-json\/wp\/v2\/pwb-brand?post=70262"},{"taxonomy":"product_brand","embeddable":true,"href":"https:\/\/skinstudio.ee\/lv\/wp-json\/wp\/v2\/product_brand?post=70262"},{"taxonomy":"product_cat","embeddable":true,"href":"https:\/\/skinstudio.ee\/lv\/wp-json\/wp\/v2\/product_cat?post=70262"},{"taxonomy":"product_tag","embeddable":true,"href":"https:\/\/skinstudio.ee\/lv\/wp-json\/wp\/v2\/product_tag?post=70262"},{"taxonomy":"giftcard-category","embeddable":true,"href":"https:\/\/skinstudio.ee\/lv\/wp-json\/wp\/v2\/giftcard-category?post=70262"}],"curies":[{"name":"wp","href":"https:\/\/api.w.org\/{rel}","templated":true}]}}