{"id":70355,"date":"2024-04-17T11:15:14","date_gmt":"2024-04-17T11:15:14","guid":{"rendered":"https:\/\/skinstudio.ee\/?post_type=product&#038;p=70355"},"modified":"2025-12-24T12:25:55","modified_gmt":"2025-12-24T12:25:55","slug":"sunforgettable-brush-on-shield-glow","status":"publish","type":"product","link":"https:\/\/skinstudio.ee\/lv\/catalog\/colorescience-lv\/sunforgettable-brush-on-shield-glow\/","title":{"rendered":"Sunforgettable Brush-On Shield Glow"},"content":{"rendered":"<p data-start=\"269\" data-end=\"573\">Colorescience Brush-On Shield Glow SPF 50 ir birsto\u0161a miner\u0101l\u0101 saules aizsargp\u016bdere ar ieb\u016bv\u0113tu otu, kas apvieno \u0101das to\u0146a izl\u012bdzin\u0101\u0161anu ar augsta l\u012bme\u0146a aizsardz\u012bbu pret saules starojumu. Produkts pal\u012bdz vizu\u0101li izl\u012bdzin\u0101t sejas toni, mask\u0113t nelielas nepiln\u012bbas un aizsarg\u0101t \u0101du no kait\u012bg\u0101 UV starojuma.<\/p>\n<p data-start=\"575\" data-end=\"917\">P\u016bdere nodro\u0161ina pla\u0161a spektra aizsardz\u012bbu SPF 50\/PA++++ un ir piem\u0113rota ikdienas lieto\u0161anai. T\u0101 neizraisa \u0101das sausumu, neizce\u013c lob\u012b\u0161anos un pal\u012bdz nov\u0113rst izsitumu, pigment\u0101cijas un priek\u0161laic\u012bgu grumbu par\u0101d\u012b\u0161anos. Viegl\u0101 tekst\u016bra ar maigu perlamutra mirdzumu vienm\u0113r\u012bgi kl\u0101jas uz \u0101das, nesave\u013cas un nodro\u0161ina komfortu visas dienas garum\u0101.<\/p>\n<p data-start=\"919\" data-end=\"1126\">Ieb\u016bv\u0113t\u0101 ota nodro\u0161ina \u0101tru, higi\u0113nisku un \u0113rtu uzkl\u0101\u0161anu jebkur\u0101 laik\u0101 un viet\u0101, padarot produktu ide\u0101li piem\u0113rotu SPF aizsardz\u012bbas atjauno\u0161anai virs grima. Piem\u0113rota visiem \u0101das tipiem un jebkuram vecumam.<\/p>\n<p data-start=\"1128\" data-end=\"1146\"><strong data-start=\"1128\" data-end=\"1140\">Tilpums:<\/strong> 4,2 g<\/p>\n<p data-start=\"1148\" data-end=\"1498\">\n","protected":false},"excerpt":{"rendered":"<p data-start=\"1500\" data-end=\"1527\">Saules aizsargp\u016bdere ar otu<\/p>\n<h2 data-start=\"1529\" data-end=\"1816\"><strong data-start=\"1529\" data-end=\"1585\">\u012apa\u0161\u012bbas COLORESCIENCE &#8211; Brush-On Shield Glow\u00a0<\/strong><\/h2>\n<p data-start=\"1529\" data-end=\"1816\">\u2714\ufe0f Nodro\u0161ina pla\u0161a spektra UVA un UVB aizsardz\u012bbu<br data-start=\"1637\" data-end=\"1640\" \/>\u2714\ufe0f Pal\u012bdz nov\u0113rst fotonoveco\u0161an\u0101s paz\u012bmes<br data-start=\"1681\" data-end=\"1684\" \/>\u2714\ufe0f Izl\u012bdzina \u0101das toni un pie\u0161\u0137ir mirdzumu<br data-start=\"1726\" data-end=\"1729\" \/>\u2714\ufe0f Piem\u0113rota SPF atjauno\u0161anai dienas laik\u0101<br data-start=\"1771\" data-end=\"1774\" \/>\u2714\ufe0f Atbalsta \u0101das komfortu un mitrin\u0101\u0161anu<\/p>\n","protected":false},"featured_media":70356,"template":"","meta":[],"pwb-brand":[1229],"product_brand":[],"product_cat":[770,731],"product_tag":[],"giftcard-category":[],"class_list":{"0":"post-70355","1":"product","2":"type-product","3":"status-publish","4":"has-post-thumbnail","6":"pwb-brand-colorescience-lv","7":"product_cat-grims","8":"product_cat-spf-aizsardziba","10":"first","11":"instock","12":"taxable","13":"shipping-taxable","14":"purchasable","15":"product-type-simple"},"acf":[],"brands":[{"id":1229,"name":"Colorescience","slug":"colorescience-lv"}],"_links":{"self":[{"href":"https:\/\/skinstudio.ee\/lv\/wp-json\/wp\/v2\/product\/70355","targetHints":{"allow":["GET"]}}],"collection":[{"href":"https:\/\/skinstudio.ee\/lv\/wp-json\/wp\/v2\/product"}],"about":[{"href":"https:\/\/skinstudio.ee\/lv\/wp-json\/wp\/v2\/types\/product"}],"version-history":[{"count":0,"href":"https:\/\/skinstudio.ee\/lv\/wp-json\/wp\/v2\/product\/70355\/revisions"}],"wp:featuredmedia":[{"embeddable":true,"href":"https:\/\/skinstudio.ee\/lv\/wp-json\/wp\/v2\/media\/70356"}],"wp:attachment":[{"href":"https:\/\/skinstudio.ee\/lv\/wp-json\/wp\/v2\/media?parent=70355"}],"wp:term":[{"taxonomy":"pwb-brand","embeddable":true,"href":"https:\/\/skinstudio.ee\/lv\/wp-json\/wp\/v2\/pwb-brand?post=70355"},{"taxonomy":"product_brand","embeddable":true,"href":"https:\/\/skinstudio.ee\/lv\/wp-json\/wp\/v2\/product_brand?post=70355"},{"taxonomy":"product_cat","embeddable":true,"href":"https:\/\/skinstudio.ee\/lv\/wp-json\/wp\/v2\/product_cat?post=70355"},{"taxonomy":"product_tag","embeddable":true,"href":"https:\/\/skinstudio.ee\/lv\/wp-json\/wp\/v2\/product_tag?post=70355"},{"taxonomy":"giftcard-category","embeddable":true,"href":"https:\/\/skinstudio.ee\/lv\/wp-json\/wp\/v2\/giftcard-category?post=70355"}],"curies":[{"name":"wp","href":"https:\/\/api.w.org\/{rel}","templated":true}]}}