{"id":70366,"date":"2024-03-25T13:59:13","date_gmt":"2024-03-25T13:59:13","guid":{"rendered":"https:\/\/skinstudio.ee\/?post_type=product&#038;p=70366"},"modified":"2025-12-24T12:25:55","modified_gmt":"2025-12-24T12:25:55","slug":"barrier-pro-essential-moisturizer","status":"publish","type":"product","link":"https:\/\/skinstudio.ee\/lv\/catalog\/colorescience-lv\/barrier-pro-essential-moisturizer\/","title":{"rendered":"Barrier Pro Essential Moisturizer"},"content":{"rendered":"<p data-start=\"275\" data-end=\"608\">Colorescience Barrier Pro Essential Moisturizer ir viegls mitrino\u0161s kr\u0113ms ar kl\u012bniski p\u0101rbaud\u012btu formulu, kas pal\u012bdz atjaunot \u0101das mitruma l\u012bmeni un atbalst\u012bt \u0101das aizsargbarjeras vesel\u012bbu. Kr\u0113ms pal\u012bdz stiprin\u0101t \u0101das aizsargfunkcijas, l\u012bdzsvarot mikrobiomu un uzlabot \u0101das tekst\u016bru, padarot \u0101du iztur\u012bg\u0101ku, mirdzo\u0161\u0101ku un vesel\u012bg\u0101ku.<\/p>\n<p data-start=\"610\" data-end=\"915\">Formula ir izstr\u0101d\u0101ta sadarb\u012bb\u0101 ar \u0101das vesel\u012bbas speci\u0101listiem un balst\u012bta uz \u012bpa\u0161i izstr\u0101d\u0101tu sast\u0101vda\u013cu mais\u012bjumu, uz kuru ir iesniegts patenta pieteikums. Piem\u0113rots visiem \u0101das tipiem, tostarp jut\u012bgai \u0101dai, un lieliski iek\u013caujas ikdienas kop\u0161anas rut\u012bn\u0101, sagatavojot \u0101du saules aizsardz\u012bbai un grimam.<\/p>\n<p data-start=\"917\" data-end=\"935\"><strong data-start=\"917\" data-end=\"929\">Tilpums:<\/strong> 50 ml<\/p>\n","protected":false},"excerpt":{"rendered":"<p data-start=\"1116\" data-end=\"1138\">Viegls mitrino\u0161s kr\u0113ms<\/p>\n<h2 data-start=\"1140\" data-end=\"1395\"><strong data-start=\"1140\" data-end=\"1202\">\u012apa\u0161\u012bbas COLORESCIENCE &#8211; Barrier Pro Essential Moisturizer<\/strong><\/h2>\n<p data-start=\"1140\" data-end=\"1395\">\u2714\ufe0f Nodro\u0161ina daudzl\u012bme\u0146u \u0101das mitrin\u0101\u0161anu<br data-start=\"1246\" data-end=\"1249\" \/>\u2714\ufe0f Atbalsta \u0101das sp\u0113ju saglab\u0101t mitrumu<br data-start=\"1288\" data-end=\"1291\" \/>\u2714\ufe0f Stiprina \u0101das aizsargbarjeru<br data-start=\"1322\" data-end=\"1325\" \/>\u2714\ufe0f Pal\u012bdz l\u012bdzsvarot \u0101das mikrobiomu<br data-start=\"1361\" data-end=\"1364\" \/>\u2714\ufe0f Sagatavo \u0101du SPF un grimam<\/p>\n","protected":false},"featured_media":70367,"template":"","meta":[],"pwb-brand":[1229],"product_brand":[],"product_cat":[745,737,739,747],"product_tag":[],"giftcard-category":[],"class_list":{"0":"post-70366","1":"product","2":"type-product","3":"status-publish","4":"has-post-thumbnail","6":"pwb-brand-colorescience-lv","7":"product_cat-jutigai-adai","8":"product_cat-mitrinasana","9":"product_cat-sausai-adai","10":"product_cat-taukainai-adai","12":"first","13":"instock","14":"taxable","15":"shipping-taxable","16":"purchasable","17":"product-type-simple"},"acf":[],"brands":[{"id":1229,"name":"Colorescience","slug":"colorescience-lv"}],"_links":{"self":[{"href":"https:\/\/skinstudio.ee\/lv\/wp-json\/wp\/v2\/product\/70366","targetHints":{"allow":["GET"]}}],"collection":[{"href":"https:\/\/skinstudio.ee\/lv\/wp-json\/wp\/v2\/product"}],"about":[{"href":"https:\/\/skinstudio.ee\/lv\/wp-json\/wp\/v2\/types\/product"}],"version-history":[{"count":0,"href":"https:\/\/skinstudio.ee\/lv\/wp-json\/wp\/v2\/product\/70366\/revisions"}],"wp:featuredmedia":[{"embeddable":true,"href":"https:\/\/skinstudio.ee\/lv\/wp-json\/wp\/v2\/media\/70367"}],"wp:attachment":[{"href":"https:\/\/skinstudio.ee\/lv\/wp-json\/wp\/v2\/media?parent=70366"}],"wp:term":[{"taxonomy":"pwb-brand","embeddable":true,"href":"https:\/\/skinstudio.ee\/lv\/wp-json\/wp\/v2\/pwb-brand?post=70366"},{"taxonomy":"product_brand","embeddable":true,"href":"https:\/\/skinstudio.ee\/lv\/wp-json\/wp\/v2\/product_brand?post=70366"},{"taxonomy":"product_cat","embeddable":true,"href":"https:\/\/skinstudio.ee\/lv\/wp-json\/wp\/v2\/product_cat?post=70366"},{"taxonomy":"product_tag","embeddable":true,"href":"https:\/\/skinstudio.ee\/lv\/wp-json\/wp\/v2\/product_tag?post=70366"},{"taxonomy":"giftcard-category","embeddable":true,"href":"https:\/\/skinstudio.ee\/lv\/wp-json\/wp\/v2\/giftcard-category?post=70366"}],"curies":[{"name":"wp","href":"https:\/\/api.w.org\/{rel}","templated":true}]}}