{"id":70381,"date":"2024-03-25T13:42:49","date_gmt":"2024-03-25T13:42:49","guid":{"rendered":"https:\/\/skinstudio.ee\/?post_type=product&#038;p=70381"},"modified":"2025-12-24T12:25:55","modified_gmt":"2025-12-24T12:25:55","slug":"barrier-pro-1-step-cleanser","status":"publish","type":"product","link":"https:\/\/skinstudio.ee\/lv\/catalog\/colorescience-lv\/barrier-pro-1-step-cleanser\/","title":{"rendered":"Barrier Pro\u2122 1-Step Cleanser"},"content":{"rendered":"<p data-start=\"293\" data-end=\"523\">Colorescience Barrier Pro\u2122 1-Step Cleanser ir daudzfunkcion\u0101ls sejas att\u012br\u012b\u0161anas l\u012bdzeklis, kas paredz\u0113ts efekt\u012bvai kosm\u0113tikas un miner\u0101lo saules aizsargl\u012bdzek\u013cu no\u0146em\u0161anai vien\u0101 sol\u012b, bez nepiecie\u0161am\u012bbas veikt dubulto att\u012br\u012b\u0161anu.<\/p>\n<p data-start=\"525\" data-end=\"878\">Formula pal\u012bdz atbalst\u012bt \u0101das aizsargbarjeru, veicina mikrobioma l\u012bdzsvaru un nodro\u0161ina maigu virspus\u0113ju eksfoli\u0101ciju, uzlabojot \u0101das tekst\u016bru bez agres\u012bvu sast\u0101vda\u013cu izmanto\u0161anas. Nekomedog\u0113na un bez smar\u017eviel\u0101m, t\u0101 viegli puto, \u0101tri noskalojas un neatst\u0101j sausuma vai kairin\u0101juma saj\u016btu. P\u0113c att\u012br\u012b\u0161anas \u0101da ir atsvaidzin\u0101ta, mitrin\u0101ta un l\u012bdzsvarota.<\/p>\n<p data-start=\"880\" data-end=\"1018\">L\u012bdzeklis ir piem\u0113rots ikdienas lieto\u0161anai no r\u012bta un vakar\u0101 un sagatavo \u0101du turpm\u0101kajiem kop\u0161anas so\u013ciem.<br data-start=\"986\" data-end=\"989\" \/>Piem\u0113rots visiem \u0101das tipiem.<\/p>\n<p data-start=\"1020\" data-end=\"1039\"><strong data-start=\"1020\" data-end=\"1032\">Tilpums:<\/strong> 150 ml<\/p>\n","protected":false},"excerpt":{"rendered":"<p data-start=\"1768\" data-end=\"1795\">Sejas att\u012br\u012b\u0161anas l\u012bdzeklis<\/p>\n<h2 data-start=\"1797\" data-end=\"2071\"><strong data-start=\"1797\" data-end=\"1854\">\u012apa\u0161\u012bbas COLORESCIENCE &#8211; Barrier Pro\u2122 1-Step Cleanser<\/strong><\/h2>\n<p data-start=\"1797\" data-end=\"2071\">\u2714\ufe0f Efekt\u012bvi no\u0146em kosm\u0113tiku un miner\u0101lo SPF<br data-start=\"1900\" data-end=\"1903\" \/>\u2714\ufe0f Atbalsta \u0101das aizsargbarjeru un mikrobiomu<br data-start=\"1948\" data-end=\"1951\" \/>\u2714\ufe0f Nodro\u0161ina maigu un komfortablu att\u012br\u012b\u0161anu<br data-start=\"1995\" data-end=\"1998\" \/>\u2714\ufe0f Uzlabo \u0101das gludumu un tekst\u016bru<br data-start=\"2032\" data-end=\"2035\" \/>\u2714\ufe0f Sagatavo \u0101du turpm\u0101kai kop\u0161anai<\/p>\n","protected":false},"featured_media":70382,"template":"","meta":[],"pwb-brand":[1229],"product_brand":[],"product_cat":[715,745,739,747],"product_tag":[],"giftcard-category":[],"class_list":{"0":"post-70381","1":"product","2":"type-product","3":"status-publish","4":"has-post-thumbnail","6":"pwb-brand-colorescience-lv","7":"product_cat-attirisana","8":"product_cat-jutigai-adai","9":"product_cat-sausai-adai","10":"product_cat-taukainai-adai","12":"first","13":"instock","14":"taxable","15":"shipping-taxable","16":"purchasable","17":"product-type-simple"},"acf":[],"brands":[{"id":1229,"name":"Colorescience","slug":"colorescience-lv"}],"_links":{"self":[{"href":"https:\/\/skinstudio.ee\/lv\/wp-json\/wp\/v2\/product\/70381","targetHints":{"allow":["GET"]}}],"collection":[{"href":"https:\/\/skinstudio.ee\/lv\/wp-json\/wp\/v2\/product"}],"about":[{"href":"https:\/\/skinstudio.ee\/lv\/wp-json\/wp\/v2\/types\/product"}],"version-history":[{"count":0,"href":"https:\/\/skinstudio.ee\/lv\/wp-json\/wp\/v2\/product\/70381\/revisions"}],"wp:featuredmedia":[{"embeddable":true,"href":"https:\/\/skinstudio.ee\/lv\/wp-json\/wp\/v2\/media\/70382"}],"wp:attachment":[{"href":"https:\/\/skinstudio.ee\/lv\/wp-json\/wp\/v2\/media?parent=70381"}],"wp:term":[{"taxonomy":"pwb-brand","embeddable":true,"href":"https:\/\/skinstudio.ee\/lv\/wp-json\/wp\/v2\/pwb-brand?post=70381"},{"taxonomy":"product_brand","embeddable":true,"href":"https:\/\/skinstudio.ee\/lv\/wp-json\/wp\/v2\/product_brand?post=70381"},{"taxonomy":"product_cat","embeddable":true,"href":"https:\/\/skinstudio.ee\/lv\/wp-json\/wp\/v2\/product_cat?post=70381"},{"taxonomy":"product_tag","embeddable":true,"href":"https:\/\/skinstudio.ee\/lv\/wp-json\/wp\/v2\/product_tag?post=70381"},{"taxonomy":"giftcard-category","embeddable":true,"href":"https:\/\/skinstudio.ee\/lv\/wp-json\/wp\/v2\/giftcard-category?post=70381"}],"curies":[{"name":"wp","href":"https:\/\/api.w.org\/{rel}","templated":true}]}}