{"id":70393,"date":"2024-03-25T10:31:51","date_gmt":"2024-03-25T10:31:51","guid":{"rendered":"https:\/\/skinstudio.ee\/?post_type=product&#038;p=70393"},"modified":"2025-12-24T12:25:56","modified_gmt":"2025-12-24T12:25:56","slug":"brush-cleaning-wipes","status":"publish","type":"product","link":"https:\/\/skinstudio.ee\/lv\/catalog\/colorescience-lv\/brush-cleaning-wipes\/","title":{"rendered":"Brush Cleaning Wipes"},"content":{"rendered":"<p data-start=\"159\" data-end=\"436\">Colorescience Brush Cleaning Wipes ir \u012bpa\u0161i izstr\u0101d\u0101tas salvetes efekt\u012bvai kosm\u0113tikas un miner\u0101lo atlikumu no\u0146em\u0161anai no oti\u0146\u0101m. Regul\u0101ra lieto\u0161ana pal\u012bdz uztur\u0113t oti\u0146u higi\u0113nu, pagarina sari\u0146u kalpo\u0161anas laiku un nodro\u0161ina optim\u0101lu Colorescience Sunforgettable\u2122 oti\u0146u darb\u012bbu.<\/p>\n<p data-start=\"438\" data-end=\"620\">Formula ar apels\u012bna un citrona \u0113teriskaj\u0101m e\u013c\u013c\u0101m maigi att\u012bra sari\u0146us, neboj\u0101jot to strukt\u016bru. Salvetes ir \u0113rtas lieto\u0161an\u0101 un piem\u0113rotas regul\u0101rai oti\u0146u kop\u0161anai gan m\u0101j\u0101s, gan ce\u013c\u0101.<\/p>\n<p data-start=\"622\" data-end=\"643\"><strong data-start=\"622\" data-end=\"635\">Daudzums:<\/strong> 20 gab.<\/p>\n","protected":false},"excerpt":{"rendered":"<p data-start=\"1110\" data-end=\"1134\">Oti\u0146u t\u012br\u012b\u0161anas salvetes<\/p>\n<h2 data-start=\"1136\" data-end=\"1383\"><strong data-start=\"1136\" data-end=\"1185\">\u012apa\u0161\u012bbas COLORESCIENCE &#8211; Brush Cleaning Wipes<\/strong><\/h2>\n<p data-start=\"1136\" data-end=\"1383\">\u2714\ufe0f Nodro\u0161ina efekt\u012bvu oti\u0146u att\u012br\u012b\u0161anu<br data-start=\"1226\" data-end=\"1229\" \/>\u2714\ufe0f Pal\u012bdz pagarin\u0101t sari\u0146u kalpo\u0161anas laiku<br data-start=\"1272\" data-end=\"1275\" \/>\u2714\ufe0f Atbalsta optim\u0101lu oti\u0146u darb\u012bbu<br data-start=\"1309\" data-end=\"1312\" \/>\u2714\ufe0f \u0112rtas lieto\u0161anai m\u0101j\u0101s un ce\u013c\u0101<br data-start=\"1345\" data-end=\"1348\" \/>\u2714\ufe0f Pie\u0161\u0137ir svaigu citrusu arom\u0101tu<\/p>\n","protected":false},"featured_media":70394,"template":"","meta":[],"pwb-brand":[1229],"product_brand":[],"product_cat":[770],"product_tag":[],"giftcard-category":[],"class_list":{"0":"post-70393","1":"product","2":"type-product","3":"status-publish","4":"has-post-thumbnail","6":"pwb-brand-colorescience-lv","7":"product_cat-grims","9":"first","10":"instock","11":"taxable","12":"shipping-taxable","13":"purchasable","14":"product-type-simple"},"acf":[],"brands":[{"id":1229,"name":"Colorescience","slug":"colorescience-lv"}],"_links":{"self":[{"href":"https:\/\/skinstudio.ee\/lv\/wp-json\/wp\/v2\/product\/70393","targetHints":{"allow":["GET"]}}],"collection":[{"href":"https:\/\/skinstudio.ee\/lv\/wp-json\/wp\/v2\/product"}],"about":[{"href":"https:\/\/skinstudio.ee\/lv\/wp-json\/wp\/v2\/types\/product"}],"version-history":[{"count":0,"href":"https:\/\/skinstudio.ee\/lv\/wp-json\/wp\/v2\/product\/70393\/revisions"}],"wp:featuredmedia":[{"embeddable":true,"href":"https:\/\/skinstudio.ee\/lv\/wp-json\/wp\/v2\/media\/70394"}],"wp:attachment":[{"href":"https:\/\/skinstudio.ee\/lv\/wp-json\/wp\/v2\/media?parent=70393"}],"wp:term":[{"taxonomy":"pwb-brand","embeddable":true,"href":"https:\/\/skinstudio.ee\/lv\/wp-json\/wp\/v2\/pwb-brand?post=70393"},{"taxonomy":"product_brand","embeddable":true,"href":"https:\/\/skinstudio.ee\/lv\/wp-json\/wp\/v2\/product_brand?post=70393"},{"taxonomy":"product_cat","embeddable":true,"href":"https:\/\/skinstudio.ee\/lv\/wp-json\/wp\/v2\/product_cat?post=70393"},{"taxonomy":"product_tag","embeddable":true,"href":"https:\/\/skinstudio.ee\/lv\/wp-json\/wp\/v2\/product_tag?post=70393"},{"taxonomy":"giftcard-category","embeddable":true,"href":"https:\/\/skinstudio.ee\/lv\/wp-json\/wp\/v2\/giftcard-category?post=70393"}],"curies":[{"name":"wp","href":"https:\/\/api.w.org\/{rel}","templated":true}]}}