{"id":70403,"date":"2023-08-19T09:50:10","date_gmt":"2023-08-19T09:50:10","guid":{"rendered":"https:\/\/skinstudio.ee\/?post_type=product&#038;p=70403"},"modified":"2025-12-24T12:25:56","modified_gmt":"2025-12-24T12:25:56","slug":"no-show-mineral-sunscreen-spf-50","status":"publish","type":"product","link":"https:\/\/skinstudio.ee\/lv\/catalog\/colorescience-lv\/no-show-mineral-sunscreen-spf-50\/","title":{"rendered":"No-Show\u2122 Mineral Sunscreen SPF 50"},"content":{"rendered":"<p data-start=\"242\" data-end=\"430\">Colorescience No-Show\u2122 Mineral Sunscreen SPF 50 ir piln\u012bb\u0101 miner\u0101ls, caursp\u012bd\u012bgs saules aizsargkr\u0113ms ar augsta l\u012bme\u0146a ikdienas aizsardz\u012bbu bez redzama SPF efekta uz \u0101das.<\/p>\n<p data-start=\"432\" data-end=\"658\">Viegl\u0101, bezsvara tekst\u016bra vienm\u0113r\u012bgi kl\u0101jas, \u0101tri uzs\u016bcas un neatst\u0101j baltas p\u0113das. Formula apvieno patent\u0113tu ne-nano cinka oks\u012bdu ar nomierino\u0161\u0101m un mitrino\u0161\u0101m sast\u0101vda\u013c\u0101m, kas pal\u012bdz saglab\u0101t \u0101du maigu, gludu un komfortablu.<\/p>\n<p data-start=\"660\" data-end=\"930\">Patent\u0113t\u0101 <strong data-start=\"670\" data-end=\"687\">EnviroScreen\u00ae<\/strong> tehnolo\u0123ija nodro\u0161ina pla\u0161a spektra aizsardz\u012bbu pret UVA un UVB starojumu, vides pies\u0101r\u0146ojumu, zilo gaismu un infrasarkano starojumu. Kr\u0113ms nesatur \u0137\u012bmiskos filtrus un ir ide\u0101li piem\u0113rots tiem, kas mekl\u0113 100% miner\u0101lu SPF ar neredzamu fini\u0161u.<\/p>\n<p data-start=\"932\" data-end=\"1086\">L\u012bdzeklis nodro\u0161ina efekt\u012bvu SPF 50 aizsardz\u012bbu ar \u016bdensnotur\u012bbu l\u012bdz 40 min\u016bt\u0113m un vienlaikus uzlabo \u0101das kop\u0113jo izskatu.<br data-start=\"1054\" data-end=\"1057\" \/>Piem\u0113rots visiem \u0101das tipiem.<\/p>\n<p data-start=\"1088\" data-end=\"1106\"><strong data-start=\"1088\" data-end=\"1100\">Tilpums:<\/strong> 50 ml<\/p>\n","protected":false},"excerpt":{"rendered":"<p data-start=\"1412\" data-end=\"1440\">Miner\u0101ls saules aizsargkr\u0113ms<\/p>\n<h2 data-start=\"1442\" data-end=\"1734\"><strong data-start=\"1442\" data-end=\"1522\">\u012apa\u0161\u012bbas COLORESCIENCE &#8211; No-Show\u2122 Mineral Sunscreen SPF 50<\/strong><\/h2>\n<p data-start=\"1442\" data-end=\"1734\">\u2714\ufe0f Nodro\u0161ina neredzamu miner\u0101lu SPF 50 aizsardz\u012bbu<br data-start=\"1575\" data-end=\"1578\" \/>\u2714\ufe0f Aizsarg\u0101 no UVA, UVB un vides ietekmes<br data-start=\"1619\" data-end=\"1622\" \/>\u2714\ufe0f Neatst\u0101j baltas p\u0113das uz \u0101das<br data-start=\"1654\" data-end=\"1657\" \/>\u2714\ufe0f Atbalsta \u0101das komfortu un mitrin\u0101\u0161anu<br data-start=\"1697\" data-end=\"1700\" \/>\u2714\ufe0f Piem\u0113rots ikdienas lieto\u0161anai<\/p>\n","protected":false},"featured_media":70406,"template":"","meta":[],"pwb-brand":[1229],"product_brand":[],"product_cat":[731],"product_tag":[],"giftcard-category":[],"class_list":{"0":"post-70403","1":"product","2":"type-product","3":"status-publish","4":"has-post-thumbnail","6":"pwb-brand-colorescience-lv","7":"product_cat-spf-aizsardziba","9":"first","10":"instock","11":"taxable","12":"shipping-taxable","13":"purchasable","14":"product-type-simple"},"acf":[],"brands":[{"id":1229,"name":"Colorescience","slug":"colorescience-lv"}],"_links":{"self":[{"href":"https:\/\/skinstudio.ee\/lv\/wp-json\/wp\/v2\/product\/70403","targetHints":{"allow":["GET"]}}],"collection":[{"href":"https:\/\/skinstudio.ee\/lv\/wp-json\/wp\/v2\/product"}],"about":[{"href":"https:\/\/skinstudio.ee\/lv\/wp-json\/wp\/v2\/types\/product"}],"version-history":[{"count":0,"href":"https:\/\/skinstudio.ee\/lv\/wp-json\/wp\/v2\/product\/70403\/revisions"}],"wp:featuredmedia":[{"embeddable":true,"href":"https:\/\/skinstudio.ee\/lv\/wp-json\/wp\/v2\/media\/70406"}],"wp:attachment":[{"href":"https:\/\/skinstudio.ee\/lv\/wp-json\/wp\/v2\/media?parent=70403"}],"wp:term":[{"taxonomy":"pwb-brand","embeddable":true,"href":"https:\/\/skinstudio.ee\/lv\/wp-json\/wp\/v2\/pwb-brand?post=70403"},{"taxonomy":"product_brand","embeddable":true,"href":"https:\/\/skinstudio.ee\/lv\/wp-json\/wp\/v2\/product_brand?post=70403"},{"taxonomy":"product_cat","embeddable":true,"href":"https:\/\/skinstudio.ee\/lv\/wp-json\/wp\/v2\/product_cat?post=70403"},{"taxonomy":"product_tag","embeddable":true,"href":"https:\/\/skinstudio.ee\/lv\/wp-json\/wp\/v2\/product_tag?post=70403"},{"taxonomy":"giftcard-category","embeddable":true,"href":"https:\/\/skinstudio.ee\/lv\/wp-json\/wp\/v2\/giftcard-category?post=70403"}],"curies":[{"name":"wp","href":"https:\/\/api.w.org\/{rel}","templated":true}]}}