{"id":70419,"date":"2023-05-24T17:57:05","date_gmt":"2023-05-24T17:57:05","guid":{"rendered":"https:\/\/skinstudio.ee\/?post_type=product&#038;p=70419"},"modified":"2025-12-24T12:25:56","modified_gmt":"2025-12-24T12:25:56","slug":"sunforgettable-brush-on-shield-spf-30","status":"publish","type":"product","link":"https:\/\/skinstudio.ee\/lv\/catalog\/colorescience-lv\/sunforgettable-brush-on-shield-spf-30\/","title":{"rendered":"Sunforgettable\u00ae Brush-On Shield SPF 30"},"content":{"rendered":"<p data-start=\"229\" data-end=\"539\">Colorescience Sunforgettable\u00ae Brush-On Shield SPF 30 ir miner\u0101la saules aizsargp\u016bdere ar ieb\u016bv\u0113tu otu, kas nodro\u0161ina uzticamu aizsardz\u012bbu pret UVA un UVB starojumu gan lietojot atsevi\u0161\u0137i, gan uzkl\u0101jot virs grima. Produkts \u013cauj viegli pabeigt grimu, vienlaikus saglab\u0101jot saules aizsardz\u012bbu visas dienas garum\u0101.<\/p>\n<p data-start=\"541\" data-end=\"883\">Pla\u0161a spektra SPF 30 \/ PA++++ formula balst\u012bta uz 100% fiziskiem miner\u0101lu filtriem un tai ir viegla, bezsvara tekst\u016bra. P\u016bdere vienm\u0113r\u012bgi kl\u0101jas uz \u0101das, to nepadarot smagu un neradot maskas efektu. At\u0161\u0137ir\u012bb\u0101 no daudziem saules aizsargl\u012bdzek\u013ciem, t\u0101 ir pieejama vair\u0101kos to\u0146os, nodro\u0161inot dabisku un neredzamu p\u0101rkl\u0101jumu bez porcel\u0101na b\u0101luma.<\/p>\n<p data-start=\"885\" data-end=\"1127\">Produkts ir \u016bdensiztur\u012bgs l\u012bdz 80 min\u016bt\u0113m un lieliski piem\u0113rots saules aizsardz\u012bbas atjauno\u0161anai dienas laik\u0101. Ieb\u016bv\u0113t\u0101 ota ar antimikrobi\u0101liem sari\u0146iem nodro\u0161ina higi\u0113nisku un \u0113rtu uzkl\u0101\u0161anu jebkur\u0101 situ\u0101cij\u0101.<br data-start=\"1095\" data-end=\"1098\" \/>Piem\u0113rots visiem \u0101das tipiem.<\/p>\n<p data-start=\"1129\" data-end=\"1205\"><strong data-start=\"1129\" data-end=\"1139\">Svars:<\/strong> 4,3 g<br data-start=\"1145\" data-end=\"1148\" \/><strong data-start=\"1148\" data-end=\"1156\">SPF:<\/strong> 30 \/ PA++++<br data-start=\"1168\" data-end=\"1171\" \/><strong data-start=\"1171\" data-end=\"1189\">\u016adensiztur\u012bba:<\/strong> l\u012bdz 80 min\u016bt\u0113m<\/p>\n<p data-start=\"3244\" data-end=\"3258\">\n","protected":false},"excerpt":{"rendered":"<p data-start=\"1873\" data-end=\"1900\">Saules aizsargp\u016bdere ar otu<\/p>\n<h2 data-start=\"1902\" data-end=\"2207\"><strong data-start=\"1902\" data-end=\"1969\">\u012apa\u0161\u012bbas COLORESCIENCE &#8211; Sunforgettable\u00ae Brush-On Shield SPF 30<\/strong><\/h2>\n<p data-start=\"1902\" data-end=\"2207\">\u2714\ufe0f Nodro\u0161ina miner\u0101lu aizsardz\u012bbu pret UVA un UVB<br data-start=\"2021\" data-end=\"2024\" \/>\u2714\ufe0f Uztur saules aizsardz\u012bbu ar\u012b virs grima<br data-start=\"2066\" data-end=\"2069\" \/>\u2714\ufe0f Ir \u016bdens- un sviedru iztur\u012bga<br data-start=\"2101\" data-end=\"2104\" \/>\u2714\ufe0f Atbalsta \u0101das mitrin\u0101\u0161anu un antioksidantu aizsardz\u012bbu<br data-start=\"2161\" data-end=\"2164\" \/>\u2714\ufe0f Nodro\u0161ina higi\u0113nisku un \u0113rtu uzkl\u0101\u0161anu<\/p>\n","protected":false},"featured_media":70420,"template":"","meta":[],"pwb-brand":[1229],"product_brand":[],"product_cat":[770,745,739,731,747],"product_tag":[],"giftcard-category":[],"class_list":{"0":"post-70419","1":"product","2":"type-product","3":"status-publish","4":"has-post-thumbnail","6":"pwb-brand-colorescience-lv","7":"product_cat-grims","8":"product_cat-jutigai-adai","9":"product_cat-sausai-adai","10":"product_cat-spf-aizsardziba","11":"product_cat-taukainai-adai","13":"first","14":"instock","15":"taxable","16":"shipping-taxable","17":"purchasable","18":"product-type-variable"},"acf":[],"brands":[{"id":1229,"name":"Colorescience","slug":"colorescience-lv"}],"_links":{"self":[{"href":"https:\/\/skinstudio.ee\/lv\/wp-json\/wp\/v2\/product\/70419","targetHints":{"allow":["GET"]}}],"collection":[{"href":"https:\/\/skinstudio.ee\/lv\/wp-json\/wp\/v2\/product"}],"about":[{"href":"https:\/\/skinstudio.ee\/lv\/wp-json\/wp\/v2\/types\/product"}],"version-history":[{"count":0,"href":"https:\/\/skinstudio.ee\/lv\/wp-json\/wp\/v2\/product\/70419\/revisions"}],"wp:featuredmedia":[{"embeddable":true,"href":"https:\/\/skinstudio.ee\/lv\/wp-json\/wp\/v2\/media\/70420"}],"wp:attachment":[{"href":"https:\/\/skinstudio.ee\/lv\/wp-json\/wp\/v2\/media?parent=70419"}],"wp:term":[{"taxonomy":"pwb-brand","embeddable":true,"href":"https:\/\/skinstudio.ee\/lv\/wp-json\/wp\/v2\/pwb-brand?post=70419"},{"taxonomy":"product_brand","embeddable":true,"href":"https:\/\/skinstudio.ee\/lv\/wp-json\/wp\/v2\/product_brand?post=70419"},{"taxonomy":"product_cat","embeddable":true,"href":"https:\/\/skinstudio.ee\/lv\/wp-json\/wp\/v2\/product_cat?post=70419"},{"taxonomy":"product_tag","embeddable":true,"href":"https:\/\/skinstudio.ee\/lv\/wp-json\/wp\/v2\/product_tag?post=70419"},{"taxonomy":"giftcard-category","embeddable":true,"href":"https:\/\/skinstudio.ee\/lv\/wp-json\/wp\/v2\/giftcard-category?post=70419"}],"curies":[{"name":"wp","href":"https:\/\/api.w.org\/{rel}","templated":true}]}}