{"id":70437,"date":"2023-05-24T17:57:05","date_gmt":"2023-05-24T17:57:05","guid":{"rendered":"https:\/\/skinstudio.ee\/?post_type=product&#038;p=70437"},"modified":"2025-12-24T12:25:56","modified_gmt":"2025-12-24T12:25:56","slug":"sunforgettable-total-protection-face-shield-matte-spf-50","status":"publish","type":"product","link":"https:\/\/skinstudio.ee\/lv\/catalog\/colorescience-lv\/sunforgettable-total-protection-face-shield-matte-spf-50\/","title":{"rendered":"Sunforgettable Total Protection Face Shield Matte SPF 50"},"content":{"rendered":"<p data-start=\"260\" data-end=\"527\">Colorescience Sunforgettable Total Protection Face Shield Matte SPF 50 ir mat\u0113jo\u0161s sejas saules aizsargkr\u0113ms, kas \u012bpa\u0161i izstr\u0101d\u0101ts taukainai un uz akni tend\u0113tai \u0101dai. Formula efekt\u012bvi absorb\u0113 lieko sebumu, samazina sp\u012bdumu un nodro\u0161ina ilgsto\u0161u mat\u0113tu, svaigu saj\u016btu.<\/p>\n<p data-start=\"529\" data-end=\"831\">Viegl\u0101 tekst\u016bra vienm\u0113r\u012bgi kl\u0101jas uz \u0101das, pal\u012bdz vizu\u0101li samazin\u0101t poru redzam\u012bbu un izl\u012bdzin\u0101t \u0101das virsmu. Produkts ir izstr\u0101d\u0101ts ar patent\u0113to <strong data-start=\"675\" data-end=\"692\">EnviroScreen\u2122<\/strong> tehnolo\u0123iju, kas nodro\u0161ina pla\u0161a spektra aizsardz\u012bbu pret UVA un UVB starojumu, vides pies\u0101r\u0146ojumu, zilo gaismu un infrasarkano starojumu.<\/p>\n<p data-start=\"833\" data-end=\"1165\">100% miner\u0101l\u0101 formula ar patent\u0113t\u0101m sast\u0101vda\u013c\u0101m ir bag\u0101tin\u0101ta ar sp\u0113c\u012bgiem antioksidantiem, kas pal\u012bdz neitraliz\u0113t br\u012bvos radik\u0101\u013cus un atbalsta \u0101das vesel\u012bbu, samazinot priek\u0161laic\u012bgas noveco\u0161an\u0101s risku. Produkts nesatur \u0137\u012bmiskos filtrus un ir piem\u0113rots ikdienas lieto\u0161anai.<br data-start=\"1106\" data-end=\"1109\" \/>Piem\u0113rots taukainai, kombin\u0113tai un aknei pak\u013cautai \u0101dai.<\/p>\n<p data-start=\"1167\" data-end=\"1245\"><strong data-start=\"1167\" data-end=\"1175\">SPF:<\/strong> 50 \/ PA++++<br data-start=\"1187\" data-end=\"1190\" \/><strong data-start=\"1190\" data-end=\"1208\">\u016adensiztur\u012bba:<\/strong> l\u012bdz 40 min\u016bt\u0113m<br data-start=\"1224\" data-end=\"1227\" \/><strong data-start=\"1227\" data-end=\"1239\">Tilpums:<\/strong> 55 ml<\/p>\n","protected":false},"excerpt":{"rendered":"<nav class=\"woocommerce-breadcrumb\">\n<p data-start=\"1577\" data-end=\"1611\">Mat\u0113jo\u0161s sejas saules aizsargkr\u0113ms<\/p>\n<h2 data-start=\"1613\" data-end=\"1927\"><strong data-start=\"1613\" data-end=\"1698\">\u012apa\u0161\u012bbas COLORESCIENCE &#8211; Sunforgettable Total Protection Face Shield Matte SPF 50<\/strong><\/h2>\n<p data-start=\"1613\" data-end=\"1927\">\u2714\ufe0f Nodro\u0161ina pla\u0161a spektra miner\u0101lu SPF 50 aizsardz\u012bbu<br data-start=\"1755\" data-end=\"1758\" \/>\u2714\ufe0f Pal\u012bdz kontrol\u0113t lieko sebumu un sp\u012bdumu<br data-start=\"1801\" data-end=\"1804\" \/>\u2714\ufe0f Samazina poru redzam\u012bbu<br data-start=\"1830\" data-end=\"1833\" \/>\u2714\ufe0f Atbalsta \u0101das antioksidantu aizsardz\u012bbu<br data-start=\"1875\" data-end=\"1878\" \/>\u2714\ufe0f Piem\u0113rots ikdienas lieto\u0161anai taukainai \u0101dai<\/p>\n<\/nav>\n","protected":false},"featured_media":70439,"template":"","meta":[],"pwb-brand":[1229],"product_brand":[],"product_cat":[770,745,749,751,739,731,747],"product_tag":[],"giftcard-category":[],"class_list":{"0":"post-70437","1":"product","2":"type-product","3":"status-publish","4":"has-post-thumbnail","6":"pwb-brand-colorescience-lv","7":"product_cat-grims","8":"product_cat-jutigai-adai","9":"product_cat-novecojosa-ada","10":"product_cat-pigmentacija-lv","11":"product_cat-sausai-adai","12":"product_cat-spf-aizsardziba","13":"product_cat-taukainai-adai","15":"first","16":"instock","17":"taxable","18":"shipping-taxable","19":"purchasable","20":"product-type-simple"},"acf":[],"brands":[{"id":1229,"name":"Colorescience","slug":"colorescience-lv"}],"_links":{"self":[{"href":"https:\/\/skinstudio.ee\/lv\/wp-json\/wp\/v2\/product\/70437","targetHints":{"allow":["GET"]}}],"collection":[{"href":"https:\/\/skinstudio.ee\/lv\/wp-json\/wp\/v2\/product"}],"about":[{"href":"https:\/\/skinstudio.ee\/lv\/wp-json\/wp\/v2\/types\/product"}],"version-history":[{"count":0,"href":"https:\/\/skinstudio.ee\/lv\/wp-json\/wp\/v2\/product\/70437\/revisions"}],"wp:featuredmedia":[{"embeddable":true,"href":"https:\/\/skinstudio.ee\/lv\/wp-json\/wp\/v2\/media\/70439"}],"wp:attachment":[{"href":"https:\/\/skinstudio.ee\/lv\/wp-json\/wp\/v2\/media?parent=70437"}],"wp:term":[{"taxonomy":"pwb-brand","embeddable":true,"href":"https:\/\/skinstudio.ee\/lv\/wp-json\/wp\/v2\/pwb-brand?post=70437"},{"taxonomy":"product_brand","embeddable":true,"href":"https:\/\/skinstudio.ee\/lv\/wp-json\/wp\/v2\/product_brand?post=70437"},{"taxonomy":"product_cat","embeddable":true,"href":"https:\/\/skinstudio.ee\/lv\/wp-json\/wp\/v2\/product_cat?post=70437"},{"taxonomy":"product_tag","embeddable":true,"href":"https:\/\/skinstudio.ee\/lv\/wp-json\/wp\/v2\/product_tag?post=70437"},{"taxonomy":"giftcard-category","embeddable":true,"href":"https:\/\/skinstudio.ee\/lv\/wp-json\/wp\/v2\/giftcard-category?post=70437"}],"curies":[{"name":"wp","href":"https:\/\/api.w.org\/{rel}","templated":true}]}}